{"id":6926,"date":"2022-08-05T06:49:51","date_gmt":"2022-08-05T06:49:51","guid":{"rendered":"http:\/\/lipro.razvija.se\/?post_type=product&#038;p=6926"},"modified":"2022-08-05T06:49:51","modified_gmt":"2022-08-05T06:49:51","slug":"psb%e2%88%9290-3","status":"publish","type":"product","link":"https:\/\/lipro.pro\/it\/product\/psb%e2%88%9290-3\/","title":{"rendered":"PSB\u221290"},"content":{"rendered":"<p>Paletni sistem PSB-90 se pogosto uporablja v suhih in \u010distih okoljih, kjer se zahtevajo vi\u0161ji standardi ISO &#8220;clean room&#8221;.<\/p>\n<p>PSB-90 je primeren za manj\u0161e in la\u017eje tovore ter prena\u0161a skupno do 350 kg ali 1 kg\/cm z enim pogonskim modulom.<\/p>\n","protected":false},"excerpt":{"rendered":"<p>Paletni sistem PSB-90 se pogosto uporablja v suhih in \u010distih okoljih, kjer se zahtevajo vi\u0161ji standardi ISO &#8220;clean room&#8221;. PSB-90 je primeren za manj\u0161e in la\u017eje tovore ter prena\u0161a skupno do 350 kg ali 1 kg\/cm z enim pogonskim modulom.<\/p>\n","protected":false},"featured_media":5731,"parent":0,"template":"","product_category":[],"class_list":["post-6926","product","type-product","status-publish","has-post-thumbnail","hentry"],"acf":[],"_links":{"self":[{"href":"https:\/\/lipro.pro\/it\/wp-json\/wp\/v2\/product\/6926","targetHints":{"allow":["GET"]}}],"collection":[{"href":"https:\/\/lipro.pro\/it\/wp-json\/wp\/v2\/product"}],"about":[{"href":"https:\/\/lipro.pro\/it\/wp-json\/wp\/v2\/types\/product"}],"wp:featuredmedia":[{"embeddable":true,"href":"https:\/\/lipro.pro\/it\/wp-json\/wp\/v2\/media\/5731"}],"wp:attachment":[{"href":"https:\/\/lipro.pro\/it\/wp-json\/wp\/v2\/media?parent=6926"}],"wp:term":[{"taxonomy":"product_category","embeddable":true,"href":"https:\/\/lipro.pro\/it\/wp-json\/wp\/v2\/product_category?post=6926"}],"curies":[{"name":"wp","href":"https:\/\/api.w.org\/{rel}","templated":true}]}}