{"id":6534,"date":"2022-08-04T11:56:29","date_gmt":"2022-08-04T11:56:29","guid":{"rendered":"http:\/\/lipro.razvija.se\/?page_id=6534"},"modified":"2022-08-31T12:05:10","modified_gmt":"2022-08-31T12:05:10","slug":"la-politica-della-privacy-e-la-tutela-dei-dati-personali","status":"publish","type":"page","link":"https:\/\/lipro.pro\/it\/la-politica-della-privacy-e-la-tutela-dei-dati-personali\/","title":{"rendered":"La politica della privacy e la tutela dei dati personali"},"content":{"rendered":"<section class=\"kc-elm kc-css-187856 kc_row\"><div class=\" container\"><div class=\"row\"><div class=\"kc-elm kc-css-626837 column col-lg-8\"><div class=\"kc-col-container\"><div class=\"kc-elm kc-css-569164 kc_text_block\"><\/p>\n<p>Ai fini di queste informazioni legali, il termine sito web definisce tutte le pagine internet presenti sul sito <a href=\"https:\/\/www.lipro.pro\/\">www.lipro.pro<\/a>\u00a0(nel prosieguo: sito web). I diritti d\u2019autore per tutte le opere autoriali incluse in qualunque modo nel sito web sono di propriet\u00e0 della Lipro d.o.o. (nel prosieguo: Lipro). L\u2019utente pu\u00f2 utilizzare i contenuti presenti sul sito web esclusivamente per il proprio uso privato, non a fini commerciali. Qualunque altra forma di utilizzo dei contenuti del sito web (come la copia, la riproduzione, la distribuzione e simili) a fini commerciali \u00e8 vietata.<\/p>\n<p><strong>Limitazione dell\u2019utilizzo delle informazioni e del materiale<\/strong><\/p>\n<p>Le informazioni e il materiale presenti in questo sito web possono essere scaricati dall\u2019utente dal server per il proprio uso personale, domestico; l\u2019utente non ha diritto di modificare le definizioni dei diritti d\u2019autore e di altre informative sui diritti di propriet\u00e0 intellettuale o su altre tipologie di diritti. \u00c8 consentito scaricare e stampare informazioni e materiale al solo scopo di visualizzarli e leggerli per finalit\u00e0 non commerciali. Qualunque altra attivit\u00e0 di copia, distribuzione, ripubblicazione, modifica delle informazioni e del materiale su <a href=\"https:\/\/www.lipro.pro\/\">www.lipro.pro<\/a>\u00a0o il loro invio postale e diffusione in assenza di un permesso scritto \u00e8 vietata. \u00c8 altres\u00ec vietato l\u2019utilizzo di qualunque elemento\u00a0di <a href=\"https:\/\/www.lipro.pro\/\">www.lipro.pro<\/a>\u00a0per qualunque altro scopo diverso dall\u2019utilizzo personale, non commerciale e domestico. La Lipro non risponde per la forma e i contenuti dei siti web collegati in qualunque modo con il sito <a href=\"https:\/\/www.lipro.pro\/\">www.lipro.pro<\/a>. Dopo la visita e l\u2019utilizzo dei siti web collegati, la Lipro declina ogni responsabilit\u00e0 in tutti i casi.<\/p>\n<p><strong>Limitazione di responsabilit\u00e0<\/strong><\/p>\n<p>Sar\u00e0 cura della Lipro mantenere aggiornati e corretti i dati presenti sul sito web. Tuttavia n\u00e9 Lipro n\u00e9 nessun altra persona fisica o giuridica che ha collaborato alla creazione del sito web o partecipa alla sua integrazione non pu\u00f2 essere ritenuta responsabile di danni, perdite economiche o danni non economici che l\u2019utente potrebbe subire in seguito all\u2019utilizzo del sito o all\u2019impossibilit\u00e0 di utilizzarlo. La Lipro si prodigher\u00e0 per garantire il funzionamento ininterrotto del sito, ma non pu\u00f2 essere ritenuta responsabile di danni, perdite economiche o danni non economici che l\u2019utente potrebbe subire in seguito a problemi di funzionamento del sito. La Lipro ha facolt\u00e0 di modificare il sito web in qualunque momento e senza preavviso.<\/p>\n<p><strong>Protezione dei dati personali<\/strong><\/p>\n<p>Siamo consci dell\u2019importanza della tutela dei dati personali, soprattutto perch\u00e9 li utilizziamo per offrire ai nostri visitatori prestazioni e informazioni ottimizzate. La direttiva GDPR approvata dalla UE detta standard elevati che stabiliscono in che modo i vostri dati vengono raccolti e conservati, vi permette di visionarli, cancellarli e molto altro. Ai sensi di legge e della nostra consapevolezza dell\u2019importanza di questa problematica abbiamo preparato un prospetto sulla sicurezza dei vostri dati e sui diritti dell\u2019utente in qualit\u00e0 di proprietario dei dati. Prima di concedere il consenso per la raccolta e il trattamento dei vostri dati personali siete pregati di leggere tale prospetto.<\/p>\n<p><strong>Cosa sono i dati personali<\/strong><\/p>\n<p>I dati personali sono tutti quei dati che si riferiscono a una persona fisica, quindi a un singolo individuo, indipendentemente dalla forma in cui sono espressi. Si tratta di dati che permettono la vostra identificazione: nome, cognome, e-mail ecc. Il gestore dei dati personali sul sito web <a href=\"https:\/\/www.lipro.pro\/\">www.lipro.pro<\/a>\u00a0\u00e8 la Lipro.<\/p>\n<p><strong>Dove conserviamo i vostri dati e per quanto tempo<\/strong><\/p>\n<p>I dati personali inoltrati digitalmente vengono salvati su server appositamente noleggiati presso il fornitore di tali servizi oppure presso aziende i cui strumenti utilizziamo. Per esempio, il fornitore di servizi di posta elettronica salva i dati sui destinatari. I dati personali raccolti vengono salvati fino al momento in cui il cliente ci comunica di non consentire pi\u00f9 la raccolta e il trattamento dei dati personali ossia per il tempo necessario a raggiungere lo scopo per cui essi vengono trattati ossia per soddisfare i requisiti di legge.<\/p>\n<p><strong>Raccolta, trattamento e utilizzo dei dati personali<\/strong><\/p>\n<p>I vostri dati personali vengono da noi raccolti, gestiti e trattati solo per le finalit\u00e0 previste per legge o in base al vostro consenso. I dati raccolti in base a tale consenso sono finalizzati soprattutto a comunicare con voi e migliorare i nostri servizi. Ci impegniamo a non cedere o vendere i vostri dati a terzi se non previa notifica e acquisizione del vostro consenso scritto.<\/p>\n<p><strong>Ritiro del consenso al trattamento dei dati personali<\/strong><\/p>\n<p>Il cliente ha facolt\u00e0 in qualunque momento di ritirare il consenso al trattamento dei dati precedentemente fornito. \u00c8 possibile revocare il diritto per una singola finalit\u00e0 o per tutte le finalit\u00e0 del trattamento dei dati personali al quale il cliente aveva precedentemente acconsentito. La dichiarazione scritta di revoca del consenso all\u2019elaborazione dei dati personali va inviata all\u2019indirizzo: Lipro, oppure per posta elettronica a <a href=\"mailto:info@lipro.si\">info@lipro.si<\/a>. In caso di revoca del consenso al trattamento e raccolta dei dati personali, tutti i dati personali relativi alla richiesta di cancellazione verranno cancellati o esclusi dal trattamento automatico. La revoca del consenso al trattamento dei dati personali non inficia n\u00e9 la legalit\u00e0 del trattamento dei dati personali effettuata prima della revoca n\u00e9 l\u2019uso di tali dati personali per le finalit\u00e0 previste dalla legge.<\/p>\n<p><strong>I vostri diritti nell\u2019ambito della tutela dei dati personali<\/strong><\/p>\n<p><strong>Diritto alla cancellazione\/esclusione<br \/><\/strong>\u00a0Il cliente ha diritto in qualunque momento di chiedere che il gestore corregga o integri i suoi dati personali errati o incompleti. Il cliente pu\u00f2 richiedere in qualunque momento di poter visionare i dati raccolti dal gestore o di cancellarli immediatamente. In caso di correzione, integrazione o cancellazione dei dati personali siamo tenuti a informare immediatamente il cliente interessato dell\u2019avvenuta correzione, integrazione o cancellazione.<\/p>\n<p><strong>Diritto alla limitazione del trattamento dei dati personali<br \/><\/strong>Il cliente ha il diritto di richiedere in qualunque momento di limitare il trattamento dei dati personali qualora risultassero errati, la loro detenzione fosse illegale, cessasse lo scopo del trattamento dei dati o il cliente presentasse ricorso contro la loro detenzione.<\/p>\n<p><strong>Diritto al trasferimento dei dati:\u00a0<\/strong>Il cliente ha facolt\u00e0 di richiedere in qualunque momento che gli vengano inviati i suoi dati da noi trattati. Il cliente pu\u00f2 chiederci in qualunque momento di inoltrare i suoi dati personali da noi trattati a un altro gestore.<\/p>\n<p><strong>Diritto all\u2019obiezione <br \/><\/strong>Ogni utilizzo dei vostri dati personali a fini informativi o promozionali necessita di un vostro consenso esplicito. Qualora riceveste contenuti informativi o commerciali in base al consenso fornito, avete la facolt\u00e0 di revocare in qualunque momento il consenso all\u2019utilizzo dei vostri dati a tale scopo presentando una richiesta scritta.<\/p>\n<p><strong>Diritto di accesso ai vostri dati personali <\/strong><br \/>Il cliente ha facolt\u00e0 di ottenere in qualunque momento una conferma se i suoi dati vengono elaborati, accedere ai propri dati nonch\u00e9 alle seguenti informazioni: finalit\u00e0 del trattamento dei dati, tipologia dei suoi dati, utenti dei suoi dati, periodo previsto di conservazione dei dati personali, fonte dei dati personali.<\/p>\n<p><strong>\u00a0<\/strong><\/p>\n<p><strong>Rischi legati alla tutela dei dati personali<\/strong><\/p>\n<p>Qualora la protezione dei vostri dati personali fosse messa a rischio, vi informeremo al pi\u00f9 presto &#8211; e comunque entro 72 ore dopo la percezione del rischio &#8211; del fatto che la protezione dei vostri dati personali \u00e8 in pericolo, avvisando al contempo gli organi competenti.<\/p>\n<p><strong>Informazioni rilevanti relative al trattamento dei vostri dati personali<\/strong><\/p>\n<p>Ci impegniamo a trattare tutti i dati raccolti soltanto per le finalit\u00e0 di trattamento e gestione dei dati personali elencate ossia ai sensi della Legge sulla tutela dei dati personali e delle altre leggi in materia, nonch\u00e9 ai sensi della Direttiva (UE) 2016\/679 sulla tutela dei singoli individui nell\u2019ambito della protezione dei dati personali (GDPR).<\/p>\n<\/p>\n<p><strong>Di quali cookie fa uso il presente sito?<\/strong><\/p>\n<ol>\n<li><strong> Cookie necessari<\/strong><\/li>\n<\/ol>\n<p>I cookie necessari devono essere continuamente abilitati in modo da poter salvare le vostre impostazioni.<\/p>\n<table width=\"523\">\n<tbody>\n<tr>\n<td width=\"208\">\n<p>Denominazione<\/p>\n<\/td>\n<td width=\"129\">\n<p>Prestatore di servizi<\/p>\n<\/td>\n<td width=\"113\">\n<p>Uso<\/p>\n<\/td>\n<td width=\"73\">\n<p>Durata<\/p>\n<\/td>\n<\/tr>\n<tr>\n<td width=\"208\">\n<p>hideCovidNotice<\/p>\n<\/td>\n<td width=\"129\">\n<p><a href=\"https:\/\/www.lipro.pro\/\">www.lipro.pro<\/a><\/p>\n<\/td>\n<td width=\"113\">\n<p>Salvataggio delle impostazioni di visualizzazione del banner covid.<\/p>\n<\/td>\n<td width=\"73\">\n<p>Svolgimento della sessione<\/p>\n<\/td>\n<\/tr>\n<tr>\n<td width=\"208\">\n<p>wp-wpml_current_language<\/p>\n<\/td>\n<td width=\"129\">\n<p><a href=\"https:\/\/www.lipro.pro\/\">www.lipro.pro<\/a><\/p>\n<\/td>\n<td width=\"113\">\n<p>Salvataggio della selezione della lingua<\/p>\n<\/td>\n<td width=\"73\">\n<p>24 ore<\/p>\n<\/td>\n<\/tr>\n<tr>\n<td width=\"208\">\n<p>moove_gdpr_popup<\/p>\n<\/td>\n<td width=\"129\">\n<p><a href=\"https:\/\/www.lipro.pro\/\">www.lipro.pro<\/a><\/p>\n<\/td>\n<td width=\"113\">\n<\/td>\n<td width=\"73\">\n<p>1 anno<\/p>\n<\/td>\n<\/tr>\n<\/tbody>\n<\/table>\n<p><strong>\u00a0<\/strong><\/p>\n<p><strong>\u00a0<\/strong><\/p>\n<ol start=\"2\">\n<li><strong> Google<\/strong><\/li>\n<\/ol>\n<p>Google utilizza i cookie per salvare le impostazioni preferite dall\u2019utente, la lingua prescelta, il numero di rispondenze e valori mostrati, la presenza di informazioni sulle mappe di Google e molte altre funzionalit\u00e0 e prestazioni di questo gigante del web.<\/p>\n<p><a href=\"https:\/\/policies.google.com\/technologies\/cookies?hl=sl\" target=\"_blank\" rel=\"noopener\">Per saperne di pi\u00f9<\/a><\/p>\n<p><strong>\u00a0<\/strong><\/p>\n<ol start=\"3\">\n<li><strong> Google Analytics<\/strong><\/li>\n<\/ol>\n<p>Google Analytics \u00e8 un servizio di analisi web. Ci offre informazioni sul comportamento degli utenti sul nostro sito, aiutandoci cos\u00ec ad assicurare ai visitatori un\u2019esperienza pi\u00f9 completa, mostrare contenuti rilevanti ecc. Durante l\u2019analisi di questi dati non siamo in grado di riconoscere la vostra identit\u00e0. La durata di questi cookie \u00e8 fino a 2 anni.<\/p>\n<p><strong>Esempio di cookie utilizzati:<\/strong><\/p>\n<table width=\"627\">\n<tbody>\n<tr>\n<td>\n<p>Denominazione<\/p>\n<\/td>\n<td>\n<p>Prestatore di servizi<\/p>\n<\/td>\n<td>\n<p>Uso<\/p>\n<\/td>\n<td>\n<p>Durata<\/p>\n<\/td>\n<\/tr>\n<tr>\n<td>\n<p>_gat_UA-2764728-49<\/p>\n<\/td>\n<td>\n<p>Google Analytics<\/p>\n<\/td>\n<td>\n<p>Il cookie viene usato per limitare il numero di richieste. Se Google Analytics viene aggiunto tramite il Google Tag Manager, questo cookie assume il nome di \u201c_dc_gtm_\u201d.<\/p>\n<\/td>\n<td>\n<p>1 minuto<\/p>\n<\/td>\n<\/tr>\n<tr>\n<td>\n<p>_ga<\/p>\n<\/td>\n<td>\n<p>Google Analytics<\/p>\n<\/td>\n<td>\n<p>Identificazione degli utenti<\/p>\n<\/td>\n<td>\n<p>2 anni<\/p>\n<\/td>\n<\/tr>\n<tr>\n<td>\n<p>_gid<\/p>\n<\/td>\n<td>\n<p>Google Analytics<\/p>\n<\/td>\n<td>\n<p>Identificazione degli utenti<\/p>\n<\/td>\n<td>\n<p>24 ore<\/p>\n<\/td>\n<\/tr>\n<tr>\n<td>\n<p>_gac_<\/p>\n<\/td>\n<td>\n<p>Google Analytics<\/p>\n<\/td>\n<td>\n<p>Contiene i dati della campagna in relazione all\u2019utente.<\/p>\n<\/td>\n<td>\n<p>90 giorni<\/p>\n<\/td>\n<\/tr>\n<\/tbody>\n<\/table>\n<p><a href=\"https:\/\/developers.google.com\/analytics\/devguides\/collection\/gajs\/cookie-usage?hl=en\" target=\"_blank\" rel=\"noopener\">Per saperne di pi\u00f9<\/a><\/p>\n<p><strong>\u00a0<\/strong><\/p>\n<ol start=\"4\">\n<li><strong> YouTube<\/strong><\/li>\n<\/ol>\n<p>Utilizziamo i servizi di YouTube per mostrare dei video, mentre i relativi cookie servono a memorizzare i dati sulle visualizzazioni, salvare le impostazioni utente prescelte, mostrare video rilevanti ecc. La durata di questi cookie pu\u00f2 essere fino a 10 anni.<\/p>\n<table width=\"614\">\n<tbody>\n<tr>\n<td>\n<p>Denominazione<\/p>\n<\/td>\n<td>\n<p>Prestatore di servizi<\/p>\n<\/td>\n<td>\n<p>Uso<\/p>\n<\/td>\n<td>\n<p>Durata<\/p>\n<\/td>\n<\/tr>\n<tr>\n<td>\n<p>PREF<\/p>\n<\/td>\n<td>\n<p>Youtube<\/p>\n<\/td>\n<td>\n<p>Cooklie per il salvataggio delle impostazioni<\/p>\n<\/td>\n<td>\n<p>10 anni<\/p>\n<\/td>\n<\/tr>\n<tr>\n<td>\n<p>VISITOR_INFO1_LIVE<\/p>\n<\/td>\n<td>\n<p>Youtube<\/p>\n<\/td>\n<td>\n<p>Cookie, con il quale YouTube misura la qualit\u00e0 del vostro collegamento a internet.<\/p>\n<\/td>\n<td>\n<p>8 mesi<\/p>\n<\/td>\n<\/tr>\n<tr>\n<td>\n<p>YSC<\/p>\n<\/td>\n<td>\n<p>Youtube<\/p>\n<\/td>\n<td>\n<p>Il cookie viene installato da YouTube in modalit\u00e0 \u201cembedded video\u201d.<\/p>\n<\/td>\n<td>\n<p>Svolgimento della sessione<\/p>\n<\/td>\n<\/tr>\n<\/tbody>\n<\/table>\n<p><strong>\u00a0<\/strong><\/p>\n<p><strong>\u00a0<\/strong><\/p>\n<p><strong>Come potete gestire o cancellare i cookie?<\/strong><\/p>\n<p>Non utilizzeremo i cookie per raccogliere i vostri dati identificativi personali. Tuttavia, potete modificare le impostazioni relative all\u2019uso dei cookie anche nel browser del vostro computer o dispositivo mobile. La maggior parte dei browser moderni permette di accettare o rifiutare tutti i cookie o solo una parte di essi oppure impostare un avviso che vi informa che la pagina desidera salvare un cookie sul vostro dispositivo. Potete anche cancellare i cookie gi\u00e0 salvati dal browser sul vostro dispositivo. Vi informiamo che in caso di disattivazione dei cookie alcune funzionalit\u00e0 dei siti potrebbero non essere disponibili o ugualmente efficaci; l\u2019avviso sull\u2019utilizzo dei cookie verr\u00e0 visualizzato a ogni visita; a lungo andare, questo influenzer\u00e0 negativamente la vostra esperienza utente. Il procedimento di modifica delle impostazioni dei cookie \u00e8 diverso in ogni browser. Le relative informazioni sono accessibili tramite la funzione \u201cAiuto\u201d o tramite <a href=\"http:\/\/www.aboutcookies.org\/\" target=\"_blank\" rel=\"noopener\">www.aboutcookies.org<\/a>, che spiega il procedimento in tutti i browser moderni. Oppure potete contattarci per <a href=\"mailto:info@lipro.si\">e-mail<\/a>. I cookie Google Analytics possono essere disattivati anche per mezzo delle istruzioni disponibili su <a href=\"https:\/\/tools.google.com\/dlpage\/gaoptout?hl=en\" target=\"_blank\" rel=\"noopener\">Google Analytics<\/a>\u00a0Ulteriori informazioni sui cookie sono disponibili anche nelle direttive del <a href=\"https:\/\/www.ip-rs.si\/\" target=\"_blank\" rel=\"noopener\">garante per la trasparenza.<\/a><\/p>\n<p><strong>\u00a0<\/strong><\/p>\n<p><strong>Informazioni generali<\/strong><\/p>\n<p>In caso di contenziosi derivanti dall\u2019uso del sito web si applica la legislazione slovena. Per lo scioglimento di eventuali contenziosi \u00e8 competente il foro di Capodistria. Con l\u2019utilizzo del sito web l\u2019utente conferma di aver accettato le condizioni qui descritte e di acconsetirvi.<\/p>\n<p>\n<\/div><\/div><\/div><\/div><\/div><\/section>\n","protected":false},"excerpt":{"rendered":"","protected":false},"author":3,"featured_media":0,"parent":0,"menu_order":0,"comment_status":"closed","ping_status":"closed","template":"","meta":{"_acf_changed":false,"footnotes":""},"class_list":["post-6534","page","type-page","status-publish","hentry"],"acf":[],"_links":{"self":[{"href":"https:\/\/lipro.pro\/it\/wp-json\/wp\/v2\/pages\/6534","targetHints":{"allow":["GET"]}}],"collection":[{"href":"https:\/\/lipro.pro\/it\/wp-json\/wp\/v2\/pages"}],"about":[{"href":"https:\/\/lipro.pro\/it\/wp-json\/wp\/v2\/types\/page"}],"author":[{"embeddable":true,"href":"https:\/\/lipro.pro\/it\/wp-json\/wp\/v2\/users\/3"}],"replies":[{"embeddable":true,"href":"https:\/\/lipro.pro\/it\/wp-json\/wp\/v2\/comments?post=6534"}],"version-history":[{"count":0,"href":"https:\/\/lipro.pro\/it\/wp-json\/wp\/v2\/pages\/6534\/revisions"}],"wp:attachment":[{"href":"https:\/\/lipro.pro\/it\/wp-json\/wp\/v2\/media?parent=6534"}],"curies":[{"name":"wp","href":"https:\/\/api.w.org\/{rel}","templated":true}]}}