{"id":6482,"date":"2022-08-04T07:35:08","date_gmt":"2022-08-04T07:35:08","guid":{"rendered":"http:\/\/lipro.razvija.se\/?page_id=6482"},"modified":"2023-01-06T09:18:04","modified_gmt":"2023-01-06T09:18:04","slug":"i-nostri-traguardi-piu-importanti","status":"publish","type":"page","link":"https:\/\/lipro.pro\/it\/lazienda\/i-nostri-traguardi-piu-importanti\/","title":{"rendered":"I nostri traguardi pi\u00f9 importanti"},"content":{"rendered":"<p><section class=\"kc-elm kc-css-490237 kc_row\"><div class=\" container\"><div class=\"row\"><div class=\"kc-elm kc-css-270917 col-lg-12 column col-12\"><div class=\"kc-col-container\">\n<div class=\"kc-elm kc-css-372644 kc-title-wrap \">\n\n\t<h2 class=\"kc_title\">I nostri traguardi pi\u00f9 importanti<\/h2>\n<\/div>\n<\/div><\/div><\/div><\/div><\/section><section id=\"history\" class=\"kc-elm kc-css-511665 kc_row\"><div class=\" container\"><div class=\"row\"><div class=\"kc-elm kc-css-265523 column col-md-7\"><div class=\"kc-col-container\"><div class=\"kc-elm kc-css-612985 kc_text_block\"><\/p>\n<p>Gli inizi di Lipro risalgono al 1998, quando Albert e Barbara Pribac cominciano a lavorare presso l\u2019azienda di famiglia a Capodistria. In seguito alla crescita dell\u2019attivit\u00e0, si trasferiscono in locali in affitto di dimensioni maggiori sempre situati a Capodistria.<\/p>\n<p>\n<\/div><div class=\"kc-elm kc-css-759757 kc_text_block year\"><\/p>\n<p>1998-2003<\/p>\n<p>\n<\/div><\/div><\/div><\/div><\/div><\/section><section id=\"history\" class=\"kc-elm kc-css-177434 kc_row\"><div class=\" container\"><div class=\"row\"><div class=\"kc-elm kc-css-336569 column col-md-7\"><div class=\"kc-col-container\"><div class=\"kc-elm kc-css-766947 kc_text_block\"><\/p>\n<p>I buoni risultati operativi ottenuti permettono la costruzione di un nuovo capannone dotato di maggiori capacit\u00e0 produttive situato nelle immediate vicinanze. L\u2019azienda progetta e produce il primo sistema trasportatore a catena PCS-90, a cui segue il primo catalogo sul \u201csistema modulare\u201d. Nel 2006, l\u2019azienda si aggiudica il bronzo per il suo programma in occasione della 12<sup>a <\/sup>fiera Terotech-Maintenance di Celje.<\/p>\n<p>\n<\/div><div class=\"kc-elm kc-css-426756 kc_text_block year\"><\/p>\n<p>2004-2007<\/p>\n<p>\n<\/div><\/div><\/div><\/div><\/div><\/section><section id=\"history\" class=\"kc-elm kc-css-417777 kc_row\"><div class=\" container\"><div class=\"row\"><div class=\"kc-elm kc-css-132774 column col-md-7\"><div class=\"kc-col-container\"><div class=\"kc-elm kc-css-525383 kc_text_block\"><\/p>\n<p>L\u2019azienda celebra 10 anni di attivit\u00e0 corredati di grandi successi. Nel 2009, l\u2019azienda pubblica un catalogo dedicato ai trasportatori TB. Lipro sviluppa il sistema di trasporto PS-Solar, le guide a rulli PSR 50\/60 e un sistema modulare tubolare che vince l\u2019argento alla 16<sup>a <\/sup>fiera Terotech-Maintenance di Celje. Successivamente, pubblica il catalogo sui sistemi di trasporto.<\/p>\n<p>\n<\/div><div class=\"kc-elm kc-css-113389 kc_text_block year\"><\/p>\n<p>2008-2013<\/p>\n<p>\n<\/div><\/div><\/div><\/div><\/div><\/section><section id=\"history\" class=\"kc-elm kc-css-510437 kc_row\"><div class=\" container\"><div class=\"row\"><div class=\"kc-elm kc-css-94240 column col-md-7\"><div class=\"kc-col-container\"><div class=\"kc-elm kc-css-724025 kc_text_block\"><\/p>\n<p>A gennaio 2014, l\u2019azienda si trasferisce in una nuova sede a Dekani, che permette di migliorare le condizioni lavorative del personale. Nel 2018, l\u2019azienda investe in strutture di stoccaggio pi\u00f9 grandi allo scopo di fornire servizi di qualit\u00e0 a clienti nuovi ed esistenti in maniera pi\u00f9 rapida.<\/p>\n<p>\n<\/div><div class=\"kc-elm kc-css-875496 kc_text_block year\"><\/p>\n<p>2014-2018<\/p>\n<p>\n<\/div><\/div><\/div><\/div><\/div><\/section><section id=\"history\" class=\"kc-elm kc-css-151150 kc_row\"><div class=\" container\"><div class=\"row\"><div class=\"kc-elm kc-css-236499 column col-md-7\"><div class=\"kc-col-container\"><div class=\"kc-elm kc-css-858671 kc_text_block\"><\/p>\n<p>Nel 2019, l\u2019azienda inizia a integrare il suo programma di trasferimento della successione nel quale delinea chiaramente i suoi piani futuri. Nel 2020, l\u2019azienda ottiene due importanti certificazioni: ISO 9001 e ISO 14001. Nel 2021, investe ulteriormente in nuove aree per soddisfare le sue esigenze di sviluppo ed espansione.<\/p>\n<p>\n<\/div><div class=\"kc-elm kc-css-145390 kc_text_block year\"><\/p>\n<p>2019-2022<\/p>\n<p>\n<\/div><\/div><\/div><\/div><\/div><\/section><\/p>\n","protected":false},"excerpt":{"rendered":"<p>Gli inizi di Lipro risalgono al 1998, quando Albert e Barbara Pribac cominciano a lavorare presso l\u2019azienda di famiglia a Capodistria &#8230;<\/p>\n","protected":false},"author":3,"featured_media":6256,"parent":6462,"menu_order":0,"comment_status":"closed","ping_status":"closed","template":"page-templates\/fullwidthpage-main.php","meta":{"_acf_changed":false,"footnotes":""},"class_list":["post-6482","page","type-page","status-publish","has-post-thumbnail","hentry"],"acf":[],"_links":{"self":[{"href":"https:\/\/lipro.pro\/it\/wp-json\/wp\/v2\/pages\/6482","targetHints":{"allow":["GET"]}}],"collection":[{"href":"https:\/\/lipro.pro\/it\/wp-json\/wp\/v2\/pages"}],"about":[{"href":"https:\/\/lipro.pro\/it\/wp-json\/wp\/v2\/types\/page"}],"author":[{"embeddable":true,"href":"https:\/\/lipro.pro\/it\/wp-json\/wp\/v2\/users\/3"}],"replies":[{"embeddable":true,"href":"https:\/\/lipro.pro\/it\/wp-json\/wp\/v2\/comments?post=6482"}],"version-history":[{"count":0,"href":"https:\/\/lipro.pro\/it\/wp-json\/wp\/v2\/pages\/6482\/revisions"}],"up":[{"embeddable":true,"href":"https:\/\/lipro.pro\/it\/wp-json\/wp\/v2\/pages\/6462"}],"wp:featuredmedia":[{"embeddable":true,"href":"https:\/\/lipro.pro\/it\/wp-json\/wp\/v2\/media\/6256"}],"wp:attachment":[{"href":"https:\/\/lipro.pro\/it\/wp-json\/wp\/v2\/media?parent=6482"}],"curies":[{"name":"wp","href":"https:\/\/api.w.org\/{rel}","templated":true}]}}