{"id":6462,"date":"2022-08-04T07:20:41","date_gmt":"2022-08-04T07:20:41","guid":{"rendered":"http:\/\/lipro.razvija.se\/?page_id=6462"},"modified":"2024-01-19T10:33:17","modified_gmt":"2024-01-19T10:33:17","slug":"lazienda","status":"publish","type":"page","link":"https:\/\/lipro.pro\/it\/lazienda\/","title":{"rendered":"L\u2019azienda"},"content":{"rendered":"<p><section id=\"fluid-100\" class=\"kc-elm kc-css-483460 kc_row\"><div class=\" container-fluid\"><div class=\"row\"><div class=\"kc-elm kc-css-816143 column col-md-5\"><div class=\"kc-col-container\"><div class=\"kc-elm kc-css-525576 kc_text_block pb-2\"><\/p>\n<p>I cambiamenti nei mercati, i trend globali e il desiderio di trasferire la conduzione dell\u2019azienda alla giovane generazione ci hanno spinto a preparare la nuova strategia di Lipro d.o.o. fino al 2024. La strategia intende fornire le direttive propedeutiche al nostro ulteriore sviluppo, per rispondere alle attuali sfide e alle modifiche in corso nel nostro ambito commerciale.<\/p>\n<p>\n<\/div><div class=\"kc-elm kc-css-598019 kc_text_block\"><\/p>\n<p>Nonostante i cambiamenti affrontati, restiamo fedeli alla nostra missione di migliorare e semplificare i sistemi di trasporto, offrendo grazie all\u2019impegno dei nostri collaboratori delle soluzioni professionali a misura del cliente.\u00a0 Continueremo inoltre a impegnarci per creare un valore per i dipendenti, i partner commerciali e il territorio, stimolando al contempo il lavoro di squadra e una comunicazione aperta tra i collaboratori. Con il nostro esempio vorremmo diffondere la cultura della collaborazione, del rispetto e della responsabilit\u00e0 tra tutti i collaboratori della Lipro d.o.o.<\/p>\n<p>L\u2019ambiente di lavoro e le attuali potenzialit\u00e0 di sviluppo dimostrano che la Lipro d.o.o. \u00e8 in grado di crescere in futuro e consolidare la sua posizione sul mercato. La situazione finanziaria stabile, l\u2019impegno dei collaboratori, l\u2019attrezzatura moderna, l\u2019attivit\u00e0 di sviluppo e innovazione e la conoscenza dei processi commerciali sono, per i vertici dell\u2019azienda, degli elementi di vantaggio e concorrenzialit\u00e0 su cui la Lipro d.o.o. pu\u00f2 basare il proprio futuro. Il piano strategico rivela in modo fondato e reale il futuro percorso di sviluppo della Lipro d.o.o., che intende affermarsi come la scelta migliore per le aziende in cerca di soluzioni di automazione della produzione innovative, ecologiche e di elevata qualit\u00e0, sia nell\u2019UE che altrove.<\/p>\n<p>\n<\/div><\/div><\/div><\/div><\/div><\/section><section id=\"fluid-100\" class=\"kc-elm kc-css-723025 kc_row\"><div class=\" container-fluid\"><div class=\"row\"><div class=\"kc-elm kc-css-314366 column col-md-5\"><div class=\"kc-col-container\">\n<div class=\"kc-elm kc-css-281628 kc-title-wrap \">\n\n\t<h3 class=\"kc_title pb-2\">Pogled v prihodnost \u2013 zaveza vodstva<\/h3>\n<\/div>\n<div class=\"kc-elm kc-css-944130 kc_text_block pb-2\"><\/p>\n<p>Spremenjena razmere na trgu, globalni trendi in \u017eelja po prenosu vodenja in upravljanja podjetja na mlaj\u0161o generacijo, so nas spodbudili, da smo za\u010deli pripravljati novo strategijo Lipra d.o.o. do leta 2024. Strategija bo podala ustrezne usmeritve za na\u0161 nadaljnji razvoj kot odgovor na aktualne izzive \u010dasa in spremembe, ki se dogajajo v na\u0161em poslovnem okolju.<\/p>\n<p>Kljub spremembam v okolju <strong>ostajamo zavezani na\u0161emu poslanstvu, <\/strong>da izbolj\u0161ujemo in poenostavljamo\u00a0 transportne sisteme ter z zavzetimi sodelavci zagotavljamo profesionalne re\u0161itve po meri naro\u010dnika.\u00a0 Prav tako si bomo \u0161e naprej prizadevali za trajno <strong>ustvarjanje vrednosti za zaposlene, poslovne partnerje in lokalno okolje<\/strong>. Spodbujali bomo timsko delo in odprto interno komunikacijo. Klju\u010dnega pomena je, da z zgledom \u0161irimo kulturo sodelovanja, spo\u0161tovanja in prevzemanja odgovornosti med vsemi sodelavkami in sodelavci v Lipro d.o.o.\u00a0<\/p>\n<p>Notranje okolje in trenutne razvojne zmo\u017enosti ka\u017eejo na to, da je Lipro d.o.o. v prihodnjem obdobju sposoben rasti, ter s tem utrditi in ohraniti svoj polo\u017eaj na trgu. Stabilen finan\u010dni polo\u017eaj, zavzeti sodelavci, sodobna oprema, razvojna usmerjenost in inovativnost ter obvladovanje poslovnih procesov, so po mnenju vodstva viri konkuren\u010dne prednosti, na katerih lahko Lipro d.o.o. gradi svojo prihodnost. Strate\u0161ki na\u010drt strokovno utemeljeno in realno prikazuje prihodnjo razvojno pot Lipra d.o.o. do najbolj\u0161e izbire izbira za podjetja, ki \u017eelijo inovativne, kakovostne in okolju prijazne re\u0161itve v avtomatizaciji proizvodnje tako v EU kot tudi \u0161ir\u0161e.<\/p>\n<p>\n<\/div><\/div><\/div><\/div><\/div><\/section><section data-kc-equalheight=\"true\" data-kc-equalheight-align=\"middle\" data-kc-fullwidth=\"content\" class=\"kc-elm kc-css-823796 kc_row company-right\"><div class=\" container-fluid\"><div class=\"row\"><div class=\"kc-elm kc-css-971401 col-lg-6 column d-flex justify-content-end order-2 order-md-1\"><div class=\"left-box mt-3 mt-md-0 kc-col-container\">\n<div class=\"kc-elm kc-css-678486 kc-title-wrap \">\n\n\t<h2 class=\"kc_title\">Visione e missione<\/h2>\n<\/div>\n<div class=\"kc-elm kc-css-116540 kc_text_block\"><\/p>\n<p>La visione<\/p>\n<p>Intendiamo diventare la scelta migliore per le aziende n cerca di soluzioni di automazione della produzione innovative, ecologiche e di elevata qualit\u00e0. Per raggiungere questo obiettivo, intendiamo affidarci alla digitalizzazione dei procedimenti commerciali, alla sostenibilit\u00e0 della nostra produzione e alla ricerca di nuovi partenariati.<\/p>\n<p>\n<\/div><div class=\"kc-elm kc-css-190321 kc_text_block\"><\/p>\n<p>La missione<\/p>\n<p>Miglioriamo e semplifichiamo i sistemi di trasporto e le strutture flessibili nell\u2019automazione. Grazie all\u2019impegno dei nostri collaboratori offriamo delle soluzioni professionali a misura del cliente.<\/p>\n<p>\n<\/div><\/div><\/div><div class=\"kc-elm kc-css-536290 col-lg-6 column order-1 order-md-2 p-0\"><div class=\"kc-col-container\"><div class=\"kc-elm kc-css-211390 kc_shortcode kc_single_image\">\n\n        <img decoding=\"async\" src=\"https:\/\/lipro.pro\/wp-content\/uploads\/2022\/01\/cpn.png\" class=\"\" alt=\"\" title=\"\">    <\/div>\n<\/div><\/div><\/div><\/div><\/section><section data-kc-equalheight=\"true\" data-kc-equalheight-align=\"middle\" data-kc-fullwidth=\"content\" class=\"kc-elm kc-css-921850 kc_row company-right\"><div class=\" container-fluid\"><div class=\"row\"><div class=\"kc-elm kc-css-792957 col-lg-6 column d-flex justify-content-end order-2 order-md-1 mobile-blue\"><div class=\"left-box mt-3 mt-md-0 kc-col-container\">\n<div class=\"kc-elm kc-css-668636 kc-title-wrap \">\n\n\t<h2 class=\"kc_title\">Local going Global<\/h2>\n<\/div>\n<div class=\"kc-elm kc-css-917959 kc_text_block\"><\/p>\n<p>Napisati katerim nakupom in kupcem je namenjana eTrgovina in da kupci, ki \u017eelijo kupiti npr. 5 matic, to opravijo v eTrgovini in ne na korpo sajtu<\/p>\n<p>\n<\/div><div class=\"kc-elm kc-css-120379 kc_text_block\"><\/p>\n<p>Lipro d.o.o.<br \/>Dekani 20 A, 6271 Dekani, Slovenija<\/p>\n<p>t: <a class=\"font-weight-normal\" href=\"tel:00386 05 625 13 43\">00386 05 625 13 43<\/a><br \/>e: <a class=\"font-weight-normal\" href=\"mailto:info@lipro.si\">info@lipro.si<\/a><\/p>\n<p>ID DDV: SI4714948<br \/>M\u0160: 1318047<\/p>\n<p>\n<\/div><\/div><\/div><div class=\"kc-elm kc-css-663646 col-lg-6 column order-1 order-md-2 p-0\"><div class=\"kc-col-container\"><div class=\"kc-elm kc-css-226897 kc_shortcode kc_single_image blue-left\">\n\n        <img decoding=\"async\" src=\"https:\/\/lipro.pro\/wp-content\/uploads\/2022\/01\/Mask-Group-14.png\" class=\"\" alt=\"\" title=\"\">    <\/div>\n<\/div><\/div><\/div><\/div><\/section><section data-kc-equalheight=\"true\" data-kc-equalheight-align=\"middle\" data-kc-fullwidth=\"content\" class=\"kc-elm kc-css-896762 kc_row company-right\"><div class=\" container-fluid\"><div class=\"row\"><div class=\"kc-elm kc-css-900522 col-lg-6 column d-flex justify-content-end order-2 order-md-1 mobile-blue\"><div class=\"left-box mt-3 mt-md-0 kc-col-container\"><div class=\"kc-elm kc-css-419388 kc_text_block\"><\/p>\n<p>Lipro d.o.o.<br \/>Dekani 20 A, 6271 Dekani, Slovenia<\/p>\n<p>t: 00386 05 625 13 43<br \/>e: <a class=\"font-weight-normal\" href=\"mailto:info@lipro.si\"><b>info@lipro.si<\/b><\/a><\/p>\n<p>IVA: SI4714948<br \/>N. di matricola: 1318047<\/p>\n<p>\n<\/div><\/div><\/div><div class=\"kc-elm kc-css-552216 col-lg-6 column order-1 order-md-2 p-0\"><div class=\"kc-col-container\"><div class=\"kc-elm kc-css-857350 kc_shortcode kc_single_image blue-left\">\n\n        <img decoding=\"async\" src=\"https:\/\/lipro.pro\/wp-content\/uploads\/2022\/01\/Mask-Group-14.png\" class=\"\" alt=\"\" title=\"\">    <\/div>\n<\/div><\/div><\/div><\/div><\/section><section class=\"kc-elm kc-css-192919 kc_row\"><div class=\" container\"><div class=\"row\"><\/div><\/div><\/section><section id=\"bg-right\" class=\"kc-elm kc-css-678287 kc_row\"><div class=\" container  buttons-section\"><div class=\"row\"><div class=\"kc-elm kc-css-539942 column col-12 col-md-8\"><div class=\"kc-col-container\">\n<div class=\"kc-elm kc-css-382762 kc-title-wrap \">\n\n\t<h2 class=\"kc_title\">Il tuo partner ideale<\/h2>\n<\/div>\n<div class=\"kc-elm kc-css-883471 kc_text_block\"><\/p>\n<p>Il successo della nostra azienda dipende anche dalla qualit\u00e0 dei nostri fornitori, ed \u00e8 per questo motivo che ci impegniamo a garantire ai clienti finali prodotti di qualit\u00e0 partendo dalle materie prime utilizzate.<\/p>\n<p>\n<\/div><div class=\"div-wrapper kc-elm kc-css-916055 button-wrapper\">\n<div class=\"kc-elm kc-css-531709\">\n\t<a class=\"kc_button yellow-underline text-light\" href=\"https:\/\/lipro.pro\/it\/richieste\/?type=collabora-con-noi-come-fornitore#contact\" target=\"_self\" title=\"\" onclick=\"\">\n\t\tDiventa nostro fornitore\t<\/a>\n<\/div>\n<\/div><\/div><\/div><\/div><\/div><\/section><section id=\"history\" class=\"kc-elm kc-css-130413 kc_row\"><div class=\" container\"><div class=\"row\"><div class=\"kc-elm kc-css-712305 column col-md-7\"><div class=\"kc-col-container\">\n<div class=\"kc-elm kc-css-449722 kc-title-wrap \">\n\n\t<h2 class=\"kc_title\">I nostri traguardi pi\u00f9 importanti<\/h2>\n<\/div>\n<div class=\"kc-elm kc-css-440731 kc_text_block\"><\/p>\n<p>Gli inizi di Lipro risalgono al 1998, quando Albert e Barbara Pribac cominciano a lavorare presso l\u2019azienda di famiglia a Capodistria. In seguito alla crescita dell\u2019attivit\u00e0, si trasferiscono in locali in affitto di dimensioni maggiori sempre situati a Capodistria.<\/p>\n<p>\n<\/div>\n<div class=\"kc-elm kc-css-569019\">\n\t<a class=\"kc_button yellow-underline\" href=\"https:\/\/lipro.pro\/it\/lazienda\/i-nostri-traguardi-piu-importanti\/\" target=\"_self\" title=\"Pomembni mejniki v zgodovini\" onclick=\"\">\n\t\tLeggi di pi\u00f9\t<\/a>\n<\/div>\n<div class=\"kc-elm kc-css-11253 kc_text_block year\"><\/p>\n<p>1998<\/p>\n<p>\n<\/div><\/div><\/div><\/div><\/div><\/section><section id=\"bg-right\" class=\"kc-elm kc-css-128651 kc_row\"><div class=\" container\"><div class=\"row\"><div class=\"kc-elm kc-css-128484 column col-12 col-md-8\"><div class=\"kc-col-container\">\n<div class=\"kc-elm kc-css-418843 kc-title-wrap \">\n\n\t<h2 class=\"kc_title\">Iscrizione nel database dei candidati in cerca di occupazione<\/h2>\n<\/div>\n<div class=\"kc-elm kc-css-770380 kc_text_block\"><\/p>\n<p>Se attualmente non ci sono posti vacanti o i posti disponibili non coincidono con il tuo profilo, puoi comunque presentarti tramite una candidatura aperta.<\/p>\n<p>Sarai inserito nel nostro database e contattato quando saremo alla ricerca di nuovi collaboratori.<\/p>\n<p>\n<\/div>\n<div class=\"kc-elm kc-css-968941\">\n\t<a class=\"kc_button yellow-underline text-light font-weight-bold\" href=\"https:\/\/lipro.pro\/it\/richieste\/?type=iscrizione-database-candidati-in-cerca-di-occupazione#contact\" target=\"_self\" title=\"\" onclick=\"\">\n\t\tInvia la tua richiesta e il CV\t<\/a>\n<\/div>\n<\/div><\/div><\/div><\/div><\/section><\/p>\n","protected":false},"excerpt":{"rendered":"<p>Uno sguardo al futuro, per rimanere in prima linea<\/p>\n","protected":false},"author":3,"featured_media":4060,"parent":0,"menu_order":0,"comment_status":"closed","ping_status":"closed","template":"page-templates\/fullwidthpage-main.php","meta":{"_acf_changed":false,"footnotes":""},"class_list":["post-6462","page","type-page","status-publish","has-post-thumbnail","hentry"],"acf":[],"_links":{"self":[{"href":"https:\/\/lipro.pro\/it\/wp-json\/wp\/v2\/pages\/6462","targetHints":{"allow":["GET"]}}],"collection":[{"href":"https:\/\/lipro.pro\/it\/wp-json\/wp\/v2\/pages"}],"about":[{"href":"https:\/\/lipro.pro\/it\/wp-json\/wp\/v2\/types\/page"}],"author":[{"embeddable":true,"href":"https:\/\/lipro.pro\/it\/wp-json\/wp\/v2\/users\/3"}],"replies":[{"embeddable":true,"href":"https:\/\/lipro.pro\/it\/wp-json\/wp\/v2\/comments?post=6462"}],"version-history":[{"count":0,"href":"https:\/\/lipro.pro\/it\/wp-json\/wp\/v2\/pages\/6462\/revisions"}],"wp:featuredmedia":[{"embeddable":true,"href":"https:\/\/lipro.pro\/it\/wp-json\/wp\/v2\/media\/4060"}],"wp:attachment":[{"href":"https:\/\/lipro.pro\/it\/wp-json\/wp\/v2\/media?parent=6462"}],"curies":[{"name":"wp","href":"https:\/\/api.w.org\/{rel}","templated":true}]}}