{"id":6377,"date":"2022-08-04T06:59:59","date_gmt":"2022-08-04T06:59:59","guid":{"rendered":"http:\/\/lipro.razvija.se\/?page_id=6377"},"modified":"2024-03-19T11:14:41","modified_gmt":"2024-03-19T11:14:41","slug":"qualita","status":"publish","type":"page","link":"https:\/\/lipro.pro\/it\/qualita\/","title":{"rendered":"Qualit\u00e0"},"content":{"rendered":"<p><section class=\"kc-elm kc-css-406075 kc_row\"><div class=\" container\"><div class=\"row\"><div class=\"kc-elm kc-css-286186 col-lg-12 column col-12\"><div class=\"kc-col-container\">\n<div class=\"kc-elm kc-css-213071 kc-title-wrap \">\n\n\t<h2 class=\"kc_title\">Qualit\u00e0<\/h2>\n<\/div>\n<div class=\"kc-elm kc-css-330426 row\"><div class=\"kc-elm kc-css-877646 col-12 col-lg-8 column_inner\"><div class=\"kc_wrapper kc-col-inner-container\"><div class=\"kc-elm kc-css-934795 kc_text_block\"><\/p>\n<p>La soddisfazione dei clienti \u00e8 il nostro obiettivo principale, perci\u00f2 provvediamo ad assicurare e migliorare la qualit\u00e0 con vari metodi e applicazioni.<\/p>\n<p>Per assicurare la massima qualit\u00e0 del prodotto \u00e8 fondamentale la coesione di tutte le aree, da quelle operative a quelle tecniche. I nostri fornitori e i dipendenti sono affidabili e fanno s\u00ec che i nostri prodotti rispettino i pi\u00f9 elevati standard qualitativi.<\/p>\n<p>L\u2019assicurazione degli standard dei servizi \u00e8 fondamentale per noi; per questo la Lipro ha acquisito e mantenuto lo standard ISO 9001.<\/p>\n<p>\n<\/div><\/div><\/div><div class=\"kc-elm kc-css-712073 col-12 col-lg-4 column_inner\"><div class=\"kc_wrapper kc-col-inner-container\"><div class=\"kc-elm kc-css-303767 kc_shortcode kc_single_image\">\n\n        <a rel=\"prettyPhoto\" class=\"kc-pretty-photo\" href=\"https:\/\/lipro.pro\/wp-content\/uploads\/2023\/07\/ISO-9001-ANG-pdf.jpg\" title=\"\" target=\"\">\n        <img decoding=\"async\" src=\"https:\/\/lipro.pro\/wp-content\/uploads\/2023\/07\/ISO-9001-ANG-pdf.jpg\" class=\"\" alt=\"\" title=\"\">    <\/a>\n    <\/div>\n<\/div><\/div><\/div><\/div><\/div><\/div><\/div><\/section><section class=\"kc-elm kc-css-397363 kc_row\"><div class=\" container\"><div class=\"row\"><div class=\"kc-elm kc-css-670348 col-lg-12 column col-12\"><div class=\"kc-col-container\">\n<div class=\"kc-elm kc-css-799493 kc-title-wrap \">\n\n\t<h2 class=\"kc_title\">Ambiente<\/h2>\n<\/div>\n<div class=\"kc-elm kc-css-128637 row\"><div class=\"kc-elm kc-css-222948 col-12 col-lg-8 column_inner\"><div class=\"kc_wrapper kc-col-inner-container\"><div class=\"kc-elm kc-css-356979 kc_text_block\"><\/p>\n<p>Alla Lipro siamo consapevoli dell\u2019importanza del rispetto dell\u2019ambiente, perci\u00f2 ci prodighiamo per ridurre l\u2019impatto ambientale con nuovi processi produttivi.<\/p>\n<p>Ogni giorno tentiamo di effettuare migliorie sotto l\u2019aspetto ambientale, poich\u00e9 la Lipro rappresenta quella parte della societ\u00e0 che vuole lasciare alle generazioni future un ambiente pulito e sano.<\/p>\n<p>Grazie ai nostri principi ambientali abbiamo acquisito lo standard ISO 14001!<\/p>\n<p>\n<\/div><\/div><\/div><div class=\"kc-elm kc-css-801650 col-12 col-lg-4 column_inner\"><div class=\"kc_wrapper kc-col-inner-container\"><div class=\"kc-elm kc-css-52881 kc_shortcode kc_single_image\">\n\n        <a rel=\"prettyPhoto\" class=\"kc-pretty-photo\" href=\"https:\/\/lipro.pro\/wp-content\/uploads\/2023\/07\/ISO-14001-ANG-pdf.jpg\" title=\"\" target=\"\">\n        <img decoding=\"async\" src=\"https:\/\/lipro.pro\/wp-content\/uploads\/2023\/07\/ISO-14001-ANG-pdf.jpg\" class=\"\" alt=\"\" title=\"\">    <\/a>\n    <\/div>\n<\/div><\/div><\/div><\/div><\/div><\/div><\/div><\/section><section class=\"kc-elm kc-css-705815 kc_row\"><div class=\" container\"><div class=\"row\"><div class=\"kc-elm kc-css-129700 col-lg-12 column col-12\"><div class=\"kc-col-container\">\n<div class=\"kc-elm kc-css-808012 kc-title-wrap \">\n\n\t<h2 class=\"kc_title\">I valori chiave della Lipro<\/h2>\n<\/div>\n<div class=\"kc-elm kc-css-138922 kc_text_block\"><\/p>\n<p>\n<\/div><div class=\"kc-elm kc-css-209889 row\"><div class=\"kc-elm kc-css-600460 col-12 col-lg-12 column_inner\"><div class=\"kc_wrapper kc-col-inner-container\"><div class=\"kc-elm kc-css-838086 kc_shortcode kc_single_image\">\n\n        <img decoding=\"async\" src=\"https:\/\/lipro.pro\/wp-content\/uploads\/2024\/03\/Vrednote-IT-2.jpg\" class=\"\" alt=\"\" title=\"\">    <\/div>\n<\/div><\/div><\/div><\/div><\/div><\/div><\/div><\/section><section class=\"kc-elm kc-css-768323 kc_row\"><div class=\" container\"><div class=\"row\"><div class=\"kc-elm kc-css-897727 col-lg-8 column col-12\"><div class=\"kc-col-container\"><div class=\"kc-elm kc-css-809030 row\"><div class=\"kc-elm kc-css-175081 col-12 col-lg-12 column_inner\"><div class=\"kc_wrapper kc-col-inner-container\"><div class=\"kc-elm kc-css-517221 kc_text_block\"><\/p>\n<p>Zadovoljstvo strank je na\u0161 najve\u010dji cilj zato z razli\u010dnim prijemi ter aplikacijami zagotavljamo ter izbolj\u0161ujemo kakovost.<\/p>\n<p>Za najbolj\u0161o kakovost izdelka je klju\u010dnega pomena povezanost vseh podro\u010dji od operativnih do tehni\u010dnih. Na\u0161i skrbni dobavitelji ter predani zaposleni skrbijo ,da na\u0161i izdelki predstavljajo najvi\u0161ji standard kakovosti.<\/p>\n<p>Zavezanost kakovosti izdelkov ter storitev je v podjetju Lipro zelo pomembno zato smo tudi pridobil ter vzdr\u017eujemo standard ISO 9001!<\/p>\n<p>\n<\/div><\/div><\/div><\/div><\/div><\/div><div class=\"kc-elm kc-css-387889 col-lg-4 column col-12\"><div class=\"kc-col-container\"><div class=\"kc-elm kc-css-389672 row\"><div class=\"kc-elm kc-css-641827 col-12 col-lg-12 column_inner\"><div class=\"kc_wrapper kc-col-inner-container\"><div class=\"kc-elm kc-css-121237 kc_shortcode kc_single_image\">\n\n        <img decoding=\"async\" src=\"https:\/\/lipro.pro\/wp-content\/uploads\/2022\/02\/ISO-SLO-pdf.jpg\" class=\"\" alt=\"\" title=\"\">    <\/div>\n<\/div><\/div><\/div><\/div><\/div><\/div><\/div><\/section><\/p>\n","protected":false},"excerpt":{"rendered":"<p>Fin dal 1998, l\u2019azienda Lipro punta a garantire la migliore qualit\u00e0 dei prodotti e servizi.<\/p>\n","protected":false},"author":3,"featured_media":9153,"parent":0,"menu_order":0,"comment_status":"closed","ping_status":"closed","template":"page-templates\/fullwidthpage-main.php","meta":{"_acf_changed":false,"footnotes":""},"class_list":["post-6377","page","type-page","status-publish","has-post-thumbnail","hentry"],"acf":[],"_links":{"self":[{"href":"https:\/\/lipro.pro\/it\/wp-json\/wp\/v2\/pages\/6377","targetHints":{"allow":["GET"]}}],"collection":[{"href":"https:\/\/lipro.pro\/it\/wp-json\/wp\/v2\/pages"}],"about":[{"href":"https:\/\/lipro.pro\/it\/wp-json\/wp\/v2\/types\/page"}],"author":[{"embeddable":true,"href":"https:\/\/lipro.pro\/it\/wp-json\/wp\/v2\/users\/3"}],"replies":[{"embeddable":true,"href":"https:\/\/lipro.pro\/it\/wp-json\/wp\/v2\/comments?post=6377"}],"version-history":[{"count":0,"href":"https:\/\/lipro.pro\/it\/wp-json\/wp\/v2\/pages\/6377\/revisions"}],"wp:featuredmedia":[{"embeddable":true,"href":"https:\/\/lipro.pro\/it\/wp-json\/wp\/v2\/media\/9153"}],"wp:attachment":[{"href":"https:\/\/lipro.pro\/it\/wp-json\/wp\/v2\/media?parent=6377"}],"curies":[{"name":"wp","href":"https:\/\/api.w.org\/{rel}","templated":true}]}}