{"id":7116,"date":"2022-01-18T13:40:41","date_gmt":"2022-01-18T13:40:41","guid":{"rendered":"http:\/\/lipro.razvija.se\/product\/vozicki\/"},"modified":"2022-08-26T12:23:55","modified_gmt":"2022-08-26T12:23:55","slug":"szallitokocsik","status":"publish","type":"product","link":"https:\/\/lipro.pro\/hu\/product\/szallitokocsik\/","title":{"rendered":"Sz\u00e1ll\u00edt\u00f3kocsik"},"content":{"rendered":"","protected":false},"excerpt":{"rendered":"","protected":false},"featured_media":4975,"parent":0,"template":"","product_category":[106],"class_list":["post-7116","product","type-product","status-publish","has-post-thumbnail","hentry","product_category-modularis-rendszerek"],"acf":[],"_links":{"self":[{"href":"https:\/\/lipro.pro\/hu\/wp-json\/wp\/v2\/product\/7116","targetHints":{"allow":["GET"]}}],"collection":[{"href":"https:\/\/lipro.pro\/hu\/wp-json\/wp\/v2\/product"}],"about":[{"href":"https:\/\/lipro.pro\/hu\/wp-json\/wp\/v2\/types\/product"}],"wp:featuredmedia":[{"embeddable":true,"href":"https:\/\/lipro.pro\/hu\/wp-json\/wp\/v2\/media\/4975"}],"wp:attachment":[{"href":"https:\/\/lipro.pro\/hu\/wp-json\/wp\/v2\/media?parent=7116"}],"wp:term":[{"taxonomy":"product_category","embeddable":true,"href":"https:\/\/lipro.pro\/hu\/wp-json\/wp\/v2\/product_category?post=7116"}],"curies":[{"name":"wp","href":"https:\/\/api.w.org\/{rel}","templated":true}]}}