{"id":7113,"date":"2022-01-18T10:43:56","date_gmt":"2022-01-18T10:43:56","guid":{"rendered":"http:\/\/lipro.razvija.se\/product\/pribor\/"},"modified":"2022-10-17T10:28:11","modified_gmt":"2022-10-17T10:28:11","slug":"tartozekok","status":"publish","type":"product","link":"https:\/\/lipro.pro\/hu\/product\/tartozekok\/","title":{"rendered":"Tartoz\u00e9kok"},"content":{"rendered":"<p>A sz\u00e1ll\u00edt\u00f3szalagok a megrendel\u00e9skor vagy ut\u00f3lagosan k\u00fcl\u00f6nb\u00f6z\u0151 tartoz\u00e9kokkal is felszerelhet\u0151k, mint p\u00e9ld\u00e1ul: talpazat, kieg\u00e9sz\u00edt\u0151 t\u00e1maszt\u00f3tengelyek, \u00e1ll\u00edthat\u00f3 oldalak, v\u00e9gz\u00e1rak, \u00e9rz\u00e9kel\u0151tart\u00f3k, speci\u00e1lis form\u00e1j\u00fa v\u00e1ly\u00fak, darabvezet\u0151k stb.<\/p>\n","protected":false},"excerpt":{"rendered":"<p>A sz\u00e1ll\u00edt\u00f3szalagok a megrendel\u00e9skor vagy ut\u00f3lagosan k\u00fcl\u00f6nb\u00f6z\u0151 tartoz\u00e9kokkal is felszerelhet\u0151k, mint p\u00e9ld\u00e1ul: talpazat, kieg\u00e9sz\u00edt\u0151 t\u00e1maszt\u00f3tengelyek, \u00e1ll\u00edthat\u00f3 oldalak, v\u00e9gz\u00e1rak, \u00e9rz\u00e9kel\u0151tart\u00f3k, speci\u00e1lis form\u00e1j\u00fa v\u00e1ly\u00fak, darabvezet\u0151k stb.<\/p>\n","protected":false},"featured_media":9515,"parent":0,"template":"","product_category":[115],"class_list":["post-7113","product","type-product","status-publish","has-post-thumbnail","hentry","product_category-szallitoszalagok"],"acf":[],"_links":{"self":[{"href":"https:\/\/lipro.pro\/hu\/wp-json\/wp\/v2\/product\/7113","targetHints":{"allow":["GET"]}}],"collection":[{"href":"https:\/\/lipro.pro\/hu\/wp-json\/wp\/v2\/product"}],"about":[{"href":"https:\/\/lipro.pro\/hu\/wp-json\/wp\/v2\/types\/product"}],"wp:featuredmedia":[{"embeddable":true,"href":"https:\/\/lipro.pro\/hu\/wp-json\/wp\/v2\/media\/9515"}],"wp:attachment":[{"href":"https:\/\/lipro.pro\/hu\/wp-json\/wp\/v2\/media?parent=7113"}],"wp:term":[{"taxonomy":"product_category","embeddable":true,"href":"https:\/\/lipro.pro\/hu\/wp-json\/wp\/v2\/product_category?post=7113"}],"curies":[{"name":"wp","href":"https:\/\/api.w.org\/{rel}","templated":true}]}}