{"id":7098,"date":"2022-01-18T10:42:28","date_gmt":"2022-01-18T10:42:28","guid":{"rendered":"http:\/\/lipro.razvija.se\/product\/tbs\/"},"modified":"2024-10-10T10:20:00","modified_gmt":"2024-10-10T10:20:00","slug":"tbs","status":"publish","type":"product","link":"https:\/\/lipro.pro\/hu\/product\/tbs\/","title":{"rendered":"TBS"},"content":{"rendered":"<p>A TBS-csal\u00e1d sz\u00e1ll\u00edt\u00f3szalagjai speci\u00e1lis sz\u00e1ll\u00edt\u00f3szalagok, amelyeket a megrendel\u0151vel egy\u00fcttm\u0171k\u00f6dve fejleszt\u00fcnk ki az egyedi ig\u00e9nyeknek megfelel\u0151en (t\u00f6rt sz\u00e1ll\u00edt\u00f3szalag-forma, speci\u00e1lis rakom\u00e1nyforma, meghat\u00e1rozott sz\u00e1ll\u00edt\u00e1si \u00fatvonal stb.).<\/p>\n","protected":false},"excerpt":{"rendered":"<p>A TBS-csal\u00e1d sz\u00e1ll\u00edt\u00f3szalagjai speci\u00e1lis sz\u00e1ll\u00edt\u00f3szalagok, amelyeket a megrendel\u0151vel egy\u00fcttm\u0171k\u00f6dve fejleszt\u00fcnk ki az egyedi ig\u00e9nyeknek megfelel\u0151en (t\u00f6rt sz\u00e1ll\u00edt\u00f3szalag-forma, speci\u00e1lis rakom\u00e1nyforma, meghat\u00e1rozott sz\u00e1ll\u00edt\u00e1si \u00fatvonal stb.).<\/p>\n","protected":false},"featured_media":9712,"parent":0,"template":"","product_category":[115],"class_list":["post-7098","product","type-product","status-publish","has-post-thumbnail","hentry","product_category-szallitoszalagok"],"acf":[],"_links":{"self":[{"href":"https:\/\/lipro.pro\/hu\/wp-json\/wp\/v2\/product\/7098","targetHints":{"allow":["GET"]}}],"collection":[{"href":"https:\/\/lipro.pro\/hu\/wp-json\/wp\/v2\/product"}],"about":[{"href":"https:\/\/lipro.pro\/hu\/wp-json\/wp\/v2\/types\/product"}],"wp:featuredmedia":[{"embeddable":true,"href":"https:\/\/lipro.pro\/hu\/wp-json\/wp\/v2\/media\/9712"}],"wp:attachment":[{"href":"https:\/\/lipro.pro\/hu\/wp-json\/wp\/v2\/media?parent=7098"}],"wp:term":[{"taxonomy":"product_category","embeddable":true,"href":"https:\/\/lipro.pro\/hu\/wp-json\/wp\/v2\/product_category?post=7098"}],"curies":[{"name":"wp","href":"https:\/\/api.w.org\/{rel}","templated":true}]}}