{"id":7091,"date":"2022-01-18T10:41:44","date_gmt":"2022-01-18T10:41:44","guid":{"rendered":"http:\/\/lipro.razvija.se\/product\/tb90\/"},"modified":"2024-10-10T10:12:52","modified_gmt":"2024-10-10T10:12:52","slug":"tb90","status":"publish","type":"product","link":"https:\/\/lipro.pro\/hu\/product\/tb90\/","title":{"rendered":"TB90"},"content":{"rendered":"<p>A TB90 t\u00edpus\u00fa sz\u00e1ll\u00edt\u00f3szalag olyan rakom\u00e1nyok sz\u00e1ll\u00edt\u00e1s\u00e1ra tervezett, ahol a sz\u00e1ll\u00edt\u00f3szalagon l\u00e9v\u0151 rakom\u00e1ny \u00f6sszt\u00f6mege nem haladja meg a 180 kg-ot.<\/p>\n<p>A sz\u00e1ll\u00edt\u00f3szalag t\u00edpus\u00e1nak kiv\u00e1laszt\u00e1s\u00e1t sz\u00e1mos param\u00e9ter befoly\u00e1solja (hossz, sz\u00e9less\u00e9g, rakom\u00e1ny t\u00edpusa stb.), ez\u00e9rt javasoljuk, hogy forduljon m\u0171szaki szolg\u00e1latunkhoz.<\/p>\n","protected":false},"excerpt":{"rendered":"<p>A TB90 t\u00edpus\u00fa sz\u00e1ll\u00edt\u00f3szalag olyan rakom\u00e1nyok sz\u00e1ll\u00edt\u00e1s\u00e1ra tervezett, ahol a sz\u00e1ll\u00edt\u00f3szalagon l\u00e9v\u0151 rakom\u00e1ny \u00f6sszt\u00f6mege nem haladja meg a 180 kg-ot.<\/p>\n<p>A sz\u00e1ll\u00edt\u00f3szalag t\u00edpus\u00e1nak kiv\u00e1laszt\u00e1s\u00e1t sz\u00e1mos param\u00e9ter befoly\u00e1solja (hossz, sz\u00e9less\u00e9g, rakom\u00e1ny t\u00edpusa stb.), ez\u00e9rt javasoljuk, hogy forduljon m\u0171szaki szolg\u00e1latunkhoz.<\/p>\n","protected":false},"featured_media":9696,"parent":0,"template":"","product_category":[115],"class_list":["post-7091","product","type-product","status-publish","has-post-thumbnail","hentry","product_category-szallitoszalagok"],"acf":[],"_links":{"self":[{"href":"https:\/\/lipro.pro\/hu\/wp-json\/wp\/v2\/product\/7091","targetHints":{"allow":["GET"]}}],"collection":[{"href":"https:\/\/lipro.pro\/hu\/wp-json\/wp\/v2\/product"}],"about":[{"href":"https:\/\/lipro.pro\/hu\/wp-json\/wp\/v2\/types\/product"}],"wp:featuredmedia":[{"embeddable":true,"href":"https:\/\/lipro.pro\/hu\/wp-json\/wp\/v2\/media\/9696"}],"wp:attachment":[{"href":"https:\/\/lipro.pro\/hu\/wp-json\/wp\/v2\/media?parent=7091"}],"wp:term":[{"taxonomy":"product_category","embeddable":true,"href":"https:\/\/lipro.pro\/hu\/wp-json\/wp\/v2\/product_category?post=7091"}],"curies":[{"name":"wp","href":"https:\/\/api.w.org\/{rel}","templated":true}]}}