{"id":7044,"date":"2022-01-18T13:39:44","date_gmt":"2022-01-18T13:39:44","guid":{"rendered":"http:\/\/lipro.razvija.se\/product\/konstrukcije\/"},"modified":"2022-08-26T12:23:29","modified_gmt":"2022-08-26T12:23:29","slug":"szerkezetek","status":"publish","type":"product","link":"https:\/\/lipro.pro\/hu\/product\/szerkezetek\/","title":{"rendered":"Szerkezetek"},"content":{"rendered":"<p>A szerkezetek a c\u00e9ljuk, kialak\u00edt\u00e1suk \u00e9s a profilok kiv\u00e1laszt\u00e1sa szerint k\u00fcl\u00f6nb\u00f6znek egym\u00e1st\u00f3l, hiszen egyszer\u0171bb vagy bonyolultabb szerkezeteket \u00e1ll\u00edthatunk \u00f6ssze k\u00fcl\u00f6nb\u00f6z\u0151 profilokb\u00f3l.<\/p>\n","protected":false},"excerpt":{"rendered":"<p>A szerkezetek a c\u00e9ljuk, kialak\u00edt\u00e1suk \u00e9s a profilok kiv\u00e1laszt\u00e1sa szerint k\u00fcl\u00f6nb\u00f6znek egym\u00e1st\u00f3l, hiszen egyszer\u0171bb vagy bonyolultabb szerkezeteket \u00e1ll\u00edthatunk \u00f6ssze k\u00fcl\u00f6nb\u00f6z\u0151 profilokb\u00f3l.<\/p>\n","protected":false},"featured_media":4991,"parent":0,"template":"","product_category":[106],"class_list":["post-7044","product","type-product","status-publish","has-post-thumbnail","hentry","product_category-modularis-rendszerek"],"acf":[],"_links":{"self":[{"href":"https:\/\/lipro.pro\/hu\/wp-json\/wp\/v2\/product\/7044","targetHints":{"allow":["GET"]}}],"collection":[{"href":"https:\/\/lipro.pro\/hu\/wp-json\/wp\/v2\/product"}],"about":[{"href":"https:\/\/lipro.pro\/hu\/wp-json\/wp\/v2\/types\/product"}],"wp:featuredmedia":[{"embeddable":true,"href":"https:\/\/lipro.pro\/hu\/wp-json\/wp\/v2\/media\/4991"}],"wp:attachment":[{"href":"https:\/\/lipro.pro\/hu\/wp-json\/wp\/v2\/media?parent=7044"}],"wp:term":[{"taxonomy":"product_category","embeddable":true,"href":"https:\/\/lipro.pro\/hu\/wp-json\/wp\/v2\/product_category?post=7044"}],"curies":[{"name":"wp","href":"https:\/\/api.w.org\/{rel}","templated":true}]}}