{"id":7009,"date":"2022-01-18T13:43:27","date_gmt":"2022-01-18T13:43:27","guid":{"rendered":"http:\/\/lipro.razvija.se\/product\/valjcne-proge\/"},"modified":"2022-08-26T12:25:11","modified_gmt":"2022-08-26T12:25:11","slug":"gorgos-szallitopalyak","status":"publish","type":"product","link":"https:\/\/lipro.pro\/hu\/product\/gorgos-szallitopalyak\/","title":{"rendered":"G\u00f6rg\u0151s sz\u00e1ll\u00edt\u00f3p\u00e1ly\u00e1k"},"content":{"rendered":"<p>AL-profilokb\u00f3l, illetve AL-cs\u00f6vekb\u0151l k\u00e9sz\u00fclnek.<\/p>\n<p>Ez egy olyan rendszer, amely FIFO \u00e1llv\u00e1nyok \u00f6ssze\u00e1ll\u00edt\u00e1s\u00e1ra haszn\u00e1lhat\u00f3, \u00e9s kanban rendszerben is alkalmazhat\u00f3.<\/p>\n","protected":false},"excerpt":{"rendered":"<p>AL-profilokb\u00f3l, illetve AL-cs\u00f6vekb\u0151l k\u00e9sz\u00fclnek.<\/p>\n<p>Ez egy olyan rendszer, amely FIFO \u00e1llv\u00e1nyok \u00f6ssze\u00e1ll\u00edt\u00e1s\u00e1ra haszn\u00e1lhat\u00f3, \u00e9s kanban rendszerben is alkalmazhat\u00f3.<\/p>\n","protected":false},"featured_media":4903,"parent":0,"template":"","product_category":[106],"class_list":["post-7009","product","type-product","status-publish","has-post-thumbnail","hentry","product_category-modularis-rendszerek"],"acf":[],"_links":{"self":[{"href":"https:\/\/lipro.pro\/hu\/wp-json\/wp\/v2\/product\/7009","targetHints":{"allow":["GET"]}}],"collection":[{"href":"https:\/\/lipro.pro\/hu\/wp-json\/wp\/v2\/product"}],"about":[{"href":"https:\/\/lipro.pro\/hu\/wp-json\/wp\/v2\/types\/product"}],"wp:featuredmedia":[{"embeddable":true,"href":"https:\/\/lipro.pro\/hu\/wp-json\/wp\/v2\/media\/4903"}],"wp:attachment":[{"href":"https:\/\/lipro.pro\/hu\/wp-json\/wp\/v2\/media?parent=7009"}],"wp:term":[{"taxonomy":"product_category","embeddable":true,"href":"https:\/\/lipro.pro\/hu\/wp-json\/wp\/v2\/product_category?post=7009"}],"curies":[{"name":"wp","href":"https:\/\/api.w.org\/{rel}","templated":true}]}}