{"id":6997,"date":"2022-01-18T13:41:54","date_gmt":"2022-01-18T13:41:54","guid":{"rendered":"http:\/\/lipro.razvija.se\/product\/zascite\/"},"modified":"2022-10-19T06:01:31","modified_gmt":"2022-10-19T06:01:31","slug":"vedoburkolatok","status":"publish","type":"product","link":"https:\/\/lipro.pro\/hu\/product\/vedoburkolatok\/","title":{"rendered":"V\u00e9d\u0151burkolatok"},"content":{"rendered":"<p>AL-profilokb\u00f3l k\u00e9sz\u00fcltek \u00e9s a legjobb megold\u00e1st ny\u00fajtj\u00e1k egy adott munkafolyamat v\u00e9delm\u00e9re.<\/p>\n<p>T\u00f6lt\u0151anyagk\u00e9nt \u00e1ltal\u00e1ban horganyzott vagy festett h\u00e1l\u00f3t haszn\u00e1lunk, de ig\u00e9ny szerint egy\u00e9b t\u00f6lt\u0151anyag is rendelkez\u00e9sre \u00e1ll.<\/p>\n","protected":false},"excerpt":{"rendered":"<p>AL-profilokb\u00f3l k\u00e9sz\u00fcltek \u00e9s a legjobb megold\u00e1st ny\u00fajtj\u00e1k egy adott munkafolyamat v\u00e9delm\u00e9re.<\/p>\n<p>T\u00f6lt\u0151anyagk\u00e9nt \u00e1ltal\u00e1ban horganyzott vagy festett h\u00e1l\u00f3t haszn\u00e1lunk, de ig\u00e9ny szerint egy\u00e9b t\u00f6lt\u0151anyag is rendelkez\u00e9sre \u00e1ll.<\/p>\n","protected":false},"featured_media":9434,"parent":0,"template":"","product_category":[106],"class_list":["post-6997","product","type-product","status-publish","has-post-thumbnail","hentry","product_category-modularis-rendszerek"],"acf":[],"_links":{"self":[{"href":"https:\/\/lipro.pro\/hu\/wp-json\/wp\/v2\/product\/6997","targetHints":{"allow":["GET"]}}],"collection":[{"href":"https:\/\/lipro.pro\/hu\/wp-json\/wp\/v2\/product"}],"about":[{"href":"https:\/\/lipro.pro\/hu\/wp-json\/wp\/v2\/types\/product"}],"wp:featuredmedia":[{"embeddable":true,"href":"https:\/\/lipro.pro\/hu\/wp-json\/wp\/v2\/media\/9434"}],"wp:attachment":[{"href":"https:\/\/lipro.pro\/hu\/wp-json\/wp\/v2\/media?parent=6997"}],"wp:term":[{"taxonomy":"product_category","embeddable":true,"href":"https:\/\/lipro.pro\/hu\/wp-json\/wp\/v2\/product_category?post=6997"}],"curies":[{"name":"wp","href":"https:\/\/api.w.org\/{rel}","templated":true}]}}