{"id":6983,"date":"2022-01-18T13:38:20","date_gmt":"2022-01-18T13:38:20","guid":{"rendered":"http:\/\/lipro.razvija.se\/product\/delovna-mesta\/"},"modified":"2022-10-19T05:56:29","modified_gmt":"2022-10-19T05:56:29","slug":"munkahelyek","status":"publish","type":"product","link":"https:\/\/lipro.pro\/hu\/product\/munkahelyek\/","title":{"rendered":"Munkahelyek"},"content":{"rendered":"<p>A munkahelyek az \u00fcgyfelek ig\u00e9nyei szerint vannak kialak\u00edtva.<\/p>\n<p>A munkahelyek \u00e1ltal\u00e1ban pulttal, l\u00e1mp\u00e1val \u00e9s kapcsol\u00f3val vannak ell\u00e1tva.<\/p>\n<p>Ezen k\u00edv\u00fcl polcok, fi\u00f3kok \u00e9s k\u00fcl\u00f6nb\u00f6z\u0151 t\u00f6lt\u0151anyagok adhat\u00f3k hozz\u00e1\u2026<\/p>\n","protected":false},"excerpt":{"rendered":"<p>A munkahelyek az \u00fcgyfelek ig\u00e9nyei szerint vannak kialak\u00edtva. A munkahelyek \u00e1ltal\u00e1ban pulttal, l\u00e1mp\u00e1val \u00e9s kapcsol\u00f3val vannak ell\u00e1tva. Ezen k\u00edv\u00fcl polcok, fi\u00f3kok \u00e9s k\u00fcl\u00f6nb\u00f6z\u0151 t\u00f6lt\u0151anyagok adhat\u00f3k hozz\u00e1\u2026<\/p>\n","protected":false},"featured_media":9402,"parent":0,"template":"","product_category":[106],"class_list":["post-6983","product","type-product","status-publish","has-post-thumbnail","hentry","product_category-modularis-rendszerek"],"acf":[],"_links":{"self":[{"href":"https:\/\/lipro.pro\/hu\/wp-json\/wp\/v2\/product\/6983","targetHints":{"allow":["GET"]}}],"collection":[{"href":"https:\/\/lipro.pro\/hu\/wp-json\/wp\/v2\/product"}],"about":[{"href":"https:\/\/lipro.pro\/hu\/wp-json\/wp\/v2\/types\/product"}],"wp:featuredmedia":[{"embeddable":true,"href":"https:\/\/lipro.pro\/hu\/wp-json\/wp\/v2\/media\/9402"}],"wp:attachment":[{"href":"https:\/\/lipro.pro\/hu\/wp-json\/wp\/v2\/media?parent=6983"}],"wp:term":[{"taxonomy":"product_category","embeddable":true,"href":"https:\/\/lipro.pro\/hu\/wp-json\/wp\/v2\/product_category?post=6983"}],"curies":[{"name":"wp","href":"https:\/\/api.w.org\/{rel}","templated":true}]}}