{"id":10234,"date":"2022-10-05T07:06:07","date_gmt":"2022-10-05T07:06:07","guid":{"rendered":"https:\/\/lipro.pro\/product\/nosilna-ogrodja-in-distancniki\/"},"modified":"2024-11-19T10:39:22","modified_gmt":"2024-11-19T10:39:22","slug":"tartoallvanyok-es-tavtartok","status":"publish","type":"product","link":"https:\/\/lipro.pro\/hu\/product\/tartoallvanyok-es-tavtartok\/","title":{"rendered":"Tart\u00f3\u00e1llv\u00e1nyok \u00e9s t\u00e1vtart\u00f3k"},"content":{"rendered":"<p><span lang=\"HU\">A tart\u00f3\u00e1llv\u00e1nyok \u00fagy vannak kialak\u00edtva, hogy bizonyos magass\u00e1gban tartj\u00e1k a sz\u00e1ll\u00edt\u00f3p\u00e1ly\u00e1kat.\u00a0A tart\u00f3\u00e1llv\u00e1nyok egyenletesen helyezkednek el a sz\u00e1ll\u00edt\u00f3szalag teljes hossz\u00e1ban, \u00e1ltal\u00e1ban 2000 mm-enk\u00e9nt egy p\u00e1r.<\/span><\/p>\n<p><span lang=\"HU\">A t\u00e1vtart\u00f3k a sz\u00e1ll\u00edt\u00f3p\u00e1ly\u00e1k \u00f6sszek\u00f6t\u00e9s\u00e9re szolg\u00e1lnak \u00e9s a raklaprendszer teljes sz\u00e9less\u00e9g\u00e9t hat\u00e1rozz\u00e1k meg.<\/span><\/p>\n<p><span lang=\"HU\">* Speci\u00e1lis kivitelek\u00e9rt forduljon m\u0171szaki szolg\u00e1latunkhoz.<\/span><\/p>\n","protected":false},"excerpt":{"rendered":"<p>A tart\u00f3\u00e1llv\u00e1nyok \u00fagy vannak kialak\u00edtva, hogy bizonyos magass\u00e1gban tartj\u00e1k a sz\u00e1ll\u00edt\u00f3p\u00e1ly\u00e1kat.\u00a0A tart\u00f3\u00e1llv\u00e1nyok egyenletesen helyezkednek el a sz\u00e1ll\u00edt\u00f3szalag teljes hossz\u00e1ban, \u00e1ltal\u00e1ban 2000 mm-enk\u00e9nt egy p\u00e1r.<\/p>\n<p>A t\u00e1vtart\u00f3k a sz\u00e1ll\u00edt\u00f3p\u00e1ly\u00e1k \u00f6sszek\u00f6t\u00e9s\u00e9re szolg\u00e1lnak \u00e9s a raklaprendszer teljes sz\u00e9less\u00e9g\u00e9t hat\u00e1rozz\u00e1k meg.<\/p>\n<p>* Speci\u00e1lis kivitelek\u00e9rt forduljon m\u0171szaki szolg\u00e1latunkhoz.<\/p>\n","protected":false},"featured_media":9061,"parent":0,"template":"","product_category":[99],"class_list":["post-10234","product","type-product","status-publish","has-post-thumbnail","hentry","product_category-szallitorendszerek"],"acf":[],"_links":{"self":[{"href":"https:\/\/lipro.pro\/hu\/wp-json\/wp\/v2\/product\/10234","targetHints":{"allow":["GET"]}}],"collection":[{"href":"https:\/\/lipro.pro\/hu\/wp-json\/wp\/v2\/product"}],"about":[{"href":"https:\/\/lipro.pro\/hu\/wp-json\/wp\/v2\/types\/product"}],"wp:featuredmedia":[{"embeddable":true,"href":"https:\/\/lipro.pro\/hu\/wp-json\/wp\/v2\/media\/9061"}],"wp:attachment":[{"href":"https:\/\/lipro.pro\/hu\/wp-json\/wp\/v2\/media?parent=10234"}],"wp:term":[{"taxonomy":"product_category","embeddable":true,"href":"https:\/\/lipro.pro\/hu\/wp-json\/wp\/v2\/product_category?post=10234"}],"curies":[{"name":"wp","href":"https:\/\/api.w.org\/{rel}","templated":true}]}}