{"id":10231,"date":"2022-10-05T06:57:43","date_gmt":"2022-10-05T06:57:43","guid":{"rendered":"https:\/\/lipro.pro\/product\/paleta\/"},"modified":"2024-11-28T07:57:56","modified_gmt":"2024-11-28T07:57:56","slug":"raklap","status":"publish","type":"product","link":"https:\/\/lipro.pro\/hu\/product\/raklap\/","title":{"rendered":"Raklap"},"content":{"rendered":"<p><span lang=\"HU\">A raklap a munkadarab raklaprendszeren kereszt\u00fcl t\u00f6rt\u00e9n\u0151 sz\u00e1ll\u00edt\u00e1s\u00e1ra szolg\u00e1l, ak\u00e1r szalagon, l\u00e1ncon vagy g\u00f6rg\u0151s p\u00e1ly\u00e1n.<\/span><\/p>\n<p><span lang=\"HU\">A raklap be\u00e9p\u00edtett perselyekkel rendelkezik, amelyek +\/- 0,1 mm-ig pontos k\u00f6zpontos\u00edt\u00e1st tesznek lehet\u0151v\u00e9 a pozicion\u00e1l\u00f3 \u00e1llom\u00e1sokon.<\/span><\/p>\n<p><span lang=\"HU\">* Speci\u00e1lis kivitelek\u00e9rt forduljon m\u0171szaki szolg\u00e1latunkhoz.<\/span><\/p>\n","protected":false},"excerpt":{"rendered":"<p>A raklap a munkadarab raklaprendszeren kereszt\u00fcl t\u00f6rt\u00e9n\u0151 sz\u00e1ll\u00edt\u00e1s\u00e1ra szolg\u00e1l, ak\u00e1r szalagon, l\u00e1ncon vagy g\u00f6rg\u0151s p\u00e1ly\u00e1n.<\/p>\n<p>A raklap be\u00e9p\u00edtett perselyekkel rendelkezik, amelyek +\/- 0,1 mm-ig pontos k\u00f6zpontos\u00edt\u00e1st tesznek lehet\u0151v\u00e9 a pozicion\u00e1l\u00f3 \u00e1llom\u00e1sokon.<\/p>\n<p>* Speci\u00e1lis kivitelek\u00e9rt forduljon m\u0171szaki szolg\u00e1latunkhoz.<\/p>\n","protected":false},"featured_media":9053,"parent":0,"template":"","product_category":[99],"class_list":["post-10231","product","type-product","status-publish","has-post-thumbnail","hentry","product_category-szallitorendszerek"],"acf":[],"_links":{"self":[{"href":"https:\/\/lipro.pro\/hu\/wp-json\/wp\/v2\/product\/10231","targetHints":{"allow":["GET"]}}],"collection":[{"href":"https:\/\/lipro.pro\/hu\/wp-json\/wp\/v2\/product"}],"about":[{"href":"https:\/\/lipro.pro\/hu\/wp-json\/wp\/v2\/types\/product"}],"wp:featuredmedia":[{"embeddable":true,"href":"https:\/\/lipro.pro\/hu\/wp-json\/wp\/v2\/media\/9053"}],"wp:attachment":[{"href":"https:\/\/lipro.pro\/hu\/wp-json\/wp\/v2\/media?parent=10231"}],"wp:term":[{"taxonomy":"product_category","embeddable":true,"href":"https:\/\/lipro.pro\/hu\/wp-json\/wp\/v2\/product_category?post=10231"}],"curies":[{"name":"wp","href":"https:\/\/api.w.org\/{rel}","templated":true}]}}