{"id":10228,"date":"2022-10-05T06:45:59","date_gmt":"2022-10-05T06:45:59","guid":{"rendered":"https:\/\/lipro.pro\/product\/upravljalni-elementi\/"},"modified":"2023-03-15T12:48:49","modified_gmt":"2023-03-15T12:48:49","slug":"vezerloelemek","status":"publish","type":"product","link":"https:\/\/lipro.pro\/hu\/product\/vezerloelemek\/","title":{"rendered":"Vez\u00e9rl\u0151elemek"},"content":{"rendered":"<p><span lang=\"HU\">A vez\u00e9rl\u0151elemek a raklap meg\u00e1ll\u00edt\u00e1s\u00e1ra, sz\u00e9tv\u00e1laszt\u00e1s\u00e1ra \u00e9s a raklap hely\u00e9nek meghat\u00e1roz\u00e1s\u00e1ra szolg\u00e1lnak a raklaprendszerben.<\/span><\/p>\n","protected":false},"excerpt":{"rendered":"<p>Upravljalni elementi se uporabljajo za zaustavitev, lo\u010devanje in lociranje palete na paletnem sistemu.<\/p>\n","protected":false},"featured_media":9012,"parent":0,"template":"","product_category":[99],"class_list":["post-10228","product","type-product","status-publish","has-post-thumbnail","hentry","product_category-szallitorendszerek"],"acf":[],"_links":{"self":[{"href":"https:\/\/lipro.pro\/hu\/wp-json\/wp\/v2\/product\/10228","targetHints":{"allow":["GET"]}}],"collection":[{"href":"https:\/\/lipro.pro\/hu\/wp-json\/wp\/v2\/product"}],"about":[{"href":"https:\/\/lipro.pro\/hu\/wp-json\/wp\/v2\/types\/product"}],"wp:featuredmedia":[{"embeddable":true,"href":"https:\/\/lipro.pro\/hu\/wp-json\/wp\/v2\/media\/9012"}],"wp:attachment":[{"href":"https:\/\/lipro.pro\/hu\/wp-json\/wp\/v2\/media?parent=10228"}],"wp:term":[{"taxonomy":"product_category","embeddable":true,"href":"https:\/\/lipro.pro\/hu\/wp-json\/wp\/v2\/product_category?post=10228"}],"curies":[{"name":"wp","href":"https:\/\/api.w.org\/{rel}","templated":true}]}}