{"id":10225,"date":"2022-10-05T06:28:45","date_gmt":"2022-10-05T06:28:45","guid":{"rendered":"https:\/\/lipro.pro\/product\/centrirni-in-obracalni-moduli\/"},"modified":"2023-03-15T12:48:44","modified_gmt":"2023-03-15T12:48:44","slug":"pozicionalo-es-forgato-modulok","status":"publish","type":"product","link":"https:\/\/lipro.pro\/hu\/product\/pozicionalo-es-forgato-modulok\/","title":{"rendered":"Pozicion\u00e1l\u00f3 \u00e9s forgat\u00f3 modulok"},"content":{"rendered":"<p><span lang=\"HU\">Ha egy munkam\u0171velet sor\u00e1n a raklap pontos k\u00f6zpontos\u00edt\u00e1s\u00e1ra vagy ir\u00e1ny\u00e1nak megv\u00e1ltoztat\u00e1s\u00e1ra van sz\u00fcks\u00e9g, akkor egy pozicion\u00e1l\u00f3 vagy forgat\u00f3 modult kell alkalmazni.<\/span><\/p>\n<p><span lang=\"HU\">*Tov\u00e1bbi inform\u00e1ci\u00f3\u00e9rt \u00e9s egyedi kivitelez\u00e9sek\u00e9rt k\u00e9rj\u00fck, forduljon m\u0171szaki szolg\u00e1latunkhoz.<\/span><\/p>\n","protected":false},"excerpt":{"rendered":"<p>Ha egy munkam\u0171velet sor\u00e1n a raklap pontos k\u00f6zpontos\u00edt\u00e1s\u00e1ra vagy ir\u00e1ny\u00e1nak megv\u00e1ltoztat\u00e1s\u00e1ra van sz\u00fcks\u00e9g, akkor egy pozicion\u00e1l\u00f3 vagy forgat\u00f3 modult kell alkalmazni.<\/p>\n<p>*Tov\u00e1bbi inform\u00e1ci\u00f3\u00e9rt \u00e9s egyedi kivitelez\u00e9sek\u00e9rt k\u00e9rj\u00fck, forduljon m\u0171szaki szolg\u00e1latunkhoz.<\/p>\n","protected":false},"featured_media":8859,"parent":0,"template":"","product_category":[99],"class_list":["post-10225","product","type-product","status-publish","has-post-thumbnail","hentry","product_category-szallitorendszerek"],"acf":[],"_links":{"self":[{"href":"https:\/\/lipro.pro\/hu\/wp-json\/wp\/v2\/product\/10225","targetHints":{"allow":["GET"]}}],"collection":[{"href":"https:\/\/lipro.pro\/hu\/wp-json\/wp\/v2\/product"}],"about":[{"href":"https:\/\/lipro.pro\/hu\/wp-json\/wp\/v2\/types\/product"}],"wp:featuredmedia":[{"embeddable":true,"href":"https:\/\/lipro.pro\/hu\/wp-json\/wp\/v2\/media\/8859"}],"wp:attachment":[{"href":"https:\/\/lipro.pro\/hu\/wp-json\/wp\/v2\/media?parent=10225"}],"wp:term":[{"taxonomy":"product_category","embeddable":true,"href":"https:\/\/lipro.pro\/hu\/wp-json\/wp\/v2\/product_category?post=10225"}],"curies":[{"name":"wp","href":"https:\/\/api.w.org\/{rel}","templated":true}]}}