{"id":10222,"date":"2022-10-05T06:22:54","date_gmt":"2022-10-05T06:22:54","guid":{"rendered":"https:\/\/lipro.pro\/product\/krivine-z-valji-90-180\/"},"modified":"2023-03-15T12:48:40","modified_gmt":"2023-03-15T12:48:40","slug":"90-180-kanyarok-gorgokkel","status":"publish","type":"product","link":"https:\/\/lipro.pro\/hu\/product\/90-180-kanyarok-gorgokkel\/","title":{"rendered":"90\u00b0 \/ 180\u00b0 kanyarok g\u00f6rg\u0151kkel"},"content":{"rendered":"<p><span lang=\"HU\">A g\u00f6rg\u0151s kanyarokat a raklap vagy a rakom\u00e1ny \u00fatvonal\u00e1nak megv\u00e1ltoztat\u00e1s\u00e1hoz kell haszn\u00e1lni, azonban a raklap nem v\u00e1ltoztatja ir\u00e1ny\u00e1t (az eleje mindig el\u00f6l van).<\/span><\/p>\n<p><span lang=\"HU\">A kanyar el\u0151tt elhelyezett stopperrel elker\u00fclj\u00fck a felhalmoz\u00f3d\u00e1st a kanyarban.<\/span><\/p>\n<p><span lang=\"HU\">*Tov\u00e1bbi inform\u00e1ci\u00f3\u00e9rt k\u00e9rj\u00fck, forduljon m\u0171szaki szolg\u00e1latunkhoz.<\/span><\/p>\n","protected":false},"excerpt":{"rendered":"<p>A g\u00f6rg\u0151s kanyarokat a raklap vagy a rakom\u00e1ny \u00fatvonal\u00e1nak megv\u00e1ltoztat\u00e1s\u00e1hoz kell haszn\u00e1lni, azonban a raklap nem v\u00e1ltoztatja ir\u00e1ny\u00e1t (az eleje mindig el\u00f6l van).<\/p>\n<p>A kanyar el\u0151tt elhelyezett stopperrel elker\u00fclj\u00fck a felhalmoz\u00f3d\u00e1st a kanyarban.<\/p>\n<p>*Tov\u00e1bbi inform\u00e1ci\u00f3\u00e9rt k\u00e9rj\u00fck, forduljon m\u0171szaki szolg\u00e1latunkhoz.<\/p>\n","protected":false},"featured_media":8811,"parent":0,"template":"","product_category":[99],"class_list":["post-10222","product","type-product","status-publish","has-post-thumbnail","hentry","product_category-szallitorendszerek"],"acf":[],"_links":{"self":[{"href":"https:\/\/lipro.pro\/hu\/wp-json\/wp\/v2\/product\/10222","targetHints":{"allow":["GET"]}}],"collection":[{"href":"https:\/\/lipro.pro\/hu\/wp-json\/wp\/v2\/product"}],"about":[{"href":"https:\/\/lipro.pro\/hu\/wp-json\/wp\/v2\/types\/product"}],"wp:featuredmedia":[{"embeddable":true,"href":"https:\/\/lipro.pro\/hu\/wp-json\/wp\/v2\/media\/8811"}],"wp:attachment":[{"href":"https:\/\/lipro.pro\/hu\/wp-json\/wp\/v2\/media?parent=10222"}],"wp:term":[{"taxonomy":"product_category","embeddable":true,"href":"https:\/\/lipro.pro\/hu\/wp-json\/wp\/v2\/product_category?post=10222"}],"curies":[{"name":"wp","href":"https:\/\/api.w.org\/{rel}","templated":true}]}}