{"id":10219,"date":"2022-10-05T06:13:03","date_gmt":"2022-10-05T06:13:03","guid":{"rendered":"https:\/\/lipro.pro\/product\/dvigala\/"},"modified":"2024-11-26T11:50:50","modified_gmt":"2024-11-26T11:50:50","slug":"felvonok","status":"publish","type":"product","link":"https:\/\/lipro.pro\/hu\/product\/felvonok\/","title":{"rendered":"Felvon\u00f3k"},"content":{"rendered":"<p><span lang=\"HU\">A felvon\u00f3kat akkor haszn\u00e1ljuk, amikor egy raklapot f\u00fcgg\u0151legesen akarunk mozgatni egyik sz\u00e1ll\u00edt\u00f3p\u00e1ly\u00e1r\u00f3l a m\u00e1sikra.<br \/>\nH\u00e1romf\u00e9le felvon\u00f3 l\u00e9tezik: pneumatikus felvon\u00f3 17DP, elektromos felvon\u00f3 17DE, ors\u00f3s felvon\u00f3 17DV.<\/span><\/p>\n<p><span lang=\"HU\">A felvon\u00f3k b\u00e1rmelyike haszn\u00e1lhat\u00f3 a PSC-90, PSB-60, PSB-90 \u00e9s PSR-50\/60 eset\u00e9n is.<\/span><\/p>\n<p><span lang=\"HU\">* Speci\u00e1lis kivitelek\u00e9rt forduljon m\u0171szaki szolg\u00e1latunkhoz.<\/span><\/p>\n","protected":false},"excerpt":{"rendered":"<p>A felvon\u00f3kat akkor haszn\u00e1ljuk, amikor egy raklapot f\u00fcgg\u0151legesen akarunk mozgatni egyik sz\u00e1ll\u00edt\u00f3p\u00e1ly\u00e1r\u00f3l a m\u00e1sikra.<br \/>\nH\u00e1romf\u00e9le felvon\u00f3 l\u00e9tezik: pneumatikus felvon\u00f3 17DP, elektromos felvon\u00f3 17DE, ors\u00f3s felvon\u00f3 17DV.<\/p>\n<p>A felvon\u00f3k b\u00e1rmelyike haszn\u00e1lhat\u00f3 a PSC90, PSB90 \u00e9s PSR50\/60 eset\u00e9n is.<\/p>\n<p>* Speci\u00e1lis kivitelek\u00e9rt forduljon m\u0171szaki szolg\u00e1latunkhoz.<\/p>\n","protected":false},"featured_media":9117,"parent":0,"template":"","product_category":[99],"class_list":["post-10219","product","type-product","status-publish","has-post-thumbnail","hentry","product_category-szallitorendszerek"],"acf":[],"_links":{"self":[{"href":"https:\/\/lipro.pro\/hu\/wp-json\/wp\/v2\/product\/10219","targetHints":{"allow":["GET"]}}],"collection":[{"href":"https:\/\/lipro.pro\/hu\/wp-json\/wp\/v2\/product"}],"about":[{"href":"https:\/\/lipro.pro\/hu\/wp-json\/wp\/v2\/types\/product"}],"wp:featuredmedia":[{"embeddable":true,"href":"https:\/\/lipro.pro\/hu\/wp-json\/wp\/v2\/media\/9117"}],"wp:attachment":[{"href":"https:\/\/lipro.pro\/hu\/wp-json\/wp\/v2\/media?parent=10219"}],"wp:term":[{"taxonomy":"product_category","embeddable":true,"href":"https:\/\/lipro.pro\/hu\/wp-json\/wp\/v2\/product_category?post=10219"}],"curies":[{"name":"wp","href":"https:\/\/api.w.org\/{rel}","templated":true}]}}