{"id":10216,"date":"2022-10-04T13:31:42","date_gmt":"2022-10-04T13:31:42","guid":{"rendered":"https:\/\/lipro.pro\/product\/precni-moduli\/"},"modified":"2023-06-07T11:38:01","modified_gmt":"2023-06-07T11:38:01","slug":"keresztiranyu-modulok","status":"publish","type":"product","link":"https:\/\/lipro.pro\/hu\/product\/keresztiranyu-modulok\/","title":{"rendered":"Keresztir\u00e1ny\u00fa modulok"},"content":{"rendered":"<p><span lang=\"HU\">A keresztir\u00e1ny\u00fa modulokat akkor haszn\u00e1ljuk, ha a raklapot v\u00edzszintesen 90\u00b0-kal akarjuk mozgatni egyik p\u00e1ly\u00e1r\u00f3l a m\u00e1sikra. Minden keresztir\u00e1ny\u00fa modul tartalmaz egy pneumatikus hengert a f\u00fcgg\u0151leges emel\u00e9shez \u00e9s egy elektromos motort, amely meghajtja a l\u00e1ncot vagy a sz\u00edjat.<\/span><\/p>\n<p><span lang=\"HU\">B\u00e1rmilyen keresztir\u00e1ny\u00fa modul a PSC90 \u00e9s a PSB90 k\u00e9sz\u00fcl\u00e9keken egyar\u00e1nt haszn\u00e1lhat\u00f3.<\/span><\/p>\n<p><span lang=\"HU\">*A PSR-50\/60 \u00e9s a speci\u00e1lis v\u00e1ltozatok eset\u00e9ben k\u00e9rj\u00fck, forduljon m\u0171szaki szolg\u00e1latunkhoz.<\/span><\/p>\n","protected":false},"excerpt":{"rendered":"<p>A keresztir\u00e1ny\u00fa modulokat akkor haszn\u00e1ljuk, ha a raklapot v\u00edzszintesen 90\u00b0-kal akarjuk mozgatni egyik p\u00e1ly\u00e1r\u00f3l a m\u00e1sikra. Minden keresztir\u00e1ny\u00fa modul tartalmaz egy pneumatikus hengert a f\u00fcgg\u0151leges emel\u00e9shez \u00e9s egy elektromos motort, amely meghajtja a l\u00e1ncot vagy a sz\u00edjat.<\/p>\n<p>B\u00e1rmilyen keresztir\u00e1ny\u00fa modul a PSC90 \u00e9s a PSB90 k\u00e9sz\u00fcl\u00e9keken egyar\u00e1nt haszn\u00e1lhat\u00f3.<\/p>\n<p>*A PSR-50\/60 \u00e9s a speci\u00e1lis v\u00e1ltozatok eset\u00e9ben k\u00e9rj\u00fck, forduljon m\u0171szaki szolg\u00e1latunkhoz.<\/p>\n","protected":false},"featured_media":8875,"parent":0,"template":"","product_category":[99],"class_list":["post-10216","product","type-product","status-publish","has-post-thumbnail","hentry","product_category-szallitorendszerek"],"acf":[],"_links":{"self":[{"href":"https:\/\/lipro.pro\/hu\/wp-json\/wp\/v2\/product\/10216","targetHints":{"allow":["GET"]}}],"collection":[{"href":"https:\/\/lipro.pro\/hu\/wp-json\/wp\/v2\/product"}],"about":[{"href":"https:\/\/lipro.pro\/hu\/wp-json\/wp\/v2\/types\/product"}],"wp:featuredmedia":[{"embeddable":true,"href":"https:\/\/lipro.pro\/hu\/wp-json\/wp\/v2\/media\/8875"}],"wp:attachment":[{"href":"https:\/\/lipro.pro\/hu\/wp-json\/wp\/v2\/media?parent=10216"}],"wp:term":[{"taxonomy":"product_category","embeddable":true,"href":"https:\/\/lipro.pro\/hu\/wp-json\/wp\/v2\/product_category?post=10216"}],"curies":[{"name":"wp","href":"https:\/\/api.w.org\/{rel}","templated":true}]}}