{"id":10213,"date":"2022-05-18T09:35:14","date_gmt":"2022-05-18T09:35:14","guid":{"rendered":"https:\/\/lipro.pro\/product\/psr-50-60\/"},"modified":"2026-01-20T08:44:03","modified_gmt":"2026-01-20T08:44:03","slug":"psr-50-60","status":"publish","type":"product","link":"https:\/\/lipro.pro\/hu\/product\/psr-50-60\/","title":{"rendered":"PSR-50\/60"},"content":{"rendered":"<p>A darabos- \u00e9s raklapozott rakom\u00e1ny, valamint k\u00fcl\u00f6nb\u00f6z\u0151 anyag\u00fa \u00e9s m\u00e9ret\u0171 csomagol\u00e1sok sz\u00e1ll\u00edt\u00e1s\u00e1ra az iparban k\u00fcl\u00f6nb\u00f6z\u0151 kivitel\u0171 g\u00f6rg\u0151s sz\u00e1ll\u00edt\u00f3p\u00e1ly\u00e1kat haszn\u00e1lnak.<\/p>\n<p>A g\u00f6rg\u0151s sz\u00e1ll\u00edt\u00f3p\u00e1ly\u00e1khoz 50 vagy 60 mm \u00e1tm\u00e9r\u0151j\u0171 g\u00f6rg\u0151k haszn\u00e1lhat\u00f3k. A g\u00f6rg\u0151s sz\u00e1ll\u00edt\u00f3p\u00e1ly\u00e1k megengedett terhelhet\u0151s\u00e9ge 500 kg\/m.<\/p>\n<p><em>* A speci\u00e1lis g\u00f6rg\u0151s sz\u00e1ll\u00edt\u00f3p\u00e1lya kialak\u00edt\u00e1s\u00e1val kapcsolatban, mint p\u00e9ld\u00e1ul kanyarok, stb., forduljon m\u0171szaki szolg\u00e1latunkhoz.<\/em><\/p>\n","protected":false},"excerpt":{"rendered":"<p>A darabos- \u00e9s raklapozott rakom\u00e1ny, valamint k\u00fcl\u00f6nb\u00f6z\u0151 anyag\u00fa \u00e9s m\u00e9ret\u0171 csomagol\u00e1sok sz\u00e1ll\u00edt\u00e1s\u00e1ra az iparban k\u00fcl\u00f6nb\u00f6z\u0151 kivitel\u0171 g\u00f6rg\u0151s sz\u00e1ll\u00edt\u00f3p\u00e1ly\u00e1kat haszn\u00e1lnak.<\/p>\n<p>A g\u00f6rg\u0151s sz\u00e1ll\u00edt\u00f3p\u00e1ly\u00e1khoz 50 vagy 60 mm \u00e1tm\u00e9r\u0151j\u0171 g\u00f6rg\u0151k haszn\u00e1lhat\u00f3k. A g\u00f6rg\u0151s sz\u00e1ll\u00edt\u00f3p\u00e1ly\u00e1k megengedett terhelhet\u0151s\u00e9ge 500 kg\/m.<\/p>\n<p>* A speci\u00e1lis g\u00f6rg\u0151s sz\u00e1ll\u00edt\u00f3p\u00e1lya kialak\u00edt\u00e1s\u00e1val kapcsolatban, mint p\u00e9ld\u00e1ul kanyarok, stb., forduljon m\u0171szaki szolg\u00e1latunkhoz.<\/p>\n","protected":false},"featured_media":5790,"parent":0,"template":"","product_category":[99],"class_list":["post-10213","product","type-product","status-publish","has-post-thumbnail","hentry","product_category-szallitorendszerek"],"acf":[],"_links":{"self":[{"href":"https:\/\/lipro.pro\/hu\/wp-json\/wp\/v2\/product\/10213","targetHints":{"allow":["GET"]}}],"collection":[{"href":"https:\/\/lipro.pro\/hu\/wp-json\/wp\/v2\/product"}],"about":[{"href":"https:\/\/lipro.pro\/hu\/wp-json\/wp\/v2\/types\/product"}],"wp:featuredmedia":[{"embeddable":true,"href":"https:\/\/lipro.pro\/hu\/wp-json\/wp\/v2\/media\/5790"}],"wp:attachment":[{"href":"https:\/\/lipro.pro\/hu\/wp-json\/wp\/v2\/media?parent=10213"}],"wp:term":[{"taxonomy":"product_category","embeddable":true,"href":"https:\/\/lipro.pro\/hu\/wp-json\/wp\/v2\/product_category?post=10213"}],"curies":[{"name":"wp","href":"https:\/\/api.w.org\/{rel}","templated":true}]}}