{"id":10210,"date":"2022-05-18T07:23:31","date_gmt":"2022-05-18T07:23:31","guid":{"rendered":"https:\/\/lipro.pro\/product\/psb-90\/"},"modified":"2024-11-08T11:27:31","modified_gmt":"2024-11-08T11:27:31","slug":"psb-90","status":"publish","type":"product","link":"https:\/\/lipro.pro\/hu\/product\/psb-90\/","title":{"rendered":"PSB-90"},"content":{"rendered":"<p>A PSB-90 raklap sz\u00e1ll\u00edt\u00f3szalag rendszert gyakran haszn\u00e1lj\u00e1k sz\u00e1raz \u00e9s tiszta k\u00f6rnyezetben, ahol magasabb ISO &#8222;tisztat\u00e9ri&#8221; szabv\u00e1nyok k\u00f6veteltek.<\/p>\n<p>A PSB-90 sz\u00e1ll\u00edt\u00f3rendszer kiesebb \u00e9s k\u00f6nyebb rakom\u00e1nyok sz\u00e1ll\u00edt\u00e1s\u00e1ra alkalmas, \u00e9s egy hajt\u00f3modullal legfeljebb 350 kg vagy 1 kg\/cm teherb\u00edr\u00e1sra k\u00e9pes.<\/p>\n","protected":false},"excerpt":{"rendered":"<p>A PSB-90 raklap sz\u00e1ll\u00edt\u00f3szalag rendszert gyakran haszn\u00e1lj\u00e1k sz\u00e1raz \u00e9s tiszta k\u00f6rnyezetben, ahol magasabb ISO &#8222;tisztat\u00e9ri&#8221; szabv\u00e1nyok k\u00f6veteltek.<\/p>\n<p>A PSB-90 sz\u00e1ll\u00edt\u00f3rendszer kiesebb \u00e9s k\u00f6nyebb rakom\u00e1nyok sz\u00e1ll\u00edt\u00e1s\u00e1ra alkalmas, \u00e9s egy hajt\u00f3modullal legfeljebb 350 kg vagy 1 kg\/cm teherb\u00edr\u00e1sra k\u00e9pes.<\/p>\n","protected":false},"featured_media":9393,"parent":0,"template":"","product_category":[99],"class_list":["post-10210","product","type-product","status-publish","has-post-thumbnail","hentry","product_category-szallitorendszerek"],"acf":[],"_links":{"self":[{"href":"https:\/\/lipro.pro\/hu\/wp-json\/wp\/v2\/product\/10210","targetHints":{"allow":["GET"]}}],"collection":[{"href":"https:\/\/lipro.pro\/hu\/wp-json\/wp\/v2\/product"}],"about":[{"href":"https:\/\/lipro.pro\/hu\/wp-json\/wp\/v2\/types\/product"}],"wp:featuredmedia":[{"embeddable":true,"href":"https:\/\/lipro.pro\/hu\/wp-json\/wp\/v2\/media\/9393"}],"wp:attachment":[{"href":"https:\/\/lipro.pro\/hu\/wp-json\/wp\/v2\/media?parent=10210"}],"wp:term":[{"taxonomy":"product_category","embeddable":true,"href":"https:\/\/lipro.pro\/hu\/wp-json\/wp\/v2\/product_category?post=10210"}],"curies":[{"name":"wp","href":"https:\/\/api.w.org\/{rel}","templated":true}]}}