{"id":10207,"date":"2022-05-18T07:01:55","date_gmt":"2022-05-18T07:01:55","guid":{"rendered":"https:\/\/lipro.pro\/product\/psc-90\/"},"modified":"2025-03-25T12:49:40","modified_gmt":"2025-03-25T12:49:40","slug":"psc-90","status":"publish","type":"product","link":"https:\/\/lipro.pro\/hu\/product\/psc-90\/","title":{"rendered":"PSC\u201390"},"content":{"rendered":"<p>A PSC-90 raklap sz\u00e1ll\u00edt\u00f3szalag rendszer nehezebb \u00e9s nagyobb rakom\u00e1nyok sz\u00e1ll\u00edt\u00e1s\u00e1ra alkalmas.<\/p>\n<p>A szabadon forg\u00f3 g\u00f6rg\u0151kkel ell\u00e1tott akkumul\u00e1ci\u00f3s l\u00e1ncnak k\u00f6sz\u00f6nhet\u0151en egy hajt\u00f3modullal ak\u00e1r 1500 kg vagy 2 kg\/cm s\u00falyt is lehet akkumul\u00e1lni \u00e9s sz\u00e1ll\u00edtani.<\/p>\n<p><em>* Speci\u00e1lis kivitelek\u00e9rt forduljon m\u0171szaki szolg\u00e1latunkhoz.<\/em><\/p>\n","protected":false},"excerpt":{"rendered":"<p>A PSC-90 raklap sz\u00e1ll\u00edt\u00f3szalag rendszer nehezebb \u00e9s nagyobb rakom\u00e1nyok sz\u00e1ll\u00edt\u00e1s\u00e1ra alkalmas.<\/p>\n<p>A szabadon forg\u00f3 g\u00f6rg\u0151kkel ell\u00e1tott akkumul\u00e1ci\u00f3s l\u00e1ncnak k\u00f6sz\u00f6nhet\u0151en egy hajt\u00f3modullal ak\u00e1r 1500 kg vagy 2 kg\/cm s\u00falyt is lehet akkumul\u00e1lni \u00e9s sz\u00e1ll\u00edtani.<\/p>\n<p>* Speci\u00e1lis kivitelek\u00e9rt forduljon m\u0171szaki szolg\u00e1latunkhoz.<\/p>\n","protected":false},"featured_media":9028,"parent":0,"template":"","product_category":[99],"class_list":["post-10207","product","type-product","status-publish","has-post-thumbnail","hentry","product_category-szallitorendszerek"],"acf":[],"_links":{"self":[{"href":"https:\/\/lipro.pro\/hu\/wp-json\/wp\/v2\/product\/10207","targetHints":{"allow":["GET"]}}],"collection":[{"href":"https:\/\/lipro.pro\/hu\/wp-json\/wp\/v2\/product"}],"about":[{"href":"https:\/\/lipro.pro\/hu\/wp-json\/wp\/v2\/types\/product"}],"wp:featuredmedia":[{"embeddable":true,"href":"https:\/\/lipro.pro\/hu\/wp-json\/wp\/v2\/media\/9028"}],"wp:attachment":[{"href":"https:\/\/lipro.pro\/hu\/wp-json\/wp\/v2\/media?parent=10207"}],"wp:term":[{"taxonomy":"product_category","embeddable":true,"href":"https:\/\/lipro.pro\/hu\/wp-json\/wp\/v2\/product_category?post=10207"}],"curies":[{"name":"wp","href":"https:\/\/api.w.org\/{rel}","templated":true}]}}