{"id":6796,"date":"2022-01-06T10:44:20","date_gmt":"2022-01-06T10:44:20","guid":{"rendered":"http:\/\/lipro.razvija.se\/?page_id=6796"},"modified":"2024-01-16T13:19:31","modified_gmt":"2024-01-16T13:19:31","slug":"avtomatizacija-proizvodnih-procesov-in-transportnih-sistemov","status":"publish","type":"page","link":"https:\/\/lipro.pro\/hu\/","title":{"rendered":"Sz\u00e1ll\u00edt\u00f3szalag rendszerek \u00e9s flexibilis konstrukci\u00f3k a gy\u00e1rt\u00e1s automatiz\u00e1l\u00e1sban"},"content":{"rendered":"<p><section class=\"kc-elm kc-css-84900 kc_row\"><div class=\" container\"><div class=\"row\"><div class=\"kc-elm kc-css-58477 col-lg-12 column col-12\"><div class=\"kc-col-container\"><div class=\"kc-elm kc-css-873709 kc-raw-code\">\r\n<div class=\"parent\">\r\n    <div class=\"content-block\">\r\n        <h2>Kiv\u00e1l\u00f3 szak\u00e9rtelemmel rendelkez\u0151, lelkes munkat\u00e1rsak csapata<\/h2>\r\n        <h4 class=\"font-weight-normal mt-2 d-inline-block\">\u00dcgyf\u00e9lre szabott megold\u00e1sokat k\u00edn\u00e1lunk a gy\u00e1rt\u00e1s automatiz\u00e1l\u00e1s\u00e1ban a szlov\u00e9niai \u00e9s az eur\u00f3pai piacon.<\/h4>\r\n\r\n        <div class=\"btn-group mt-3\">\r\n\r\n                        <a href=\"https:\/\/lipro.pro\/hu\/termekek-es-szolgaltatasok\/\"\r\n                class=\"btn btn-primary font-weight-bold\">Term\u00e9kek \u00e9s szolg\u00e1ltat\u00e1sok<\/a>\r\n            \r\n                        <a href=\"https:\/\/lipro.pro\/hu\/a-vallalatrol\/\"\r\n                class=\"yellow-underline text-warning font-weight-bold ml-md-3 mt-2 mt-md-0\">B\u0151vebben a v\u00e1llalatr\u00f3l<\/a>\r\n            \r\n        <\/div>\r\n    <\/div>\r\n    <div class=\"icon-block-1 d-flex flex-row align-items-end mt-7 mt-md-0 mb-4 mb-md-0\">\r\n        <div class=\"img-wrapper mr-3\">\r\n            <img decoding=\"async\" src=\"https:\/\/lipro.pro\/wp-content\/uploads\/2022\/01\/Group-612.svg\" alt=\"\" title=\"\">\r\n        <\/div>\r\n        <h3 class=\"font-weight-bold d-inline-block \">Rugalmass\u00e1g az egy\u00fcttm\u0171k\u00f6d\u00e9sben<\/h3>\r\n    <\/div>\r\n    <div class=\"icon-block-2 d-flex flex-row-reverse align-items-baseline ml-auto\">\r\n        <div class=\"img-wrapper ml-3\">\r\n            <img decoding=\"async\" src=\"https:\/\/lipro.pro\/wp-content\/uploads\/2022\/01\/Group-613.svg\" alt=\"\" title=\"\">\r\n        <\/div>\r\n        <h3 class=\"font-weight-bold d-inline-block text-right\">Kiv\u00e1l\u00f3 \u00fcgyf\u00e9lszolg\u00e1lat<\/h3>\r\n    <\/div>\r\n<\/div>\r\n\r\n\r\n<\/div><\/div><\/div><\/div><\/div><\/section><section id=\"gray-intro\" class=\"kc-elm kc-css-72397 kc_row\"><div class=\" container\"><div class=\"row\"><div class=\"kc-elm kc-css-985744 column col-12 col-md-6\"><div class=\"kc-col-container\">\n<div class=\"kc-elm kc-css-38480 kc-title-wrap \">\n\n\t<h2 class=\"kc_title\">Term\u00e9keink \u00e9s szolg\u00e1ltat\u00e1saink<\/h2>\n<\/div>\n<div class=\"kc-elm kc-css-141646 kc_text_block\"><\/p>\n<p>Sz\u00e1ll\u00edt\u00f3szalag rendszereket \u00e9s flexibilis konstrukci\u00f3kak fejleszt\u00fcnk a gy\u00e1rt\u00e1s automatiz\u00e1l\u00e1sban.<\/p>\n<p>\n<\/div><\/div><\/div><\/div><\/div><\/section><section id=\"gm1\" class=\"kc-elm kc-css-854529 kc_row\"><div class=\" container  gray-main\"><div class=\"row\"><div class=\"kc-elm kc-css-646287 column col-lg-8 order-2 order-md-1\"><div class=\"kc-col-container\">\n<div class=\"kc-elm kc-css-726350 kc-title-wrap \">\n\n\t<h3 class=\"kc_title gray-block-separator\">Sz\u00e1ll\u00edt\u00f3szalagok<\/h3>\n<\/div>\n<div class=\"kc-elm kc-css-974884 kc_text_block\"><\/p>\n<p>A sz\u00e1ll\u00edt\u00f3rendszerek egy \u00e1tfog\u00f3 megold\u00e1s a munkadarabok tov\u00e1bb\u00edt\u00e1s\u00e1ra a gy\u00e1rt\u00e1s automatiz\u00e1l\u00e1s\u00e1n\u00e1l.<\/p>\n<p>Sz\u00edjas, l\u00e1ncos \u00e9s g\u00f6rg\u0151s sz\u00e1ll\u00edt\u00f3rendszereket k\u00e9sz\u00edt\u00fcnk a sz\u00e1ll\u00edt\u00e1shoz, pontos elhelyez\u00e9ssel.<\/p>\n<p>Az el\u0151\u00edrt elemek ellen\u00e9re minden megold\u00e1s egyedi, a megrendel\u0151 m\u0171szaki ig\u00e9nyeinek megfelel\u0151en.<\/p>\n<p>\n<\/div>\n<div class=\"kc-elm kc-css-172850\">\n\t<a class=\"kc_button yellow-underline\" href=\"https:\/\/lipro.pro\/hu\/termekek-es-szolgaltatasok\/szallitoszalagok\/\" target=\"_self\" title=\"Sz\u00e1ll\u00edt\u00f3szalagok\" onclick=\"\">\n\t\tTekinte meg az \u00f6sszes sz\u00e1ll\u00edt\u00f3szalagot\t<\/a>\n<\/div>\n<\/div><\/div><div class=\"kc-elm kc-css-305912 column col-lg-3 order-1 order-md-2\"><div class=\"kc-col-container\"><div class=\"kc-elm kc-css-496542 kc_shortcode kc_single_image\">\n\n        <img decoding=\"async\" src=\"https:\/\/lipro.pro\/wp-content\/uploads\/2022\/01\/1.png\" class=\"\" alt=\"\" title=\"\">    <\/div>\n<\/div><\/div><\/div><\/div><\/section><section id=\"gm2\" class=\"kc-elm kc-css-815239 kc_row\"><div class=\" container  gray-main\"><div class=\"row\"><div class=\"kc-elm kc-css-994018 column col-lg-8 order-2 order-md-1\"><div class=\"kc-col-container\">\n<div class=\"kc-elm kc-css-847503 kc-title-wrap \">\n\n\t<h3 class=\"kc_title gray-block-separator\">Sz\u00e1ll\u00edt\u00f3rendszerek<\/h3>\n<\/div>\n<div class=\"kc-elm kc-css-15058 kc_text_block\"><\/p>\n<p>A sz\u00e1ll\u00edt\u00f3rendszerek egy \u00e1tfog\u00f3 megold\u00e1s a munkadarabok tov\u00e1bb\u00edt\u00e1s\u00e1ra a gy\u00e1rt\u00e1s automatiz\u00e1l\u00e1s\u00e1n\u00e1l.<\/p>\n<p>Sz\u00edjas, l\u00e1ncos \u00e9s g\u00f6rg\u0151s sz\u00e1ll\u00edt\u00f3rendszereket k\u00e9sz\u00edt\u00fcnk a sz\u00e1ll\u00edt\u00e1shoz, pontos elhelyez\u00e9ssel.<\/p>\n<p>Az el\u0151\u00edrt elemek ellen\u00e9re minden megold\u00e1s egyedi, a megrendel\u0151 m\u0171szaki ig\u00e9nyeinek megfelel\u0151en.<\/p>\n<p>\n<\/div>\n<div class=\"kc-elm kc-css-124250\">\n\t<a class=\"kc_button yellow-underline\" href=\"https:\/\/lipro.pro\/hu\/termekek-es-szolgaltatasok\/szallitorendszerek\/\" target=\"_self\" title=\"Sz\u00e1ll\u00edt\u00f3rendszerek\" onclick=\"\">\n\t\tTekintse meg az \u00f6sszes sz\u00e1ll\u00edt\u00f3rendszert\t<\/a>\n<\/div>\n<\/div><\/div><div class=\"kc-elm kc-css-182467 column col-lg-3 order-1 order-md-2\"><div class=\"kc-col-container\"><div class=\"kc-elm kc-css-627798 kc_shortcode kc_single_image\">\n\n        <img decoding=\"async\" src=\"https:\/\/lipro.pro\/wp-content\/uploads\/2022\/01\/2-e1643980169172.png\" class=\"\" alt=\"\" title=\"\">    <\/div>\n<\/div><\/div><\/div><\/div><\/section><section id=\"gm3\" class=\"kc-elm kc-css-263102 kc_row\"><div class=\" container  gray-main\"><div class=\"row\"><div class=\"kc-elm kc-css-775188 column col-lg-8 order-2 order-md-1\"><div class=\"kc-col-container\">\n<div class=\"kc-elm kc-css-46955 kc-title-wrap \">\n\n\t<h3 class=\"kc_title gray-block-separator\">Modul\u00e1ris rendszerek<\/h3>\n<\/div>\n<div class=\"kc-elm kc-css-569523 kc_text_block\"><\/p>\n<p>A sz\u00e1ll\u00edt\u00f3rendszerek egy \u00e1tfog\u00f3 megold\u00e1s a munkadarabok tov\u00e1bb\u00edt\u00e1s\u00e1ra a gy\u00e1rt\u00e1s automatiz\u00e1l\u00e1s\u00e1n\u00e1l.<\/p>\n<p>Sz\u00edjas, l\u00e1ncos \u00e9s g\u00f6rg\u0151s sz\u00e1ll\u00edt\u00f3rendszereket k\u00e9sz\u00edt\u00fcnk a sz\u00e1ll\u00edt\u00e1shoz, pontos elhelyez\u00e9ssel.<\/p>\n<p>Az el\u0151\u00edrt elemek ellen\u00e9re minden megold\u00e1s egyedi, a megrendel\u0151 m\u0171szaki ig\u00e9nyeinek megfelel\u0151en.<\/p>\n<p>\n<\/div>\n<div class=\"kc-elm kc-css-586433\">\n\t<a class=\"kc_button yellow-underline\" href=\"https:\/\/lipro.pro\/hu\/termekek-es-szolgaltatasok\/modularis-rendszerek\/\" target=\"_self\" title=\"Modul\u00e1ris rendszerek\" onclick=\"\">\n\t\tTekintse meg az \u00f6sszes modul\u00e1ris rendszert\t<\/a>\n<\/div>\n<\/div><\/div><div class=\"kc-elm kc-css-264852 column col-lg-3 order-1 order-md-2\"><div class=\"kc-col-container\"><div class=\"kc-elm kc-css-142000 kc_shortcode kc_single_image\">\n\n        <img decoding=\"async\" src=\"https:\/\/lipro.pro\/wp-content\/uploads\/2022\/01\/3.png\" class=\"\" alt=\"\" title=\"\">    <\/div>\n<\/div><\/div><\/div><\/div><\/section><section class=\"kc-elm kc-css-292567 kc_row\"><div class=\" container\"><div class=\"row\"><div class=\"kc-elm kc-css-346087 col-lg-12 column col-12\"><div class=\"kc-col-container\"><div class=\"clear\"><\/div>\n<div class=\"mod-id-731329 kc-elm kc-css-731329 kc-raw-code emigma-section-intro-outer\">\n    <div class=\"row\">\n        <div class=\"col-12 d-flex align-items-md-center align-items-baseline justify-content-start justify-content-md-between flex-column flex-md-row mb-3 mb-md-0\">\n            <div class=\"d-flex align-items-center mb-3 mb-md-0\">\n                                <h3 class=\"mb-0 light\">Utols\u00f3 h\u00edr<\/h3>                            <\/div>\n                                        <div class=\"d-flex align-items-center flex-row ml-md-3 my-lg-3 ml-md-auto\">\n                    <a class=\"yellow-underline text-secondary\" href=\"https:\/\/lipro.pro\/hu\/blog\/\">Minden h\u00edr<\/a>\n                <\/div>\n                    <\/div>\n    <\/div>\n<\/div>\n<div class=\"clear\"><\/div>\n<div class=\"kc-elm kc-css-431842 post-grid list-post layout-grid-2 category \">\t\t\t\t<article class=\"post-item post-14170 post type-post status-publish format-standard hentry category-szakmai-cikkek\" id=\"post-14170\">\n    <div class=\"card c-post\" href=\"https:\/\/lipro.pro\/hu\/szakmai-cikkek\/comparison-of-modular-systems-and-welded-structures-in-industrial-automation\/\" rel=\"article\">\n            <content class=\"card-body d-flex flex-column justify-content-end\" style=\"background-color:#123E92;\">\n        <div class=\"content-top\">   \n        <div class=\"entry-meta d-flex justify-content-between align-items-baseline\">\n            <span>06. 03. 2026<\/span>\n            <span class=\"text-right btn btn-primary font-weight-bold\"> <ul class=\"post-categories\">\n\t<li><a href=\"https:\/\/lipro.pro\/hu\/category\/szakmai-cikkek\/\" rel=\"category tag\">Szakmai cikkek<\/a><\/li><\/ul>  <\/span>\n        <\/div>\n    <\/div>\n        <div class=\"content-main mb-2 mt-auto pr-md-6\">\n            <h3 class=\"entry-title\">COMPARISON OF MODULAR SYSTEMS AND WELDED STRUCTURES IN INDUSTRIAL AUTOMATION<\/h3>\n            <div>\n                                    <a href=\"https:\/\/lipro.pro\/hu\/szakmai-cikkek\/comparison-of-modular-systems-and-welded-structures-in-industrial-automation\/\" class=\"btn btn-outline-info text-info\"> B\u0151vebben<\/a>  \n                            <\/div>\n        <\/div>\n        \n    <\/content>\n    <\/div>\n<\/article>\t\t\t\t\t\t\t\t<article class=\"post-item post-14090 post type-post status-publish format-standard has-post-thumbnail hentry category-hirek\" id=\"post-14090\">\n    <div class=\"card c-post\" href=\"https:\/\/lipro.pro\/hu\/hirek\/boldog-2026-os-evet\/\" rel=\"article\">\n            <content class=\"card-body d-flex flex-column justify-content-end\" style=\"background-image: linear-gradient(90deg, rgba(0,0,0,0.3) 0%, rgba(0,0,0,0.3) 100%), url(https:\/\/lipro.pro\/wp-content\/uploads\/2025\/12\/Prikazna-slika-1.jpg);\">\n        <div class=\"content-top\">   \n        <div class=\"entry-meta d-flex justify-content-between align-items-baseline\">\n            <span>18. 12. 2025<\/span>\n            <span class=\"text-right btn btn-primary font-weight-bold\"> <ul class=\"post-categories\">\n\t<li><a href=\"https:\/\/lipro.pro\/hu\/category\/hirek\/\" rel=\"category tag\">H\u00edrek<\/a><\/li><\/ul>  <\/span>\n        <\/div>\n    <\/div>\n        <div class=\"content-main mb-2 mt-auto pr-md-6\">\n            <h3 class=\"entry-title\">Boldog 2026-os \u00e9vet!<\/h3>\n            <div>\n                                    <a href=\"https:\/\/lipro.pro\/hu\/hirek\/boldog-2026-os-evet\/\" class=\"btn btn-outline-info text-info\"> B\u0151vebben<\/a>  \n                            <\/div>\n        <\/div>\n        \n    <\/content>\n    <\/div>\n<\/article>\t\t\t\t\t\t\t\t<article class=\"post-item post-14021 post type-post status-publish format-standard has-post-thumbnail hentry category-uj-termekek\" id=\"post-14021\">\n    <div class=\"card c-post\" href=\"https:\/\/lipro.pro\/hu\/uj-termekek\/new-type-of-roller-curve\/\" rel=\"article\">\n            <content class=\"card-body d-flex flex-column justify-content-end\" style=\"background-image: linear-gradient(90deg, rgba(0,0,0,0.3) 0%, rgba(0,0,0,0.3) 100%), url(https:\/\/lipro.pro\/wp-content\/uploads\/2025\/11\/Nov-tip-krivine-prezentacija-square-ANG.jpg);\">\n        <div class=\"content-top\">   \n        <div class=\"entry-meta d-flex justify-content-between align-items-baseline\">\n            <span>10. 11. 2025<\/span>\n            <span class=\"text-right btn btn-primary font-weight-bold\"> <ul class=\"post-categories\">\n\t<li><a href=\"https:\/\/lipro.pro\/hu\/category\/uj-termekek\/\" rel=\"category tag\">\u00daj term\u00e9kek<\/a><\/li><\/ul>  <\/span>\n        <\/div>\n    <\/div>\n        <div class=\"content-main mb-2 mt-auto pr-md-6\">\n            <h3 class=\"entry-title\">New type of roller curve<\/h3>\n            <div>\n                                    <a href=\"https:\/\/lipro.pro\/hu\/uj-termekek\/new-type-of-roller-curve\/\" class=\"btn btn-outline-info text-info\"> B\u0151vebben<\/a>  \n                            <\/div>\n        <\/div>\n        \n    <\/content>\n    <\/div>\n<\/article>\t\t\t\t\t\t\t\t<article class=\"post-item post-13737 post type-post status-publish format-standard hentry category-hirek\" id=\"post-13737\">\n    <div class=\"card c-post\" href=\"https:\/\/lipro.pro\/hu\/hirek\/notice\/\" rel=\"article\">\n            <content class=\"card-body d-flex flex-column justify-content-end\" style=\"background-color:#123E92;\">\n        <div class=\"content-top\">   \n        <div class=\"entry-meta d-flex justify-content-between align-items-baseline\">\n            <span>09. 12. 2024<\/span>\n            <span class=\"text-right btn btn-primary font-weight-bold\"> <ul class=\"post-categories\">\n\t<li><a href=\"https:\/\/lipro.pro\/hu\/category\/hirek\/\" rel=\"category tag\">H\u00edrek<\/a><\/li><\/ul>  <\/span>\n        <\/div>\n    <\/div>\n        <div class=\"content-main mb-2 mt-auto pr-md-6\">\n            <h3 class=\"entry-title\">NOTICE<\/h3>\n            <div>\n                                    <a href=\"https:\/\/lipro.pro\/hu\/hirek\/notice\/\" class=\"btn btn-outline-info text-info\"> B\u0151vebben<\/a>  \n                            <\/div>\n        <\/div>\n        \n    <\/content>\n    <\/div>\n<\/article>\t\t\t\t<\/div><\/div><\/div><\/div><\/div><\/section><section id=\"bg-right\" class=\"kc-elm kc-css-390669 kc_row\"><div class=\" container\"><div class=\"row\"><div class=\"kc-elm kc-css-315150 column col-md-8\"><div class=\"kc-col-container\">\n<div class=\"kc-elm kc-css-794751 kc-title-wrap \">\n\n\t<h2 class=\"kc_title\">Spletna trgovina polna prilo\u017enosti<\/h2>\n<\/div>\n<div class=\"kc-elm kc-css-892974 kc_text_block\"><\/p>\n<p>\nPotrebuje\u0161 samo profil ali nekaj vija\u010dnega materiala? Klikni na spodnjo povezavo do eTrgovine in postrezi si sam.<\/p>\n<p>\n<\/div>\n<div class=\"kc-elm kc-css-195688\">\n\t<a class=\"kc_button yellow-underline text-light\" href=\"https:\/\/lipro.shop\/\" target=\"_blank\" title=\"\" onclick=\"\" rel=\"noopener\">\n\t\tObi\u0161\u010di spletno trgovino\t<\/a>\n<\/div>\n<\/div><\/div><\/div><\/div><\/section><section id=\"bg-left\" class=\"kc-elm kc-css-751 kc_row\"><div class=\" container  right-fp-img\"><div class=\"row\"><div class=\"kc-elm kc-css-381427 column col-12 col-md-8\"><div class=\"kc-col-container\">\n<div class=\"kc-elm kc-css-645828 kc-title-wrap \">\n\n\t<h2 class=\"kc_title\">Testreszabott \u00fcgyf\u00e9lt\u00e1mogat\u00e1s<\/h2>\n<\/div>\n<div class=\"kc-elm kc-css-732600 kc_text_block\"><\/p>\n<p>Van b\u00e1rmilyen k\u00e9rd\u00e9se vagy k\u00fcl\u00f6nleges k\u00e9r\u00e9se? Vegye fel a kapcsolatot munkat\u00e1rsainkkal, akik sz\u00edvesen seg\u00edtenek \u00d6nnek.<\/p>\n<p>\n<\/div>\n<div class=\"kc-elm kc-css-896349\">\n\t<a class=\"kc_button yellow-underline text-light\" href=\"https:\/\/lipro.pro\/hu\/ugyfelszolgalat\/\" target=\"_self\" title=\"Podpora strankam\" onclick=\"\">\n\t\tB\u0151vebben\t<\/a>\n<\/div>\n<\/div><\/div><\/div><\/div><\/section><\/p>\n","protected":false},"excerpt":{"rendered":"","protected":false},"author":9,"featured_media":0,"parent":0,"menu_order":0,"comment_status":"closed","ping_status":"closed","template":"","meta":{"_acf_changed":false,"footnotes":""},"class_list":["post-6796","page","type-page","status-publish","hentry"],"acf":[],"_links":{"self":[{"href":"https:\/\/lipro.pro\/hu\/wp-json\/wp\/v2\/pages\/6796","targetHints":{"allow":["GET"]}}],"collection":[{"href":"https:\/\/lipro.pro\/hu\/wp-json\/wp\/v2\/pages"}],"about":[{"href":"https:\/\/lipro.pro\/hu\/wp-json\/wp\/v2\/types\/page"}],"author":[{"embeddable":true,"href":"https:\/\/lipro.pro\/hu\/wp-json\/wp\/v2\/users\/9"}],"replies":[{"embeddable":true,"href":"https:\/\/lipro.pro\/hu\/wp-json\/wp\/v2\/comments?post=6796"}],"version-history":[{"count":0,"href":"https:\/\/lipro.pro\/hu\/wp-json\/wp\/v2\/pages\/6796\/revisions"}],"wp:attachment":[{"href":"https:\/\/lipro.pro\/hu\/wp-json\/wp\/v2\/media?parent=6796"}],"curies":[{"name":"wp","href":"https:\/\/api.w.org\/{rel}","templated":true}]}}