{"id":6533,"date":"2022-08-04T11:56:31","date_gmt":"2022-08-04T11:56:31","guid":{"rendered":"http:\/\/lipro.razvija.se\/?page_id=6533"},"modified":"2022-08-29T12:53:01","modified_gmt":"2022-08-29T12:53:01","slug":"adatvedelmi-politika-es-a-szemelyes-adatok-vedelme","status":"publish","type":"page","link":"https:\/\/lipro.pro\/hu\/adatvedelmi-politika-es-a-szemelyes-adatok-vedelme\/","title":{"rendered":"Adatv\u00e9delmi politika \u00e9s a szem\u00e9lyes adatok v\u00e9delme"},"content":{"rendered":"<section class=\"kc-elm kc-css-564555 kc_row\"><div class=\" container\"><div class=\"row\"><div class=\"kc-elm kc-css-446366 column col-lg-8\"><div class=\"kc-col-container\"><div class=\"kc-elm kc-css-116725 kc_text_block\"><\/p>\n<p>Jelen jogi k\u00f6zlem\u00e9ny alkalmaz\u00e1s\u00e1ban a weboldal olyan kifejez\u00e9s, amely mag\u00e1ban foglalja a\u00a0<a href=\"https:\/\/www.lipro.pro\/\">www.lipro.pro<\/a>\u00a0webc\u00edmen tal\u00e1lhat\u00f3 \u00f6sszes weboldalt (a tov\u00e1bbiakban: weboldal). A weboldalon b\u00e1rmilyen m\u00f3don szerepl\u0151 valamennyi szerz\u0151i m\u0171 szerz\u0151i jogtulajdonosa a Lipro d.o.o. v\u00e1llalat. (a tov\u00e1bbiakban: Lipro). A felhaszn\u00e1l\u00f3 a weboldalon tal\u00e1lhat\u00f3 tartalmakat kiz\u00e1r\u00f3lag szem\u00e9lyes, azaz nem kereskedelmi c\u00e9lra haszn\u00e1lhatja fel. Tilos a weboldal tartalm\u00e1nak b\u00e1rmilyen m\u00e1s form\u00e1ban t\u00f6rt\u00e9n\u0151 felhaszn\u00e1l\u00e1sa (pl. m\u00e1sol\u00e1s, sokszoros\u00edt\u00e1s, terjeszt\u00e9s stb.) kereskedelmi c\u00e9lokra.<\/p>\n<p><strong>Az inform\u00e1ci\u00f3k \u00e9s anyagok felhaszn\u00e1l\u00e1s\u00e1ra vonatkoz\u00f3 korl\u00e1toz\u00e1sok<\/strong><\/p>\n<p>A jelen weboldalon k\u00f6zz\u00e9tett inform\u00e1ci\u00f3kat \u00e9s anyagokat a felhaszn\u00e1l\u00f3 let\u00f6ltheti a szerverr\u0151l szem\u00e9lyes, otthoni haszn\u00e1latra, \u00e9s nem m\u00f3dos\u00edthatja a szerz\u0151i jogi megjegyz\u00e9seket, az egy\u00e9b szellemi tulajdonjogokra vonatkoz\u00f3 megjegyz\u00e9seket vagy m\u00e1s jogi megjegyz\u00e9seket. Az inform\u00e1ci\u00f3k \u00e9s anyagok nem kereskedelmi c\u00e9l\u00fa megtekint\u00e9se \u00e9s olvas\u00e1sa c\u00e9lj\u00e1b\u00f3l t\u00f6rt\u00e9n\u0151 let\u00f6lt\u00e9se \u00e9s kinyomtat\u00e1sa enged\u00e9lyezett. A\u00a0<a href=\"https:\/\/www.lipro.pro\/\">www.lipro.pro<\/a>\u00a0honlapon tal\u00e1lhat\u00f3 inform\u00e1ci\u00f3k \u00e9s anyagok b\u00e1rmilyen egy\u00e9b m\u00e1sol\u00e1sa, terjeszt\u00e9se, \u00fajrak\u00f6zl\u00e9se, m\u00f3dos\u00edt\u00e1sa, k\u00f6zz\u00e9t\u00e9tele, tov\u00e1bb\u00edt\u00e1sa vagy m\u00e1s m\u00f3don t\u00f6rt\u00e9n\u0151 terjeszt\u00e9se el\u0151zetes \u00edr\u00e1sbeli enged\u00e9ly n\u00e9lk\u00fcl tilos. Szint\u00e9n tilos a\u00a0<a href=\"https:\/\/www.lipro.pro\/\">www.lipro.pro<\/a>\u00a0honlap b\u00e1rmely elem\u00e9t m\u00e1s c\u00e9lra haszn\u00e1lni, mint kiz\u00e1r\u00f3lag szem\u00e9lyes, nem kereskedelmi, otthoni haszn\u00e1latra. A Lipro nem v\u00e1llal felel\u0151ss\u00e9get a\u00a0<a href=\"https:\/\/www.lipro.pro\/\">www.lipro.pro<\/a>honlaphoz b\u00e1rmilyen m\u00f3don kapcsol\u00f3d\u00f3 weboldalak kialak\u00edt\u00e1s\u00e1\u00e9rt vagy tartalm\u00e1\u00e9rt. Az \u00f6sszekapcsolt weboldalak l\u00e1togat\u00e1sa \u00e9s haszn\u00e1lata eset\u00e9n a Lipro felel\u0151ss\u00e9ge minden esetben kiz\u00e1rt.<\/p>\n<p><strong>A felel\u0151ss\u00e9g korl\u00e1toz\u00e1sa<\/strong><\/p>\n<p>A Lipro mindent megtesz annak \u00e9rdek\u00e9ben, hogy a weboldalon tal\u00e1lhat\u00f3 inform\u00e1ci\u00f3k helyesek \u00e9s naprak\u00e9szek legyenek, de sem a Lipro, sem b\u00e1rmely m\u00e1s jogi vagy term\u00e9szetes szem\u00e9ly, aki r\u00e9szt vett a weboldal l\u00e9trehoz\u00e1s\u00e1ban, vagy aki jelenleg is r\u00e9szt vesz a weboldal friss\u00edt\u00e9s\u00e9ben, nem tehet\u0151 felel\u0151ss\u00e9 a felhaszn\u00e1l\u00f3nak a weboldal haszn\u00e1lat\u00e1b\u00f3l vagy annak ellehetetlen\u00edt\u00e9s\u00e9b\u0151l ered\u0151 szok\u00e1sos k\u00e1rok\u00e9rt, elmaradt haszon\u00e9rt vagy nem vagyoni k\u00e1rok\u00e9rt. A Lipro igyekszik biztos\u00edtani a weboldal zavartalan m\u0171k\u00f6d\u00e9s\u00e9t, de nem v\u00e1llal felel\u0151ss\u00e9get a szok\u00e1sos k\u00e1rok\u00e9rt, elmaradt haszon\u00e9rt vagy nem vagyoni k\u00e1rok\u00e9rt, amelyeket a felhaszn\u00e1l\u00f3 a weboldal meghib\u00e1sod\u00e1sa miatt szenvedhet el. A Lipro b\u00e1rmikor, el\u0151zetes \u00e9rtes\u00edt\u00e9s n\u00e9lk\u00fcl m\u00f3dos\u00edthatja a Weboldalt.<\/p>\n<p><strong>Szem\u00e9lyes adatok v\u00e9delme<\/strong><\/p>\n<p>Tiszt\u00e1ban vagyunk a szem\u00e9lyes adatok v\u00e9delm\u00e9nek fontoss\u00e1g\u00e1val, k\u00fcl\u00f6n\u00f6sen az\u00e9rt, mert ezeket arra haszn\u00e1ljuk, hogy megfelel\u0151bb szolg\u00e1ltat\u00e1sokat \u00e9s t\u00e1j\u00e9koztat\u00e1st ny\u00fajtsunk l\u00e1togat\u00f3inknak. Az Eur\u00f3pai Uni\u00f3 \u00e1ltal elfogadott GDPR rendelet magas szint\u0171 el\u0151\u00edr\u00e1sokat hat\u00e1roz meg, amelyek meghat\u00e1rozz\u00e1k, hogy az \u00d6n adatait hogyan gy\u0171jtik, t\u00e1rolj\u00e1k, lehet\u0151v\u00e9 teszik az adatokhoz val\u00f3 hozz\u00e1f\u00e9r\u00e9st, illetve azok t\u00f6rl\u00e9s\u00e9nek k\u00e9r\u00e9s\u00e9t, \u00e9s m\u00e9g sok minden m\u00e1st. A jogszab\u00e1lyoknak megfelel\u0151en \u00e9s e ter\u00fclet fontoss\u00e1g\u00e1nak tudat\u00e1ban magyar\u00e1zatokat k\u00e9sz\u00edtett\u00fcnk az \u00d6n adatainak biztons\u00e1g\u00e1r\u00f3l \u00e9s az \u00d6nt mint adattulajdonost megillet\u0151 jogokr\u00f3l. Miel\u0151tt beleegyez\u00e9s\u00e9t adja szem\u00e9lyes adatai gy\u0171jt\u00e9s\u00e9hez vagy feldolgoz\u00e1s\u00e1hoz, k\u00e9rj\u00fck, figyelmesen olvassa el ezt a magyar\u00e1zatot.<\/p>\n<p><strong>Mi min\u0151s\u00fcl szem\u00e9lyes adatnak<\/strong><\/p>\n<p>Szem\u00e9lyes adatnak min\u0151s\u00fcl minden olyan inform\u00e1ci\u00f3, amely egy adott term\u00e9szetes szem\u00e9lyre, azaz egy egy\u00e9nre vonatkozik, f\u00fcggetlen\u00fcl att\u00f3l, hogy milyen form\u00e1ban jelenik meg.\u00a0 Ezek olyan adatok, amelyek alapj\u00e1n \u00d6nt azonos\u00edtani lehet: csal\u00e1di n\u00e9v, ut\u00f3n\u00e9v, e-mail c\u00edm, stb&#8230; A\u00a0<a href=\"https:\/\/www.lipro.pro\/\">www.lipro.pro<\/a>\u00a0weboldalon tal\u00e1lhat\u00f3 szem\u00e9lyes adatok kezel\u0151je a Lipro.<\/p>\n<p><strong>Hol \u00e9s mennyi ideig t\u00e1roljuk az \u00d6n szem\u00e9lyes adatait<\/strong><\/p>\n<p>Az \u00d6n \u00e1ltal digit\u00e1lisan megadott szem\u00e9lyes adatokat a t\u00e1rhelyszolg\u00e1ltat\u00f3 vagy az \u00e1ltalunk haszn\u00e1lt eszk\u00f6z\u00f6kkel rendelkez\u0151 v\u00e1llalatok e c\u00e9lra b\u00e9relt szerverein t\u00e1roltak. P\u00e9ld\u00e1ul egy e-mail kommunik\u00e1ci\u00f3s eszk\u00f6z szolg\u00e1ltat\u00f3ja adatokat t\u00e1rol a c\u00edmzettekr\u0151l. Az \u00f6sszegy\u0171jt\u00f6tt szem\u00e9lyes adatokat mindaddig meg\u0151rizz\u00fck, am\u00edg \u00d6n nem jelzi, hogy nem j\u00e1rul hozz\u00e1 szem\u00e9lyes adatainak t\u00e1rol\u00e1s\u00e1hoz \u00e9s feldolgoz\u00e1s\u00e1hoz, vagy csak addig, am\u00edg az a feldolgoz\u00e1s c\u00e9lj\u00e1nak el\u00e9r\u00e9s\u00e9hez vagy a jogi k\u00f6vetelm\u00e9nyeknek val\u00f3 megfelel\u00e9shez sz\u00fcks\u00e9ges.<\/p>\n<p><strong>Szem\u00e9lyes adatok gy\u0171jt\u00e9se, feldolgoz\u00e1sa \u00e9s felhaszn\u00e1l\u00e1sa<\/strong><\/p>\n<p>Szem\u00e9lyes adatait kiz\u00e1r\u00f3lag a t\u00f6rv\u00e9nyben meghat\u00e1rozott c\u00e9lokb\u00f3l vagy az \u00d6n kifejezett hozz\u00e1j\u00e1rul\u00e1sa alapj\u00e1n gy\u0171jtj\u00fck, kezelj\u00fck \u00e9s dolgozzuk fel. A hozz\u00e1j\u00e1rul\u00e1s alapj\u00e1n gy\u0171jt\u00f6tt adatokat els\u0151sorban az \u00d6nnel val\u00f3 kommunik\u00e1ci\u00f3ra \u00e9s szolg\u00e1ltat\u00e1saink fejleszt\u00e9s\u00e9re haszn\u00e1ljuk. V\u00e1llaljuk, hogy az \u00d6n szem\u00e9lyes adatait el\u0151zetes \u00e9rtes\u00edt\u00e9s \u00e9s az \u00d6n kifejezett \u00edr\u00e1sos hozz\u00e1j\u00e1rul\u00e1sa n\u00e9lk\u00fcl nem k\u00f6lcs\u00f6n\u00f6zz\u00fck vagy \u00e9rt\u00e9kes\u00edtj\u00fck harmadik f\u00e9lnek.<\/p>\n<p><strong>A szem\u00e9lyes adatok feldolgoz\u00e1s\u00e1hoz adott hozz\u00e1j\u00e1rul\u00e1s visszavon\u00e1sa<\/strong><\/p>\n<p>\u00d6n jogosult arra, hogy b\u00e1rmikor visszavonja a szem\u00e9lyes adatok feldolgoz\u00e1s\u00e1hoz adott hozz\u00e1j\u00e1rul\u00e1s\u00e1t. \u00d6n visszavonhatja a jog\u00e1t b\u00e1rmely vagy valamennyi olyan c\u00e9lb\u00f3l, amelyhez hozz\u00e1j\u00e1rult szem\u00e9lyes adatainak feldolgoz\u00e1s\u00e1hoz. A szem\u00e9lyes adatok feldolgoz\u00e1s\u00e1hoz val\u00f3 hozz\u00e1j\u00e1rul\u00e1s visszavon\u00e1s\u00e1ra vonatkoz\u00f3 \u00edr\u00e1sbeli nyilatkozatot k\u00fcldje el a k\u00f6vetkez\u0151 c\u00edmre: Lipro, vagy az\u00a0<a href=\"mailto:info@lipro.si\">info@lipro.si<\/a>e-mail c\u00edmre. A szem\u00e9lyes adatok gy\u0171jt\u00e9s\u00e9hez vagy feldolgoz\u00e1s\u00e1hoz adott hozz\u00e1j\u00e1rul\u00e1s visszavon\u00e1sa eset\u00e9n minden olyan gy\u0171jt\u00f6tt szem\u00e9lyes adat, amelyre a t\u00f6rl\u00e9si k\u00e9relem vonatkozik, t\u00f6rl\u00e9sre ker\u00fcl vagy mentes\u00fcl az automatikus feldolgoz\u00e1s al\u00f3l. A szem\u00e9lyes adatok feldolgoz\u00e1s\u00e1hoz adott hozz\u00e1j\u00e1rul\u00e1s visszavon\u00e1sa nem \u00e9rinti az \u00d6nre vonatkoz\u00f3 szem\u00e9lyes adatok feldolgoz\u00e1s\u00e1nak jogszer\u0171s\u00e9g\u00e9t a visszavon\u00e1sig, valamint az ilyen szem\u00e9lyes adatoknak a t\u00f6rv\u00e9nyben meghat\u00e1rozott c\u00e9lokra t\u00f6rt\u00e9n\u0151 felhaszn\u00e1l\u00e1s\u00e1t.<\/p>\n<p><strong>Az \u00d6n jogai a szem\u00e9lyes adatok v\u00e9delme ter\u00e9n<\/strong><\/p>\n<p><strong>A t\u00f6rl\u00e9shez\/elfeledtet\u00e9shez val\u00f3 joga<br \/><\/strong>\u00d6nnek b\u00e1rmikor joga van k\u00e9rni az adatkezel\u0151t\u0151l az \u00d6nre vonatkoz\u00f3 pontatlan vagy hi\u00e1nyos szem\u00e9lyes adatok helyesb\u00edt\u00e9s\u00e9t vagy m\u00f3dos\u00edt\u00e1s\u00e1t. B\u00e1rmikor k\u00e9rheti az adatkezel\u0151 \u00e1ltal \u00d6nr\u0151l gy\u0171jt\u00f6tt adatokhoz val\u00f3 hozz\u00e1f\u00e9r\u00e9st, illetve szem\u00e9lyes adatainak azonnali t\u00f6rl\u00e9s\u00e9t. Szem\u00e9lyes adatainak helyesb\u00edt\u00e9se, m\u00f3dos\u00edt\u00e1sa vagy t\u00f6rl\u00e9se eset\u00e9n halad\u00e9ktalanul t\u00e1j\u00e9koztatnunk kell \u00d6nt a helyesb\u00edt\u00e9sr\u0151l, m\u00f3dos\u00edt\u00e1sr\u00f3l vagy t\u00f6rl\u00e9sr\u0151l.<\/p>\n<p><strong>A szem\u00e9lyes adatai kezel\u00e9s\u00e9nek korl\u00e1toz\u00e1s\u00e1hoz val\u00f3 joga<br \/><\/strong>\u00d6nnek b\u00e1rmikor joga van k\u00e9rni, hogy korl\u00e1tozzuk szem\u00e9lyes adatainak kezel\u00e9s\u00e9t azok pontatlans\u00e1ga, jogelleness\u00e9ge, az adatkezel\u00e9s c\u00e9lj\u00e1nak megsz\u0171n\u00e9se vagy kifog\u00e1s beny\u00fajt\u00e1sa eset\u00e9n.<\/p>\n<p><strong>Az adatok hordozhat\u00f3s\u00e1g\u00e1hoz val\u00f3 jog:\u00a0<\/strong>\u00d6nnek b\u00e1rmikor joga van k\u00e9rni, hogy az \u00d6nre vonatkoz\u00f3, \u00e1ltalunk feldolgozott szem\u00e9lyes adatokat tov\u00e1bb\u00edtsuk \u00d6nnek. \u00d6nnek b\u00e1rmikor joga van k\u00e9rni, hogy az \u00d6nnel kapcsolatban feldolgozott szem\u00e9lyes adatait egy m\u00e1sik adatkezel\u0151nek tov\u00e1bb\u00edtsuk.<\/p>\n<p><strong>A tiltakoz\u00e1s joga<\/strong><br \/>Szem\u00e9lyes adatainak t\u00e1j\u00e9koztat\u00e1s vagy rekl\u00e1moz\u00e1s c\u00e9lj\u00e1b\u00f3l t\u00f6rt\u00e9n\u0151 felhaszn\u00e1l\u00e1s\u00e1hoz az \u00d6n kifejezett hozz\u00e1j\u00e1rul\u00e1sa sz\u00fcks\u00e9ges. Abban az esetben, ha \u00d6n a hozz\u00e1j\u00e1rul\u00e1sa alapj\u00e1n inform\u00e1ci\u00f3kat vagy kereskedelmi prom\u00f3ci\u00f3s tartalmakat kap, b\u00e1rmikor \u00edr\u00e1sban k\u00e9rheti adatai ilyen c\u00e9l\u00fa felhaszn\u00e1l\u00e1s\u00e1nak megsz\u00fcntet\u00e9s\u00e9t.<\/p>\n<p><strong>Az \u00d6nre vonatkoz\u00f3 szem\u00e9lyes adatokhoz val\u00f3 hozz\u00e1f\u00e9r\u00e9s joga<\/strong><br \/>\u00d6n b\u00e1rmikor jogosult arra, hogy visszaigazol\u00e1st kapjon arr\u00f3l, hogy az \u00d6nre vonatkoz\u00f3an szem\u00e9lyes adatok feldolgoz\u00e1sa folyamatban van-e, \u00e9s hozz\u00e1f\u00e9rjen az \u00d6nre vonatkoz\u00f3 szem\u00e9lyes adatokhoz, valamint a k\u00f6vetkez\u0151 inform\u00e1ci\u00f3khoz: az adatfeldolgoz\u00e1s c\u00e9lja, az adatfeldolgoz\u00e1ssal kapcsolatos szem\u00e9lyes adatok t\u00edpusa, az \u00d6n szem\u00e9lyes adatainak felhaszn\u00e1l\u00f3i, a szem\u00e9lyes adatok meg\u0151rz\u00e9s\u00e9nek tervezett id\u0151tartama, a szem\u00e9lyes adatok forr\u00e1sa.<\/p>\n<p><strong>\u00a0<\/strong><\/p>\n<p><strong>A szem\u00e9lyes adatok v\u00e9delm\u00e9nek kock\u00e1zata<\/strong><\/p>\n<p>A szem\u00e9lyes adatok v\u00e9delm\u00e9t fenyeget\u0151 vesz\u00e9ly eset\u00e9n indokolatlan k\u00e9sedelem n\u00e9lk\u00fcl, de legk\u00e9s\u0151bb 72 \u00f3r\u00e1n bel\u00fcl \u00e9rtes\u00edtj\u00fck az illet\u00e9kes hat\u00f3s\u00e1got, miut\u00e1n tudom\u00e1st szerezt\u00fcnk az \u00d6n szem\u00e9lyes adatainak v\u00e9delm\u00e9t fenyeget\u0151 vesz\u00e9lyr\u0151l.<\/p>\n<p><strong>Fontos inform\u00e1ci\u00f3k az \u00d6n szem\u00e9lyes adatainak feldolgoz\u00e1s\u00e1val kapcsolatban<\/strong><\/p>\n<p>V\u00e1llaljuk, hogy az \u00f6sszegy\u0171jt\u00f6tt adatokat kiz\u00e1r\u00f3lag a szem\u00e9lyes adatok kezel\u00e9s\u00e9nek vagy feldolgoz\u00e1s\u00e1nak felsorolt c\u00e9ljai keret\u00e9ben, valamint a szem\u00e9lyes adatok v\u00e9delm\u00e9r\u0151l sz\u00f3l\u00f3 t\u00f6rv\u00e9ny \u00e9s m\u00e1s vonatkoz\u00f3 \u00e1gazati jogszab\u00e1lyok, valamint a szem\u00e9lyes adatok feldolgoz\u00e1sa vonatkoz\u00e1s\u00e1ban az egy\u00e9nek v\u00e9delm\u00e9r\u0151l sz\u00f3l\u00f3 (EU) 2016\/679 rendelet (GDPR) szerint kezelj\u00fck.<\/p>\n<\/p>\n<p><strong>Milyen s\u00fctiket haszn\u00e1l a weboldal?<\/strong><\/p>\n<ol>\n<li><strong> Szigor\u00faan sz\u00fcks\u00e9ges s\u00fctik<\/strong><\/li>\n<\/ol>\n<p>A szigor\u00faan sz\u00fcks\u00e9ges s\u00fctiket mindig enged\u00e9lyezni kell, hogy el tudjuk menteni az \u00d6n s\u00fcti-be\u00e1ll\u00edt\u00e1sait.<\/p>\n<table width=\"523\">\n<tbody>\n<tr>\n<td width=\"208\">\n<p>Megnevez\u00e9s<\/p>\n<\/td>\n<td width=\"129\">\n<p>Szolg\u00e1ltat\u00f3<\/p>\n<\/td>\n<td width=\"113\">\n<p>Haszn\u00e1lat<\/p>\n<\/td>\n<td width=\"73\">\n<p>Id\u0151tartam<\/p>\n<\/td>\n<\/tr>\n<tr>\n<td width=\"208\">\n<p>hideCovidNotice<\/p>\n<\/td>\n<td width=\"129\">\n<p><a href=\"https:\/\/www.lipro.pro\/\">www.lipro.pro<\/a><\/p>\n<\/td>\n<td width=\"113\">\n<p>A covid banner megjelen\u00edt\u00e9si be\u00e1ll\u00edt\u00e1s ment\u00e9se.<\/p>\n<\/td>\n<td width=\"73\">\n<p>A munkamenet lej\u00e1rt<\/p>\n<\/td>\n<\/tr>\n<tr>\n<td width=\"208\">\n<p>wp-wpml_current_language<\/p>\n<\/td>\n<td width=\"129\">\n<p><a href=\"https:\/\/www.lipro.pro\/\">www.lipro.pro<\/a><\/p>\n<\/td>\n<td width=\"113\">\n<p>A kiv\u00e1lasztott nyelv ment\u00e9se<\/p>\n<\/td>\n<td width=\"73\">\n<p>24 \u00f3ra<\/p>\n<\/td>\n<\/tr>\n<tr>\n<td width=\"208\">\n<p>moove_gdpr_popup<\/p>\n<\/td>\n<td width=\"129\">\n<p><a href=\"https:\/\/www.lipro.pro\/\">www.lipro.pro<\/a><\/p>\n<\/td>\n<td width=\"113\">\n<\/td>\n<td width=\"73\">\n<p>1 \u00e9v<\/p>\n<\/td>\n<\/tr>\n<\/tbody>\n<\/table>\n<p><strong>\u00a0<\/strong><\/p>\n<p><strong>\u00a0<\/strong><\/p>\n<ol start=\"2\">\n<li><strong> Google<\/strong><\/li>\n<\/ol>\n<p>A Google a s\u00fctiket a n\u00e9pszer\u0171 felhaszn\u00e1l\u00f3i be\u00e1ll\u00edt\u00e1sok t\u00e1rol\u00e1s\u00e1hoz, a nyelvi verzi\u00f3k, a megjelen\u00edtett tal\u00e1latok \u00e9s \u00e9rt\u00e9kek sz\u00e1m\u00e1nak \u00f6sszegy\u0171jt\u00e9s\u00e9hez, az inform\u00e1ci\u00f3k megjelen\u00edt\u00e9s\u00e9hez a Google T\u00e9rk\u00e9pen, valamint ennek az internetes \u00f3ri\u00e1snak sz\u00e1mos egy\u00e9b szolg\u00e1ltat\u00e1s\u00e1hoz haszn\u00e1lja.<\/p>\n<p><a href=\"https:\/\/policies.google.com\/technologies\/cookies?hl=sl\" target=\"_blank\" rel=\"noopener\">B\u0151vebben<\/a><\/p>\n<p><strong>\u00a0<\/strong><\/p>\n<ol start=\"3\">\n<li><strong> Google Analytics<\/strong><\/li>\n<\/ol>\n<p>A Google Analytics egy webanalitikai szolg\u00e1ltat\u00e1s. Inform\u00e1ci\u00f3t ny\u00fajt sz\u00e1munkra a weboldalunk felhaszn\u00e1l\u00f3i viselked\u00e9s\u00e9r\u0151l, \u00e9s ez\u00e1ltal jobb felhaszn\u00e1l\u00f3i \u00e9lm\u00e9nyt ny\u00fajtunk, relev\u00e1ns tartalmat jelen\u00edt\u00fcnk meg, stb. Ezen inform\u00e1ci\u00f3k elolvas\u00e1sa sor\u00e1n nem tudjuk szem\u00e9lyesen azonos\u00edtani \u00d6nt. Ezeknek a s\u00fctiknek az \u00e9lettartama legfeljebb 2 \u00e9v.<\/p>\n<p><strong>P\u00e9lda haszn\u00e1lt s\u00fctikre:<\/strong><\/p>\n<table width=\"627\">\n<tbody>\n<tr>\n<td>\n<p>Megnevez\u00e9s<\/p>\n<\/td>\n<td>\n<p>Szolg\u00e1ltat\u00f3<\/p>\n<\/td>\n<td>\n<p>Haszn\u00e1lat<\/p>\n<\/td>\n<td>\n<p>Id\u0151tartam<\/p>\n<\/td>\n<\/tr>\n<tr>\n<td>\n<p>_gat_UA-2764728-49<\/p>\n<\/td>\n<td>\n<p>Google Analytics<\/p>\n<\/td>\n<td>\n<p>A s\u00fcti a k\u00fcld\u00f6tt k\u00e9r\u00e9sek sz\u00e1m\u00e1nak korl\u00e1toz\u00e1s\u00e1ra szolg\u00e1l. Ha a Google Analytics a Google Tag Manager seg\u00edts\u00e9g\u00e9vel ker\u00fcl hozz\u00e1ad\u00e1sra, akkor ez a s\u00fcti a &#8222;_dc_gtm_\" nevet viseli.<\/p>\n<\/td>\n<td>\n<p>1 perc<\/p>\n<\/td>\n<\/tr>\n<tr>\n<td>\n<p>_ga<\/p>\n<\/td>\n<td>\n<p>Google Analytics<\/p>\n<\/td>\n<td>\n<p>A felhaszn\u00e1l\u00f3k azonos\u00edt\u00e1sa.<\/p>\n<\/td>\n<td>\n<p>2 \u00e9v<\/p>\n<\/td>\n<\/tr>\n<tr>\n<td>\n<p>_gid<\/p>\n<\/td>\n<td>\n<p>Google Analytics<\/p>\n<\/td>\n<td>\n<p>A felhaszn\u00e1l\u00f3k azonos\u00edt\u00e1sa.<\/p>\n<\/td>\n<td>\n<p>24 \u00f3ra<\/p>\n<\/td>\n<\/tr>\n<tr>\n<td>\n<p>_gac_<\/p>\n<\/td>\n<td>\n<p>Google Analytics<\/p>\n<\/td>\n<td>\n<p>Felhaszn\u00e1l\u00f3nk\u00e9nti kamp\u00e1nyadatokat tartalmaz.<\/p>\n<\/td>\n<td>\n<p>90 nap<\/p>\n<\/td>\n<\/tr>\n<\/tbody>\n<\/table>\n<p><a href=\"https:\/\/developers.google.com\/analytics\/devguides\/collection\/gajs\/cookie-usage?hl=en\" target=\"_blank\" rel=\"noopener\">B\u0151vebben<\/a><\/p>\n<p><strong>\u00a0<\/strong><\/p>\n<ol start=\"4\">\n<li><strong> YouTube<\/strong><\/li>\n<\/ol>\n<p>A YouTube szolg\u00e1ltat\u00e1s\u00e1t vide\u00f3k lej\u00e1tsz\u00e1s\u00e1ra haszn\u00e1ljuk, a cookie-kat pedig a megtekint\u00e9si adatok r\u00f6gz\u00edt\u00e9s\u00e9re, a kedvenc felhaszn\u00e1l\u00f3i be\u00e1ll\u00edt\u00e1sok t\u00e1rol\u00e1s\u00e1ra, a relev\u00e1ns vide\u00f3k megtekint\u00e9s\u00e9re stb. Ezeknek a s\u00fctiknek az \u00e9lettartama legfeljebb 10 \u00e9v.<\/p>\n<table width=\"614\">\n<tbody>\n<tr>\n<td>\n<p>Megnevez\u00e9s<\/p>\n<\/td>\n<td>\n<p>Szolg\u00e1ltat\u00f3<\/p>\n<\/td>\n<td>\n<p>Haszn\u00e1lat<\/p>\n<\/td>\n<td>\n<p>Id\u0151tartam<\/p>\n<\/td>\n<\/tr>\n<tr>\n<td>\n<p>PREF<\/p>\n<\/td>\n<td>\n<p>Youtube<\/p>\n<\/td>\n<td>\n<p>S\u00fcti a be\u00e1ll\u00edt\u00e1sok t\u00e1rol\u00e1s\u00e1ra.<\/p>\n<\/td>\n<td>\n<p>10 \u00e9v<\/p>\n<\/td>\n<\/tr>\n<tr>\n<td>\n<p>VISITOR_INFO1_LIVE<\/p>\n<\/td>\n<td>\n<p>Youtube<\/p>\n<\/td>\n<td>\n<p>Ez a s\u00fcti lehet\u0151v\u00e9 teszi a Youtube sz\u00e1m\u00e1ra az \u00d6n internetkapcsolat\u00e1nak m\u00e9r\u00e9s\u00e9t.<\/p>\n<\/td>\n<td>\n<p>8 h\u00f3nap<\/p>\n<\/td>\n<\/tr>\n<tr>\n<td>\n<p>YSC<\/p>\n<\/td>\n<td>\n<p>Youtube<\/p>\n<\/td>\n<td>\n<p>A s\u00fctit a Youtube \u201ebe\u00e1gyazott vide\u00f3\u201d m\u00f3dban telep\u00edti.<\/p>\n<\/td>\n<td>\n<p>A munkamenet lej\u00e1rt<\/p>\n<\/td>\n<\/tr>\n<\/tbody>\n<\/table>\n<p><strong>\u00a0<\/strong><\/p>\n<p><strong>\u00a0<\/strong><\/p>\n<p><strong>Hogyan kezelheti vagy t\u00f6r\u00f6lheti a s\u00fctiket?<\/strong><\/p>\n<p>Nem haszn\u00e1lunk s\u00fctiket szem\u00e9lyes azonos\u00edt\u00f3 adatainak gy\u0171jt\u00e9s\u00e9re, de a s\u00fctik haszn\u00e1lat\u00e1nak be\u00e1ll\u00edt\u00e1sait a sz\u00e1m\u00edt\u00f3g\u00e9p vagy mobil eszk\u00f6z b\u00f6ng\u00e9sz\u0151j\u00e9ben is m\u00f3dos\u00edthatja. A legt\u00f6bb modern b\u00f6ng\u00e9sz\u0151 lehet\u0151v\u00e9 teszi az \u00f6sszes s\u00fctik elfogad\u00e1s\u00e1t vagy elutas\u00edt\u00e1s\u00e1t, csak bizonyos t\u00edpus\u00fa s\u00fctik elfogad\u00e1s\u00e1t vagy elutas\u00edt\u00e1s\u00e1t, vagy figyelmeztet\u00e9st \u00e1ll\u00edthat be arr\u00f3l, hogy a webhely s\u00fctiket akar t\u00e1rolni az eszk\u00f6z\u00e9n. T\u00f6r\u00f6lheti azokat a s\u00fctiket is, amelyeket a b\u00f6ng\u00e9sz\u0151 m\u00e1r t\u00e1rolt az eszk\u00f6z\u00e9n. Felh\u00edvjuk figyelm\u00e9t, hogy a s\u00fctik kikapcsol\u00e1sa eset\u00e9n el\u0151fordulhat, hogy a weboldal minden funkci\u00f3ja nem m\u0171k\u00f6dik egyform\u00e1n hat\u00e9konyan, minden egyes l\u00e1togat\u00e1skor figyelmeztet\u00e9s jelenik meg a s\u00fctik haszn\u00e1lat\u00e1r\u00f3l, \u00e9s hossz\u00fa t\u00e1von ez negat\u00edvan befoly\u00e1solja a felhaszn\u00e1l\u00f3i \u00e9lm\u00e9nyt. A s\u00fcti-be\u00e1ll\u00edt\u00e1sok m\u00f3dos\u00edt\u00e1s\u00e1nak folyamata b\u00f6ng\u00e9sz\u0151nk\u00e9nt elt\u00e9r\u0151. Err\u0151l a &#8222;S\u00fag\u00f3\" funkci\u00f3 seg\u00edts\u00e9g\u00e9vel t\u00e1j\u00e9koz\u00f3dhat, l\u00e1togasson el a\u00a0<a href=\"http:\/\/www.aboutcookies.org\/\" target=\"_blank\" rel=\"noopener\">www.aboutcookies.org<\/a>oldalra, amely ismerteti a folyamatot minden modern b\u00f6ng\u00e9sz\u0151re, vagy vegye fel vel\u00fcnk a kapcsolatot\u00a0<a href=\"mailto:info@lipro.si\">e-mailben<\/a>. A Google Analytics s\u00fctik a\u00a0<a href=\"https:\/\/tools.google.com\/dlpage\/gaoptout?hl=en\" target=\"_blank\" rel=\"noopener\">Google Analytics<\/a>\u00a0linkeken rendelkez\u00e9sre \u00e1ll\u00f3 utas\u00edt\u00e1sok seg\u00edts\u00e9g\u00e9vel is letilthat\u00f3k. Tov\u00e1bbi inform\u00e1ci\u00f3 a s\u00fctikr\u0151l az\u00a0<a href=\"https:\/\/www.ip-rs.si\/\" target=\"_blank\" rel=\"noopener\">Inform\u00e1ci\u00f3s biztos \u00fatmutat\u00e1saiban is el\u00e9rhet\u0151.<\/a><\/p>\n<p><strong>\u00a0<\/strong><\/p>\n<p><strong>\u00c1ltal\u00e1nos<\/strong><\/p>\n<p>A Weboldal haszn\u00e1lat\u00e1b\u00f3l ered\u0151 b\u00e1rmely jogvit\u00e1ra a szlov\u00e9n jog az ir\u00e1nyad\u00f3. Az esetleges jogvit\u00e1k eld\u00f6nt\u00e9s\u00e9re a koperi b\u00edr\u00f3s\u00e1g rendelkezik joghat\u00f3s\u00e1ggal. A weboldal haszn\u00e1lat\u00e1val a felhaszn\u00e1l\u00f3 meger\u0151s\u00edti, hogy az itt le\u00edrt felt\u00e9teleket elfogadta \u00e9s azokkal egyet\u00e9rt.<\/p>\n<\/p>\n<p>\n<\/div><\/div><\/div><\/div><\/div><\/section>\n","protected":false},"excerpt":{"rendered":"","protected":false},"author":3,"featured_media":0,"parent":0,"menu_order":0,"comment_status":"closed","ping_status":"closed","template":"","meta":{"_acf_changed":false,"footnotes":""},"class_list":["post-6533","page","type-page","status-publish","hentry"],"acf":[],"_links":{"self":[{"href":"https:\/\/lipro.pro\/hu\/wp-json\/wp\/v2\/pages\/6533","targetHints":{"allow":["GET"]}}],"collection":[{"href":"https:\/\/lipro.pro\/hu\/wp-json\/wp\/v2\/pages"}],"about":[{"href":"https:\/\/lipro.pro\/hu\/wp-json\/wp\/v2\/types\/page"}],"author":[{"embeddable":true,"href":"https:\/\/lipro.pro\/hu\/wp-json\/wp\/v2\/users\/3"}],"replies":[{"embeddable":true,"href":"https:\/\/lipro.pro\/hu\/wp-json\/wp\/v2\/comments?post=6533"}],"version-history":[{"count":0,"href":"https:\/\/lipro.pro\/hu\/wp-json\/wp\/v2\/pages\/6533\/revisions"}],"wp:attachment":[{"href":"https:\/\/lipro.pro\/hu\/wp-json\/wp\/v2\/media?parent=6533"}],"curies":[{"name":"wp","href":"https:\/\/api.w.org\/{rel}","templated":true}]}}