{"id":6522,"date":"2022-08-04T07:53:03","date_gmt":"2022-08-04T07:53:03","guid":{"rendered":"http:\/\/lipro.razvija.se\/?page_id=6522"},"modified":"2024-01-19T10:25:40","modified_gmt":"2024-01-19T10:25:40","slug":"ugyfelszolgalat","status":"publish","type":"page","link":"https:\/\/lipro.pro\/hu\/ugyfelszolgalat\/","title":{"rendered":"\u00dcgyf\u00e9lszolg\u00e1lat"},"content":{"rendered":"<p><section class=\"kc-elm kc-css-161276 kc_row\"><div class=\" container\"><div class=\"row\"><\/div><\/div><\/section><section class=\"kc-elm kc-css-688228 kc_row\"><div class=\" container  contact-grid-custom\"><div class=\"row\"><div class=\"kc-elm kc-css-145095 col-lg-3 column col-12\"><div class=\"kc-col-container\">\n<div class=\"kc-elm kc-css-585197 kc-title-wrap \">\n\n\t<h4 class=\"kc_title\">A v\u00e1llalat vezet\u0151s\u00e9ge<\/h4>\n<\/div>\n<div class=\"kc-elm kc-css-274654 kc_text_block\"><\/p>\n<p>e: <a class=\"font-weight-normal\" href=\"mailto:info@lipro.si\"><b>info@lipro.si<\/b><\/a><\/p>\n<p>\n<\/div><\/div><\/div><div class=\"kc-elm kc-css-677601 col-lg-5 column col-12\"><div class=\"kc-col-container\"><div class=\"div-wrapper kc-elm kc-css-298172 \"><div class=\"kc-elm kc-css-265097 row\"><div class=\"kc-elm kc-css-893177 col-12 col-lg-6 column_inner\"><div class=\"kc_wrapper kc-col-inner-container\"><div class=\"kc-elm kc-css-126822 kc_shortcode kc_single_image\">\n\n        <img decoding=\"async\" src=\"https:\/\/lipro.pro\/wp-content\/uploads\/2022\/05\/Gregor-2.jpg\" class=\"\" alt=\"\" title=\"\">    <\/div>\n<\/div><\/div><div class=\"kc-elm kc-css-502409 col-12 col-lg-6 column_inner\"><div class=\"kc_wrapper kc-col-inner-container\"><div class=\"kc-elm kc-css-590339 kc_text_block\"><\/p>\n<p><strong>Gregor Pribac<\/strong><br \/>Igazgat\u00f3<\/p>\n<p>m: <a class=\"font-weight-normal\" href=\"tel:0038641294041\">00386 41 294 041<\/a><\/p>\n<p>\n<\/div><\/div><\/div><\/div><\/div><div class=\"div-wrapper kc-elm kc-css-740579 \"><div class=\"kc-elm kc-css-567757 row\"><div class=\"kc-elm kc-css-548127 col-12 col-lg-6 column_inner\"><div class=\"kc_wrapper kc-col-inner-container\"><div class=\"kc-elm kc-css-446281 kc_shortcode kc_single_image\">\n\n        <img decoding=\"async\" src=\"https:\/\/lipro.pro\/wp-content\/uploads\/2022\/05\/Albert-SI_-e1652788074169.jpg\" class=\"\" alt=\"\" title=\"\">    <\/div>\n<\/div><\/div><div class=\"kc-elm kc-css-959778 col-12 col-lg-6 column_inner\"><div class=\"kc_wrapper kc-col-inner-container\"><div class=\"kc-elm kc-css-52961 kc_text_block\"><\/p>\n<p><strong>Albert Pribac<\/strong><br \/>Tan\u00e1csad\u00f3<\/p>\n<p>\n<\/div><\/div><\/div><\/div><\/div><\/div><\/div><div class=\"kc-elm kc-css-850321 col-lg-5 column col-12\"><div class=\"kc-col-container\"><div class=\"div-wrapper kc-elm kc-css-589656 \"><div class=\"kc-elm kc-css-851715 row\"><div class=\"kc-elm kc-css-894947 col-12 col-lg-6 column_inner\"><div class=\"kc_wrapper kc-col-inner-container\"><div class=\"kc-elm kc-css-448919 kc_shortcode kc_single_image\">\n\n        <img decoding=\"async\" src=\"https:\/\/lipro.pro\/wp-content\/uploads\/2022\/05\/Gasper-1.jpg\" class=\"\" alt=\"\" title=\"\">    <\/div>\n<\/div><\/div><div class=\"kc-elm kc-css-470255 col-12 col-lg-6 column_inner\"><div class=\"kc_wrapper kc-col-inner-container\"><div class=\"kc-elm kc-css-175307 kc_text_block\"><\/p>\n<p><strong>Ga\u0161per Pribac<\/strong><br \/>M\u0171szaki igazgat\u00f3<\/p>\n<p>m: <a class=\"font-weight-normal\" href=\"tel:0038641 209 102\">00386 41 209 102<\/a><\/p>\n<p>\n<\/div><\/div><\/div><\/div><\/div><div class=\"div-wrapper kc-elm kc-css-414970 \"><div class=\"kc-elm kc-css-638657 row\"><div class=\"kc-elm kc-css-913045 col-12 col-lg-6 column_inner\"><div class=\"kc_wrapper kc-col-inner-container\"><div class=\"kc-elm kc-css-765199 kc_shortcode kc_single_image\">\n\n        <img decoding=\"async\" src=\"https:\/\/lipro.pro\/wp-content\/uploads\/2022\/05\/Barbara-SI_-e1652788806266.jpg\" class=\"\" alt=\"\" title=\"\">    <\/div>\n<\/div><\/div><div class=\"kc-elm kc-css-77560 col-12 col-lg-6 column_inner\"><div class=\"kc_wrapper kc-col-inner-container\"><div class=\"kc-elm kc-css-424651 kc_text_block\"><\/p>\n<p><strong>Barbara Pribac<br \/><\/strong>Vezet\u0151 tiszts\u00e9gvisel\u0151 &#8211; operat\u00edv vezet\u0151<\/p>\n<p>\n<\/div><\/div><\/div><\/div><\/div><\/div><\/div><\/div><\/div><\/section><section class=\"kc-elm kc-css-933107 kc_row\"><div class=\" container  contact-grid-custom\"><div class=\"row\"><div class=\"kc-elm kc-css-205921 col-lg-3 column col-12\"><div class=\"kc-col-container\">\n<div class=\"kc-elm kc-css-527562 kc-title-wrap \">\n\n\t<h4 class=\"kc_title\">\u00c9rt\u00e9kes\u00edt\u00e9si r\u00e9szleg<\/h4>\n<\/div>\n<div class=\"kc-elm kc-css-255534 kc_text_block\"><\/p>\n<p>e: <a class=\"font-weight-normal\" href=\"mailto:sales@lipro.si\"><b>sales@lipro.si<\/b><\/a><\/p>\n<p>\n<\/div><\/div><\/div><div class=\"kc-elm kc-css-156224 col-lg-5 column col-12\"><div class=\"kc-col-container\"><div class=\"div-wrapper kc-elm kc-css-865272 \"><div class=\"kc-elm kc-css-60967 row\"><div class=\"kc-elm kc-css-754423 col-12 col-lg-6 column_inner\"><div class=\"kc_wrapper kc-col-inner-container\"><div class=\"kc-elm kc-css-758664 kc_shortcode kc_single_image\">\n\n        <img decoding=\"async\" src=\"https:\/\/lipro.pro\/wp-content\/uploads\/2022\/05\/Bojan-1.jpg\" class=\"\" alt=\"\" title=\"\">    <\/div>\n<\/div><\/div><div class=\"kc-elm kc-css-351726 col-12 col-lg-6 column_inner\"><div class=\"kc_wrapper kc-col-inner-container\"><div class=\"kc-elm kc-css-175453 kc_text_block\"><\/p>\n<p><strong>Bojan Puklavec<\/strong><br \/>\u00c9rt\u00e9kes\u00edt\u00e9si r\u00e9szleg<\/p>\n<p>m: <a class=\"font-weight-normal\" href=\"tel:0038641 310 944\">00386 41 310 944<\/a><\/p>\n<p>\n<\/div><\/div><\/div><\/div><\/div><div class=\"div-wrapper kc-elm kc-css-429633 \"><div class=\"kc-elm kc-css-190641 row\"><div class=\"kc-elm kc-css-745487 col-12 col-lg-6 column_inner\"><div class=\"kc_wrapper kc-col-inner-container\"><div class=\"kc-elm kc-css-860244 kc_shortcode kc_single_image\">\n\n        <img decoding=\"async\" src=\"https:\/\/lipro.pro\/wp-content\/uploads\/2022\/05\/Armin-2.jpg\" class=\"\" alt=\"\" title=\"\">    <\/div>\n<\/div><\/div><div class=\"kc-elm kc-css-1574 col-12 col-lg-6 column_inner\"><div class=\"kc_wrapper kc-col-inner-container\"><div class=\"kc-elm kc-css-278712 kc_text_block\"><\/p>\n<p><strong>Armin Ma\u0161i\u0107<\/strong><br \/>\u00c9rt\u00e9kes\u00edt\u00e9si r\u00e9szleg<\/p>\n<p>m: <a href=\"tel:0038631 782 085\">00386 31 782 085<\/a><\/p>\n<p>\n<\/div><\/div><\/div><\/div><\/div><div class=\"div-wrapper kc-elm kc-css-689898 \"><div class=\"kc-elm kc-css-625158 row\"><div class=\"kc-elm kc-css-784503 col-12 col-lg-6 column_inner\"><div class=\"kc_wrapper kc-col-inner-container\"><div class=\"kc-elm kc-css-888375 kc_shortcode kc_single_image\">\n\n        <img decoding=\"async\" src=\"https:\/\/lipro.pro\/wp-content\/uploads\/2022\/05\/Rok-1.jpg\" class=\"\" alt=\"\" title=\"\">    <\/div>\n<\/div><\/div><div class=\"kc-elm kc-css-42709 col-12 col-lg-6 column_inner\"><div class=\"kc_wrapper kc-col-inner-container\"><div class=\"kc-elm kc-css-283073 kc_text_block\"><\/p>\n<p><strong>Rok Jelov\u010dan<\/strong><br \/>\u00c9rt\u00e9kes\u00edt\u00e9si r\u00e9szleg<\/p>\n<p>m: <a class=\"font-weight-normal\" href=\"tel:0038651 335 401\">00386 51 335 401<\/a><\/p>\n<p>\n<\/div><\/div><\/div><\/div><\/div><\/div><\/div><div class=\"kc-elm kc-css-641315 col-lg-5 column col-12\"><div class=\"kc-col-container\"><div class=\"div-wrapper kc-elm kc-css-130070 \"><div class=\"kc-elm kc-css-832812 row\"><div class=\"kc-elm kc-css-975098 col-12 col-lg-6 column_inner\"><div class=\"kc_wrapper kc-col-inner-container\"><div class=\"kc-elm kc-css-810535 kc_shortcode kc_single_image\">\n\n        <img decoding=\"async\" src=\"https:\/\/lipro.pro\/wp-content\/uploads\/2022\/05\/Zoran-1.jpg\" class=\"\" alt=\"\" title=\"\">    <\/div>\n<\/div><\/div><div class=\"kc-elm kc-css-27117 col-12 col-lg-6 column_inner\"><div class=\"kc_wrapper kc-col-inner-container\"><div class=\"kc-elm kc-css-74566 kc_text_block\"><\/p>\n<p><strong>Zoran Belac<\/strong><br \/>\u00c9rt\u00e9kes\u00edt\u00e9si r\u00e9szleg<\/p>\n<p>m: <a class=\"font-weight-normal\" href=\"tel:0038631 771 980\">00386 31 771 980<\/a><\/p>\n<p>\n<\/div><\/div><\/div><\/div><\/div><div class=\"div-wrapper kc-elm kc-css-332850 \"><div class=\"kc-elm kc-css-930239 row\"><div class=\"kc-elm kc-css-779164 col-12 col-lg-6 column_inner\"><div class=\"kc_wrapper kc-col-inner-container\"><div class=\"kc-elm kc-css-769401 kc_shortcode kc_single_image\">\n\n        <img decoding=\"async\" src=\"https:\/\/lipro.pro\/wp-content\/uploads\/2022\/05\/Jan-1.jpg\" class=\"\" alt=\"\" title=\"\">    <\/div>\n<\/div><\/div><div class=\"kc-elm kc-css-92516 col-12 col-lg-6 column_inner\"><div class=\"kc_wrapper kc-col-inner-container\"><div class=\"kc-elm kc-css-54351 kc_text_block\"><\/p>\n<p><strong>Jan Strle<\/strong><br \/>\u00c9rt\u00e9kes\u00edt\u00e9si r\u00e9szleg<\/p>\n<p>m: <a class=\"font-weight-normal\" href=\"tel:0038651 634 807\">00386 51 634 807<\/a><\/p>\n<p>\n<\/div><\/div><\/div><\/div><\/div><\/div><\/div><\/div><\/div><\/section><section class=\"kc-elm kc-css-190732 kc_row\"><div class=\" container  contact-grid-custom\"><div class=\"row\"><div class=\"kc-elm kc-css-744128 col-lg-3 column col-12\"><div class=\"kc-col-container\">\n<div class=\"kc-elm kc-css-929354 kc-title-wrap \">\n\n\t<h4 class=\"kc_title\">Beszerz\u00e9s<\/h4>\n<\/div>\n<div class=\"kc-elm kc-css-754549 kc_text_block\"><\/p>\n<p>e: <a href=\"mailto:purchase@lipro.si\" target=\"_blank\" rel=\"noopener\"><b>purchase@lipro.si<\/b><\/a><\/p>\n<p>\n<\/div><\/div><\/div><div class=\"kc-elm kc-css-416662 col-lg-5 column col-12\"><div class=\"kc-col-container\"><div class=\"div-wrapper kc-elm kc-css-268366 \"><div class=\"kc-elm kc-css-960226 row\"><div class=\"kc-elm kc-css-613165 col-12 col-lg-6 column_inner\"><div class=\"kc_wrapper kc-col-inner-container\"><div class=\"kc-elm kc-css-734171 kc_shortcode kc_single_image\">\n\n        <img decoding=\"async\" src=\"https:\/\/lipro.pro\/wp-content\/uploads\/2022\/05\/Dejan-1.jpg\" class=\"\" alt=\"\" title=\"\">    <\/div>\n<\/div><\/div><div class=\"kc-elm kc-css-158258 col-12 col-lg-6 column_inner\"><div class=\"kc_wrapper kc-col-inner-container\"><div class=\"kc-elm kc-css-94241 kc_text_block\"><\/p>\n<p><strong>Dejan Krmac<\/strong><br \/>Beszerz\u00e9s<\/p>\n<p>m: <a class=\"font-weight-normal\" href=\"tel:+38641 599 418\">00386 41 599 418<\/a><\/p>\n<p>\n<\/div><\/div><\/div><\/div><\/div><\/div><\/div><div class=\"kc-elm kc-css-586052 col-lg-5 column col-12\"><div class=\"kc-col-container\"><div class=\"div-wrapper kc-elm kc-css-853178 \"><div class=\"kc-elm kc-css-390526 row\"><div class=\"kc-elm kc-css-940036 col-12 col-lg-6 column_inner\"><div class=\"kc_wrapper kc-col-inner-container\"><\/div><\/div><div class=\"kc-elm kc-css-796711 col-12 col-lg-6 column_inner\"><div class=\"kc_wrapper kc-col-inner-container\"><\/div><\/div><\/div><\/div><\/div><\/div><\/div><\/div><\/section><section class=\"kc-elm kc-css-551320 kc_row\"><div class=\" container  contact-grid-custom\"><div class=\"row\"><div class=\"kc-elm kc-css-555138 col-lg-3 column col-12\"><div class=\"kc-col-container\">\n<div class=\"kc-elm kc-css-719787 kc-title-wrap \">\n\n\t<h4 class=\"kc_title\">Fejleszt\u00e9si r\u00e9szleg<\/h4>\n<\/div>\n<div class=\"kc-elm kc-css-567001 kc_text_block\"><\/p>\n<p>e: <a href=\"mailto:development@lipro.si\" target=\"_blank\" rel=\"noopener\"><b>development@lipro.si<\/b><\/a><\/p>\n<p>\n<\/div><\/div><\/div><div class=\"kc-elm kc-css-750466 col-lg-5 column col-12\"><div class=\"kc-col-container\"><div class=\"div-wrapper kc-elm kc-css-591553 \"><div class=\"kc-elm kc-css-944696 row\"><div class=\"kc-elm kc-css-842533 col-12 col-lg-6 column_inner\"><div class=\"kc_wrapper kc-col-inner-container\"><div class=\"kc-elm kc-css-583140 kc_shortcode kc_single_image\">\n\n        <img decoding=\"async\" src=\"https:\/\/lipro.pro\/wp-content\/uploads\/2022\/05\/Filip-1.jpg\" class=\"\" alt=\"\" title=\"\">    <\/div>\n<\/div><\/div><div class=\"kc-elm kc-css-582557 col-12 col-lg-6 column_inner\"><div class=\"kc_wrapper kc-col-inner-container\"><div class=\"kc-elm kc-css-486597 kc_text_block\"><\/p>\n<p><strong>Filip Kova\u010di\u010d<br \/><\/strong>Fejleszt\u00e9si r\u00e9szleg vezet\u0151je<\/p>\n<p>m: <a class=\"font-weight-normal\" href=\"tel:0038631 771 898\">00386 31 771 898<\/a><\/p>\n<p>\n<\/div><\/div><\/div><\/div><\/div><\/div><\/div><div class=\"kc-elm kc-css-628469 col-lg-5 column col-12\"><div class=\"kc-col-container\"><\/div><\/div><\/div><\/div><\/section><section class=\"kc-elm kc-css-361591 kc_row\"><div class=\" container  contact-grid-custom\"><div class=\"row\"><div class=\"kc-elm kc-css-907540 col-lg-3 column col-12\"><div class=\"kc-col-container\">\n<div class=\"kc-elm kc-css-734939 kc-title-wrap \">\n\n\t<h4 class=\"kc_title\">Rakt\u00e1r<\/h4>\n<\/div>\n<div class=\"kc-elm kc-css-321941 kc_text_block\"><\/p>\n<p>e: <a href=\"mailto:info@lipro.si\" target=\"_blank\" rel=\"noopener\"><b>info@lipro.si<\/b><\/a><\/p>\n<p>\n<\/div><\/div><\/div><div class=\"kc-elm kc-css-437768 col-lg-5 column col-12\"><div class=\"kc-col-container\"><div class=\"div-wrapper kc-elm kc-css-240687 \"><div class=\"kc-elm kc-css-596056 row\"><div class=\"kc-elm kc-css-837264 col-12 col-lg-6 column_inner\"><div class=\"kc_wrapper kc-col-inner-container\"><div class=\"kc-elm kc-css-686852 kc_shortcode kc_single_image\">\n\n        <img decoding=\"async\" src=\"https:\/\/lipro.pro\/wp-content\/uploads\/2022\/05\/Patrik-1.jpg\" class=\"\" alt=\"\" title=\"\">    <\/div>\n<\/div><\/div><div class=\"kc-elm kc-css-846285 col-12 col-lg-6 column_inner\"><div class=\"kc_wrapper kc-col-inner-container\"><div class=\"kc-elm kc-css-583488 kc_text_block\"><\/p>\n<p><strong>Patrik Suki\u010d <\/strong><br \/>Rakt\u00e1rvezet\u0151<\/p>\n<p>\n<\/div><\/div><\/div><\/div><\/div><\/div><\/div><div class=\"kc-elm kc-css-772864 col-lg-5 column col-12\"><div class=\"kc-col-container\"><\/div><\/div><\/div><\/div><\/section><section class=\"kc-elm kc-css-567209 kc_row\"><div class=\" container  contact-grid-custom\"><div class=\"row\"><div class=\"kc-elm kc-css-410626 col-lg-3 column col-12\"><div class=\"kc-col-container\">\n<div class=\"kc-elm kc-css-533501 kc-title-wrap \">\n\n\t<h4 class=\"kc_title\">Termel\u00e9s<\/h4>\n<\/div>\n<div class=\"kc-elm kc-css-926382 kc_text_block\"><\/p>\n<p>e: <a href=\"mailto:info@lipro.si\" target=\"_blank\" rel=\"noopener\"><b>info@lipro.si<\/b><\/a><\/p>\n<p>\n<\/div><\/div><\/div><div class=\"kc-elm kc-css-410498 col-lg-5 column col-12\"><div class=\"kc-col-container\"><div class=\"div-wrapper kc-elm kc-css-309967 \"><div class=\"kc-elm kc-css-859550 row\"><div class=\"kc-elm kc-css-141991 col-12 col-lg-6 column_inner\"><div class=\"kc_wrapper kc-col-inner-container\"><div class=\"kc-elm kc-css-601810 kc_shortcode kc_single_image\">\n\n        <img decoding=\"async\" src=\"https:\/\/lipro.pro\/wp-content\/uploads\/2022\/05\/Marko-1.jpg\" class=\"\" alt=\"\" title=\"\">    <\/div>\n<\/div><\/div><div class=\"kc-elm kc-css-628356 col-12 col-lg-6 column_inner\"><div class=\"kc_wrapper kc-col-inner-container\"><div class=\"kc-elm kc-css-923417 kc_text_block\"><\/p>\n<p><strong>Marko \u0160kropeta <br \/><\/strong>Termel\u00e9si vezet\u0151<\/p>\n<p>\n<\/div><\/div><\/div><\/div><\/div><\/div><\/div><div class=\"kc-elm kc-css-9127 col-lg-5 column col-12\"><div class=\"kc-col-container\"><\/div><\/div><\/div><\/div><\/section><\/p>\n","protected":false},"excerpt":{"rendered":"<p>Lelkes munkat\u00e1rsak csapata, amely \u00fcgyf\u00e9lre szabott megold\u00e1sokat k\u00edn\u00e1l a gy\u00e1rt\u00e1s automatiz\u00e1l\u00e1s\u00e1ban a szlov\u00e9niai \u00e9s az eur\u00f3pai piacon.<\/p>\n","protected":false},"author":3,"featured_media":4059,"parent":0,"menu_order":0,"comment_status":"closed","ping_status":"closed","template":"page-templates\/fullwidthpage-main.php","meta":{"_acf_changed":false,"footnotes":""},"class_list":["post-6522","page","type-page","status-publish","has-post-thumbnail","hentry"],"acf":[],"_links":{"self":[{"href":"https:\/\/lipro.pro\/hu\/wp-json\/wp\/v2\/pages\/6522","targetHints":{"allow":["GET"]}}],"collection":[{"href":"https:\/\/lipro.pro\/hu\/wp-json\/wp\/v2\/pages"}],"about":[{"href":"https:\/\/lipro.pro\/hu\/wp-json\/wp\/v2\/types\/page"}],"author":[{"embeddable":true,"href":"https:\/\/lipro.pro\/hu\/wp-json\/wp\/v2\/users\/3"}],"replies":[{"embeddable":true,"href":"https:\/\/lipro.pro\/hu\/wp-json\/wp\/v2\/comments?post=6522"}],"version-history":[{"count":0,"href":"https:\/\/lipro.pro\/hu\/wp-json\/wp\/v2\/pages\/6522\/revisions"}],"wp:featuredmedia":[{"embeddable":true,"href":"https:\/\/lipro.pro\/hu\/wp-json\/wp\/v2\/media\/4059"}],"wp:attachment":[{"href":"https:\/\/lipro.pro\/hu\/wp-json\/wp\/v2\/media?parent=6522"}],"curies":[{"name":"wp","href":"https:\/\/api.w.org\/{rel}","templated":true}]}}