{"id":6481,"date":"2022-08-04T07:34:58","date_gmt":"2022-08-04T07:34:58","guid":{"rendered":"http:\/\/lipro.razvija.se\/?page_id=6481"},"modified":"2023-01-06T09:17:49","modified_gmt":"2023-01-06T09:17:49","slug":"tortenelmunk-fontos-merfoldkovei","status":"publish","type":"page","link":"https:\/\/lipro.pro\/hu\/a-vallalatrol\/tortenelmunk-fontos-merfoldkovei\/","title":{"rendered":"T\u00f6rt\u00e9nelm\u00fcnk fontos m\u00e9rf\u00f6ldk\u00f6vei"},"content":{"rendered":"<p><section class=\"kc-elm kc-css-842123 kc_row\"><div class=\" container\"><div class=\"row\"><div class=\"kc-elm kc-css-523242 col-lg-12 column col-12\"><div class=\"kc-col-container\">\n<div class=\"kc-elm kc-css-927328 kc-title-wrap \">\n\n\t<h2 class=\"kc_title\">T\u00f6rt\u00e9nelm\u00fcnk fontos m\u00e9rf\u00f6ldk\u00f6vei<\/h2>\n<\/div>\n<\/div><\/div><\/div><\/div><\/section><section id=\"history\" class=\"kc-elm kc-css-819541 kc_row\"><div class=\" container\"><div class=\"row\"><div class=\"kc-elm kc-css-557311 column col-md-7\"><div class=\"kc-col-container\"><div class=\"kc-elm kc-css-597659 kc_text_block\"><\/p>\n<p>A Lipro kezdetei 1998-ra ny\u00falnak vissza, amikor Albert \u00e9s Barbara Pribac a koperi csal\u00e1di m\u0171helyben kezdt\u00e9k v\u00e1llalkoz\u00e1sukat. V\u00e1llalkoz\u00e1suk b\u0151v\u00fcl\u00e9se miatt, hamarosan valamivel nagyobb b\u00e9relt helyis\u00e9gekbe helyezik \u00e1t tev\u00e9kenys\u00e9g\u00fcket Koperbe.<\/p>\n<p>\n<\/div><div class=\"kc-elm kc-css-584958 kc_text_block year\"><\/p>\n<p>1998-2003<\/p>\n<p>\n<\/div><\/div><\/div><\/div><\/div><\/section><section id=\"history\" class=\"kc-elm kc-css-319932 kc_row\"><div class=\" container\"><div class=\"row\"><div class=\"kc-elm kc-css-871445 column col-md-7\"><div class=\"kc-col-container\"><div class=\"kc-elm kc-css-393798 kc_text_block\"><\/p>\n<p>A j\u00f3 munkaeredm\u00e9nyek lehet\u0151v\u00e9 teszik egy \u00faj, nagyobb termel\u0151kapacit\u00e1s\u00fa csarnok \u00e9p\u00edt\u00e9s\u00e9t a k\u00f6zvetlen k\u00f6zelben. A v\u00e1llalat megtervezi \u00e9s kifejleszti az els\u0151 PSC-90 l\u00e1ncos sz\u00e1ll\u00edt\u00f3rendszert. Megjelenik az els\u0151 \u00bbModul\u00e1ris rendszer\u00ab katal\u00f3gus. 2006-ban, a 12. celjei Terotech-Maintenance v\u00e1s\u00e1ron, a v\u00e1llalat bronz\u00e9rmet kap ez\u00e9rt a program\u00e9rt.<\/p>\n<p>\n<\/div><div class=\"kc-elm kc-css-52488 kc_text_block year\"><\/p>\n<p>2004-2007<\/p>\n<p>\n<\/div><\/div><\/div><\/div><\/div><\/section><section id=\"history\" class=\"kc-elm kc-css-602541 kc_row\"><div class=\" container\"><div class=\"row\"><div class=\"kc-elm kc-css-394514 column col-md-7\"><div class=\"kc-col-container\"><div class=\"kc-elm kc-css-81403 kc_text_block\"><\/p>\n<p>A v\u00e1llalat 10 \u00e9ves sikeres m\u0171k\u00f6d\u00e9s\u00e9t \u00fcnnepli. 2009-ben a v\u00e1llalat kiadja a TB sz\u00e1ll\u00edt\u00f3szalagok katal\u00f3gus\u00e1t. Kifejleszti a PS-Solar sz\u00e1ll\u00edt\u00f3rendszert, a PSR 50\/60 hajtott g\u00f6rg\u0151s p\u00e1ly\u00e1t \u00e9s a cs\u0151 modul\u00e1ris rendszert, amely\u00e9rt ez\u00fcst d\u00edjat kap a 16. celjei Terotech-Maintenance v\u00e1s\u00e1ron. Ezt k\u00f6veti a sz\u00e1ll\u00edt\u00f3rendszerek katal\u00f3gus\u00e1nak kiad\u00e1sa.<\/p>\n<p>\n<\/div><div class=\"kc-elm kc-css-269478 kc_text_block year\"><\/p>\n<p>2008-2013<\/p>\n<p>\n<\/div><\/div><\/div><\/div><\/div><\/section><section id=\"history\" class=\"kc-elm kc-css-547304 kc_row\"><div class=\" container\"><div class=\"row\"><div class=\"kc-elm kc-css-810049 column col-md-7\"><div class=\"kc-col-container\"><div class=\"kc-elm kc-css-520738 kc_text_block\"><\/p>\n<p>2014 janu\u00e1rj\u00e1ban a v\u00e1llalat \u00faj helyre k\u00f6lt\u00f6zik Dekani-ba, ahol jobb munkak\u00f6r\u00fclm\u00e9nyeket biztos\u00edt alkalmazottai sz\u00e1m\u00e1ra. 2018-ban a v\u00e1llalat nagyobb rakt\u00e1rhelyis\u00e9gekbe fektet be azzal a c\u00e9llal, hogy gyorsabb \u00e9s jobb min\u0151s\u00e9g\u0171 szolg\u00e1ltat\u00e1sokat ny\u00fajthasson a megl\u00e9v\u0151 \u00e9s \u00faj \u00fcgyfeleinek.<\/p>\n<p>\n<\/div><div class=\"kc-elm kc-css-357590 kc_text_block year\"><\/p>\n<p>2014-2018<\/p>\n<p>\n<\/div><\/div><\/div><\/div><\/div><\/section><section id=\"history\" class=\"kc-elm kc-css-408663 kc_row\"><div class=\" container\"><div class=\"row\"><div class=\"kc-elm kc-css-836823 column col-md-7\"><div class=\"kc-col-container\"><div class=\"kc-elm kc-css-748334 kc_text_block\"><\/p>\n<p>2019-ben a v\u00e1llalat elind\u00edtja az ut\u00f3dl\u00e1s \u00e1tad\u00e1si programot, amellyel m\u00e9g vil\u00e1gosabban k\u00f6rvonalazza a j\u00f6v\u0151re vonatkoz\u00f3 terveket. 2020-ban a v\u00e1llalat megszerzi a fontos ISO 9001 \u00e9s ISO 14001 tan\u00fas\u00edtv\u00e1nyokat. 2021-ben tov\u00e1bbi fejleszt\u00e9seket \u00e9s terjeszked\u00e9st c\u00e9lz\u00f3 \u00faj ter\u00fcletekbe fektet be.<\/p>\n<p>\n<\/div><div class=\"kc-elm kc-css-924461 kc_text_block year\"><\/p>\n<p>2019-2022<\/p>\n<p>\n<\/div><\/div><\/div><\/div><\/div><\/section><\/p>\n","protected":false},"excerpt":{"rendered":"<p>A Lipro kezdetei 1998-ra ny\u00falnak vissza, amikor Albert \u00e9s Barbara Pribac a koperi csal\u00e1di m\u0171helyben kezdt\u00e9k v\u00e1llalkoz\u00e1sukat &#8230;<\/p>\n","protected":false},"author":3,"featured_media":6255,"parent":7324,"menu_order":0,"comment_status":"closed","ping_status":"closed","template":"page-templates\/fullwidthpage-main.php","meta":{"_acf_changed":false,"footnotes":""},"class_list":["post-6481","page","type-page","status-publish","has-post-thumbnail","hentry"],"acf":[],"_links":{"self":[{"href":"https:\/\/lipro.pro\/hu\/wp-json\/wp\/v2\/pages\/6481","targetHints":{"allow":["GET"]}}],"collection":[{"href":"https:\/\/lipro.pro\/hu\/wp-json\/wp\/v2\/pages"}],"about":[{"href":"https:\/\/lipro.pro\/hu\/wp-json\/wp\/v2\/types\/page"}],"author":[{"embeddable":true,"href":"https:\/\/lipro.pro\/hu\/wp-json\/wp\/v2\/users\/3"}],"replies":[{"embeddable":true,"href":"https:\/\/lipro.pro\/hu\/wp-json\/wp\/v2\/comments?post=6481"}],"version-history":[{"count":0,"href":"https:\/\/lipro.pro\/hu\/wp-json\/wp\/v2\/pages\/6481\/revisions"}],"up":[{"embeddable":true,"href":"https:\/\/lipro.pro\/hu\/wp-json\/wp\/v2\/pages\/7324"}],"wp:featuredmedia":[{"embeddable":true,"href":"https:\/\/lipro.pro\/hu\/wp-json\/wp\/v2\/media\/6255"}],"wp:attachment":[{"href":"https:\/\/lipro.pro\/hu\/wp-json\/wp\/v2\/media?parent=6481"}],"curies":[{"name":"wp","href":"https:\/\/api.w.org\/{rel}","templated":true}]}}