{"id":6376,"date":"2022-08-04T06:59:55","date_gmt":"2022-08-04T06:59:55","guid":{"rendered":"http:\/\/lipro.razvija.se\/?page_id=6376"},"modified":"2024-03-19T11:14:24","modified_gmt":"2024-03-19T11:14:24","slug":"minoseg","status":"publish","type":"page","link":"https:\/\/lipro.pro\/hu\/minoseg\/","title":{"rendered":"Min\u0151s\u00e9g"},"content":{"rendered":"<p><section class=\"kc-elm kc-css-363329 kc_row\"><div class=\" container\"><div class=\"row\"><div class=\"kc-elm kc-css-124401 col-lg-12 column col-12\"><div class=\"kc-col-container\">\n<div class=\"kc-elm kc-css-865964 kc-title-wrap \">\n\n\t<h2 class=\"kc_title\">Min\u0151s\u00e9g<\/h2>\n<\/div>\n<div class=\"kc-elm kc-css-758283 row\"><div class=\"kc-elm kc-css-70512 col-12 col-lg-8 column_inner\"><div class=\"kc_wrapper kc-col-inner-container\"><div class=\"kc-elm kc-css-271376 kc_text_block\"><\/p>\n<p>Els\u0151 sz\u00e1m\u00fa c\u00e9lunk az \u00fcgyfelek el\u00e9gedetts\u00e9ge, ez\u00e9rt k\u00fcl\u00f6nf\u00e9le megk\u00f6zel\u00edt\u00e9sekkel \u00e9s alkalmaz\u00e1sokkal biztos\u00edtjuk \u00e9s jav\u00edtjuk a min\u0151s\u00e9get.<\/p>\n<p>A term\u00e9k kiv\u00e1l\u00f3 min\u0151s\u00e9ge \u00e9rdek\u00e9ben az operat\u00edv \u00e9s a m\u0171szaki ter\u00fcletekt\u0151l kezdve az \u00f6sszes ter\u00fclet integr\u00e1ci\u00f3ja kulcsfontoss\u00e1g\u00fa. Gondos besz\u00e1ll\u00edt\u00f3ink \u00e9s elk\u00f6telezett munkat\u00e1rsaink biztos\u00edtj\u00e1k, hogy term\u00e9keink a legmagasabb min\u0151s\u00e9gi sz\u00ednvonalat k\u00e9pviselj\u00e9k.<\/p>\n<p>A term\u00e9kmin\u0151s\u00e9g \u00e9s a szolg\u00e1ltat\u00e1s ir\u00e1nti elk\u00f6telezetts\u00e9g nagyon fontos a Lipro v\u00e1llalat sz\u00e1m\u00e1ra, ez\u00e9rt szerezt\u00fck meg \u00e9s tartjuk fenn az ISO 9001 szabv\u00e1nyt!<\/p>\n<p>\n<\/div><\/div><\/div><div class=\"kc-elm kc-css-36300 col-12 col-lg-4 column_inner\"><div class=\"kc_wrapper kc-col-inner-container\"><div class=\"kc-elm kc-css-638067 kc_shortcode kc_single_image\">\n\n        <a rel=\"prettyPhoto\" class=\"kc-pretty-photo\" href=\"https:\/\/lipro.pro\/wp-content\/uploads\/2023\/07\/ISO-9001-ANG-pdf.jpg\" title=\"\" target=\"\">\n        <img decoding=\"async\" src=\"https:\/\/lipro.pro\/wp-content\/uploads\/2023\/07\/ISO-9001-ANG-pdf.jpg\" class=\"\" alt=\"\" title=\"\">    <\/a>\n    <\/div>\n<\/div><\/div><\/div><\/div><\/div><\/div><\/div><\/section><section class=\"kc-elm kc-css-579081 kc_row\"><div class=\" container\"><div class=\"row\"><div class=\"kc-elm kc-css-557767 col-lg-12 column col-12\"><div class=\"kc-col-container\">\n<div class=\"kc-elm kc-css-134966 kc-title-wrap \">\n\n\t<h2 class=\"kc_title\">K\u00f6rnyezetv\u00e9delem<\/h2>\n<\/div>\n<div class=\"kc-elm kc-css-409939 row\"><div class=\"kc-elm kc-css-44341 col-12 col-lg-8 column_inner\"><div class=\"kc_wrapper kc-col-inner-container\"><div class=\"kc-elm kc-css-533640 kc_text_block\"><\/p>\n<p>A Lipro v\u00e1llalatn\u00e1l nagy hangs\u00falyt fektet\u00fcnk a k\u00f6rnyezetv\u00e9delemre, \u00e9s arra t\u00f6reksz\u00fcnk, hogy a term\u00e9keink gy\u00e1rt\u00e1sa sor\u00e1n \u00faj elj\u00e1r\u00e1sokkal cs\u00f6kkents\u00fck a k\u00f6rnyezetre gyakorolt hat\u00e1sunkat.<\/p>\n<p>Nap mint nap t\u00f6reksz\u00fcnk a folyamatos fejl\u0151d\u00e9sre a k\u00f6rnyezetv\u00e9delem ter\u00fclet\u00e9n, mivel a Lipro v\u00e1llalat a t\u00e1rsadalom azon r\u00e9sz\u00e9t k\u00e9pviseli, amely tiszta \u00e9s eg\u00e9szs\u00e9ges k\u00f6rnyezetet k\u00edv\u00e1n biztos\u00edtani a j\u00f6v\u0151 gener\u00e1ci\u00f3i sz\u00e1m\u00e1ra.<\/p>\n<p>K\u00f6rnyezetv\u00e9delmi elveinknek k\u00f6sz\u00f6nhet\u0151en megszerezt\u00fck az ISO 14001-es szabv\u00e1nyt!<\/p>\n<p>\n<\/div><\/div><\/div><div class=\"kc-elm kc-css-784469 col-12 col-lg-4 column_inner\"><div class=\"kc_wrapper kc-col-inner-container\"><div class=\"kc-elm kc-css-493804 kc_shortcode kc_single_image\">\n\n        <a rel=\"prettyPhoto\" class=\"kc-pretty-photo\" href=\"https:\/\/lipro.pro\/wp-content\/uploads\/2023\/07\/ISO-14001-ANG-pdf.jpg\" title=\"\" target=\"\">\n        <img decoding=\"async\" src=\"https:\/\/lipro.pro\/wp-content\/uploads\/2023\/07\/ISO-14001-ANG-pdf.jpg\" class=\"\" alt=\"\" title=\"\">    <\/a>\n    <\/div>\n<\/div><\/div><\/div><\/div><\/div><\/div><\/div><\/section><section class=\"kc-elm kc-css-720909 kc_row\"><div class=\" container\"><div class=\"row\"><div class=\"kc-elm kc-css-357887 col-lg-12 column col-12\"><div class=\"kc-col-container\">\n<div class=\"kc-elm kc-css-507989 kc-title-wrap \">\n\n\t<h2 class=\"kc_title\">A Lipro v\u00e1llalat kulcsfontoss\u00e1g\u00fa \u00e9rt\u00e9kei<\/h2>\n<\/div>\n<div class=\"kc-elm kc-css-928241 kc_text_block\"><\/p>\n<p>\n<\/div><div class=\"kc-elm kc-css-305175 row\"><div class=\"kc-elm kc-css-924156 col-12 col-lg-12 column_inner\"><div class=\"kc_wrapper kc-col-inner-container\"><div class=\"kc-elm kc-css-416751 kc_shortcode kc_single_image\">\n\n        <img decoding=\"async\" src=\"https:\/\/lipro.pro\/wp-content\/uploads\/2024\/03\/Vrednote-HU-2.jpg\" class=\"\" alt=\"\" title=\"\">    <\/div>\n<\/div><\/div><\/div><\/div><\/div><\/div><\/div><\/section><section class=\"kc-elm kc-css-586967 kc_row\"><div class=\" container\"><div class=\"row\"><div class=\"kc-elm kc-css-411552 col-lg-8 column col-12\"><div class=\"kc-col-container\"><div class=\"kc-elm kc-css-828053 row\"><div class=\"kc-elm kc-css-989641 col-12 col-lg-12 column_inner\"><div class=\"kc_wrapper kc-col-inner-container\"><div class=\"kc-elm kc-css-318819 kc_text_block\"><\/p>\n<p>Zadovoljstvo strank je na\u0161 najve\u010dji cilj zato z razli\u010dnim prijemi ter aplikacijami zagotavljamo ter izbolj\u0161ujemo kakovost.<\/p>\n<p>Za najbolj\u0161o kakovost izdelka je klju\u010dnega pomena povezanost vseh podro\u010dji od operativnih do tehni\u010dnih. Na\u0161i skrbni dobavitelji ter predani zaposleni skrbijo ,da na\u0161i izdelki predstavljajo najvi\u0161ji standard kakovosti.<\/p>\n<p>Zavezanost kakovosti izdelkov ter storitev je v podjetju Lipro zelo pomembno zato smo tudi pridobil ter vzdr\u017eujemo standard ISO 9001!<\/p>\n<p>\n<\/div><\/div><\/div><\/div><\/div><\/div><div class=\"kc-elm kc-css-879055 col-lg-4 column col-12\"><div class=\"kc-col-container\"><div class=\"kc-elm kc-css-221783 row\"><div class=\"kc-elm kc-css-419301 col-12 col-lg-12 column_inner\"><div class=\"kc_wrapper kc-col-inner-container\"><div class=\"kc-elm kc-css-757521 kc_shortcode kc_single_image\">\n\n        <img decoding=\"async\" src=\"https:\/\/lipro.pro\/wp-content\/uploads\/2022\/02\/ISO-SLO-pdf.jpg\" class=\"\" alt=\"\" title=\"\">    <\/div>\n<\/div><\/div><\/div><\/div><\/div><\/div><\/div><\/section><\/p>\n","protected":false},"excerpt":{"rendered":"<p>A Lipro v\u00e1llalat m\u00e1r 1998 \u00f3ta t\u00f6rekszik a term\u00e9kek \u00e9s szolg\u00e1ltat\u00e1sok legjobb min\u0151s\u00e9g\u00e9re.<\/p>\n","protected":false},"author":3,"featured_media":9152,"parent":0,"menu_order":0,"comment_status":"closed","ping_status":"closed","template":"page-templates\/fullwidthpage-main.php","meta":{"_acf_changed":false,"footnotes":""},"class_list":["post-6376","page","type-page","status-publish","has-post-thumbnail","hentry"],"acf":[],"_links":{"self":[{"href":"https:\/\/lipro.pro\/hu\/wp-json\/wp\/v2\/pages\/6376","targetHints":{"allow":["GET"]}}],"collection":[{"href":"https:\/\/lipro.pro\/hu\/wp-json\/wp\/v2\/pages"}],"about":[{"href":"https:\/\/lipro.pro\/hu\/wp-json\/wp\/v2\/types\/page"}],"author":[{"embeddable":true,"href":"https:\/\/lipro.pro\/hu\/wp-json\/wp\/v2\/users\/3"}],"replies":[{"embeddable":true,"href":"https:\/\/lipro.pro\/hu\/wp-json\/wp\/v2\/comments?post=6376"}],"version-history":[{"count":0,"href":"https:\/\/lipro.pro\/hu\/wp-json\/wp\/v2\/pages\/6376\/revisions"}],"wp:featuredmedia":[{"embeddable":true,"href":"https:\/\/lipro.pro\/hu\/wp-json\/wp\/v2\/media\/9152"}],"wp:attachment":[{"href":"https:\/\/lipro.pro\/hu\/wp-json\/wp\/v2\/media?parent=6376"}],"curies":[{"name":"wp","href":"https:\/\/api.w.org\/{rel}","templated":true}]}}