{"id":7100,"date":"2022-01-18T10:43:56","date_gmt":"2022-01-18T10:43:56","guid":{"rendered":"http:\/\/lipro.razvija.se\/product\/pribor\/"},"modified":"2022-10-17T10:26:40","modified_gmt":"2022-10-17T10:26:40","slug":"pribor","status":"publish","type":"product","link":"https:\/\/lipro.pro\/hr\/product\/pribor\/","title":{"rendered":"Pribor"},"content":{"rendered":"<p>Transporteri se po narud\u017ebi ili naknadno mogu opremiti i raznim dodacima kao \u0161to su: podno\u017eje, dodatne potporne osovine, podesive bo\u010dne stranice, zaporna vrata, nosa\u010di senzora, korita posebnih oblika, usmjeriva\u010di materijala &#8230;<\/p>\n","protected":false},"excerpt":{"rendered":"<p>Transporteri se po narud\u017ebi ili naknadno mogu opremiti i raznim dodacima kao \u0161to su: podno\u017eje, dodatne potporne osovine, podesive bo\u010dne stranice, zaporna vrata, nosa\u010di senzora, korita posebnih oblika, usmjeriva\u010di materijala &#8230;<\/p>\n","protected":false},"featured_media":9511,"parent":0,"template":"","product_category":[109],"class_list":["post-7100","product","type-product","status-publish","has-post-thumbnail","hentry","product_category-transporteri"],"acf":[],"_links":{"self":[{"href":"https:\/\/lipro.pro\/hr\/wp-json\/wp\/v2\/product\/7100","targetHints":{"allow":["GET"]}}],"collection":[{"href":"https:\/\/lipro.pro\/hr\/wp-json\/wp\/v2\/product"}],"about":[{"href":"https:\/\/lipro.pro\/hr\/wp-json\/wp\/v2\/types\/product"}],"wp:featuredmedia":[{"embeddable":true,"href":"https:\/\/lipro.pro\/hr\/wp-json\/wp\/v2\/media\/9511"}],"wp:attachment":[{"href":"https:\/\/lipro.pro\/hr\/wp-json\/wp\/v2\/media?parent=7100"}],"wp:term":[{"taxonomy":"product_category","embeddable":true,"href":"https:\/\/lipro.pro\/hr\/wp-json\/wp\/v2\/product_category?post=7100"}],"curies":[{"name":"wp","href":"https:\/\/api.w.org\/{rel}","templated":true}]}}