{"id":7087,"date":"2022-01-18T10:41:44","date_gmt":"2022-01-18T10:41:44","guid":{"rendered":"http:\/\/lipro.razvija.se\/product\/tb90\/"},"modified":"2024-10-04T08:36:54","modified_gmt":"2024-10-04T08:36:54","slug":"tb90","status":"publish","type":"product","link":"https:\/\/lipro.pro\/hr\/product\/tb90\/","title":{"rendered":"TB90"},"content":{"rendered":"<p>Transporteri tipa TB90 namijenjeni su optere\u0107enjima kod kojih ukupna masa tereta na transporteru ne prelazi 180 kg.<\/p>\n<p>Na izbor tipa transportera utje\u010du mnogi parametri (duljina, \u0161irina, vrsta tereta itd.), stoga preporu\u010dujemo konzultacije s na\u0161om tehni\u010dkom slu\u017ebom.<\/p>\n","protected":false},"excerpt":{"rendered":"<p>Transporteri tipa TB90 namijenjeni su optere\u0107enjima kod kojih ukupna masa tereta na transporteru ne prelazi 180 kg.<\/p>\n<p>Na izbor tipa transportera utje\u010du mnogi parametri (duljina, \u0161irina, vrsta tereta itd.), stoga preporu\u010dujemo konzultacije s na\u0161om tehni\u010dkom slu\u017ebom.<\/p>\n","protected":false},"featured_media":9692,"parent":0,"template":"","product_category":[109],"class_list":["post-7087","product","type-product","status-publish","has-post-thumbnail","hentry","product_category-transporteri"],"acf":[],"_links":{"self":[{"href":"https:\/\/lipro.pro\/hr\/wp-json\/wp\/v2\/product\/7087","targetHints":{"allow":["GET"]}}],"collection":[{"href":"https:\/\/lipro.pro\/hr\/wp-json\/wp\/v2\/product"}],"about":[{"href":"https:\/\/lipro.pro\/hr\/wp-json\/wp\/v2\/types\/product"}],"wp:featuredmedia":[{"embeddable":true,"href":"https:\/\/lipro.pro\/hr\/wp-json\/wp\/v2\/media\/9692"}],"wp:attachment":[{"href":"https:\/\/lipro.pro\/hr\/wp-json\/wp\/v2\/media?parent=7087"}],"wp:term":[{"taxonomy":"product_category","embeddable":true,"href":"https:\/\/lipro.pro\/hr\/wp-json\/wp\/v2\/product_category?post=7087"}],"curies":[{"name":"wp","href":"https:\/\/api.w.org\/{rel}","templated":true}]}}