{"id":7014,"date":"2022-01-18T10:38:24","date_gmt":"2022-01-18T10:38:24","guid":{"rendered":"http:\/\/lipro.razvija.se\/product\/tb30\/"},"modified":"2024-10-04T08:20:13","modified_gmt":"2024-10-04T08:20:13","slug":"tb30","status":"publish","type":"product","link":"https:\/\/lipro.pro\/hr\/product\/tb30\/","title":{"rendered":"TB30"},"content":{"rendered":"<p>Transporteri tipa TB30 namijenjeni su optere\u0107enjima kod kojih ukupna masa tereta na transporteru ne prelazi 60 kg.<\/p>\n<p>Na izbor tipa transportera utje\u010du mnogi parametri (duljina, \u0161irina, vrsta tereta itd.), stoga preporu\u010dujemo konzultacije s na\u0161om tehni\u010dkom slu\u017ebom.<\/p>\n","protected":false},"excerpt":{"rendered":"<p>Transporteri tipa TB30 namijenjeni su optere\u0107enjima kod kojih ukupna masa tereta na transporteru ne prelazi 60 kg.<\/p>\n<p>Na izbor tipa transportera utje\u010du mnogi parametri (duljina, \u0161irina, vrsta tereta itd.), stoga preporu\u010dujemo konzultacije s na\u0161om tehni\u010dkom slu\u017ebom.<\/p>\n","protected":false},"featured_media":9724,"parent":0,"template":"","product_category":[109],"class_list":["post-7014","product","type-product","status-publish","has-post-thumbnail","hentry","product_category-transporteri"],"acf":[],"_links":{"self":[{"href":"https:\/\/lipro.pro\/hr\/wp-json\/wp\/v2\/product\/7014","targetHints":{"allow":["GET"]}}],"collection":[{"href":"https:\/\/lipro.pro\/hr\/wp-json\/wp\/v2\/product"}],"about":[{"href":"https:\/\/lipro.pro\/hr\/wp-json\/wp\/v2\/types\/product"}],"wp:featuredmedia":[{"embeddable":true,"href":"https:\/\/lipro.pro\/hr\/wp-json\/wp\/v2\/media\/9724"}],"wp:attachment":[{"href":"https:\/\/lipro.pro\/hr\/wp-json\/wp\/v2\/media?parent=7014"}],"wp:term":[{"taxonomy":"product_category","embeddable":true,"href":"https:\/\/lipro.pro\/hr\/wp-json\/wp\/v2\/product_category?post=7014"}],"curies":[{"name":"wp","href":"https:\/\/api.w.org\/{rel}","templated":true}]}}