{"id":7013,"date":"2022-01-18T13:43:27","date_gmt":"2022-01-18T13:43:27","guid":{"rendered":"http:\/\/lipro.razvija.se\/product\/valjcne-proge\/"},"modified":"2022-09-01T07:41:05","modified_gmt":"2022-09-01T07:41:05","slug":"valjacke-pruge","status":"publish","type":"product","link":"https:\/\/lipro.pro\/hr\/product\/valjacke-pruge\/","title":{"rendered":"Valja\u010dke pruge"},"content":{"rendered":"<p>Izra\u0111ene od AL profila,odn. AL cijevi. Rije\u010d je o sustavu koji se koristi za sastavljanje FIFO regala i mo\u017ee se koristiti u kanban sustavu.<\/p>\n","protected":false},"excerpt":{"rendered":"<p>Izra\u0111ene od AL profila,odn. AL cijevi. Rije\u010d je o sustavu koji se koristi za sastavljanje FIFO regala i mo\u017ee se koristiti u kanban sustavu.<\/p>\n","protected":false},"featured_media":4899,"parent":0,"template":"","product_category":[102],"class_list":["post-7013","product","type-product","status-publish","has-post-thumbnail","hentry","product_category-modularni-sustavi"],"acf":[],"_links":{"self":[{"href":"https:\/\/lipro.pro\/hr\/wp-json\/wp\/v2\/product\/7013","targetHints":{"allow":["GET"]}}],"collection":[{"href":"https:\/\/lipro.pro\/hr\/wp-json\/wp\/v2\/product"}],"about":[{"href":"https:\/\/lipro.pro\/hr\/wp-json\/wp\/v2\/types\/product"}],"wp:featuredmedia":[{"embeddable":true,"href":"https:\/\/lipro.pro\/hr\/wp-json\/wp\/v2\/media\/4899"}],"wp:attachment":[{"href":"https:\/\/lipro.pro\/hr\/wp-json\/wp\/v2\/media?parent=7013"}],"wp:term":[{"taxonomy":"product_category","embeddable":true,"href":"https:\/\/lipro.pro\/hr\/wp-json\/wp\/v2\/product_category?post=7013"}],"curies":[{"name":"wp","href":"https:\/\/api.w.org\/{rel}","templated":true}]}}