{"id":7001,"date":"2022-01-18T13:41:54","date_gmt":"2022-01-18T13:41:54","guid":{"rendered":"http:\/\/lipro.razvija.se\/product\/zascite\/"},"modified":"2022-10-19T06:00:23","modified_gmt":"2022-10-19T06:00:23","slug":"zastite","status":"publish","type":"product","link":"https:\/\/lipro.pro\/hr\/product\/zastite\/","title":{"rendered":"Za\u0161tite"},"content":{"rendered":"<p>Izra\u0111ene od AL profila, najbolje su rje\u0161enje za osiguranje odre\u0111enog radnog procesa.<\/p>\n<p>Kao punilo obi\u010dno koristimo pocin\u010danu ili bojanu mre\u017eu, a na zahtjev su dostupna i druga punila.<\/p>\n","protected":false},"excerpt":{"rendered":"<p>Izra\u0111ene od AL profila, najbolje su rje\u0161enje za osiguranje odre\u0111enog radnog procesa.<\/p>\n<p>Kao punilo obi\u010dno koristimo pocin\u010danu ili bojanu mre\u017eu, a na zahtjev su dostupna i druga punila.<\/p>\n","protected":false},"featured_media":9430,"parent":0,"template":"","product_category":[102],"class_list":["post-7001","product","type-product","status-publish","has-post-thumbnail","hentry","product_category-modularni-sustavi"],"acf":[],"_links":{"self":[{"href":"https:\/\/lipro.pro\/hr\/wp-json\/wp\/v2\/product\/7001","targetHints":{"allow":["GET"]}}],"collection":[{"href":"https:\/\/lipro.pro\/hr\/wp-json\/wp\/v2\/product"}],"about":[{"href":"https:\/\/lipro.pro\/hr\/wp-json\/wp\/v2\/types\/product"}],"wp:featuredmedia":[{"embeddable":true,"href":"https:\/\/lipro.pro\/hr\/wp-json\/wp\/v2\/media\/9430"}],"wp:attachment":[{"href":"https:\/\/lipro.pro\/hr\/wp-json\/wp\/v2\/media?parent=7001"}],"wp:term":[{"taxonomy":"product_category","embeddable":true,"href":"https:\/\/lipro.pro\/hr\/wp-json\/wp\/v2\/product_category?post=7001"}],"curies":[{"name":"wp","href":"https:\/\/api.w.org\/{rel}","templated":true}]}}