{"id":6989,"date":"2022-01-18T13:39:44","date_gmt":"2022-01-18T13:39:44","guid":{"rendered":"http:\/\/lipro.razvija.se\/product\/konstrukcije\/"},"modified":"2022-09-01T07:40:13","modified_gmt":"2022-09-01T07:40:13","slug":"konstrukcije","status":"publish","type":"product","link":"https:\/\/lipro.pro\/hr\/product\/konstrukcije\/","title":{"rendered":"Konstrukcije"},"content":{"rendered":"<p>Konstrukcije se razlikuju po namjeni, izvedbi i izboru samih profila, jer se pojedini razli\u010diti profili mogu me\u0111usobno kombinirati u jednostavne ili slo\u017eenije kompozicije.<\/p>\n","protected":false},"excerpt":{"rendered":"<p>Konstrukcije se razlikuju po namjeni, izvedbi i izboru samih profila, jer se pojedini razli\u010diti profili mogu me\u0111usobno kombinirati u jednostavne ili slo\u017eenije kompozicije.<\/p>\n","protected":false},"featured_media":4987,"parent":0,"template":"","product_category":[102],"class_list":["post-6989","product","type-product","status-publish","has-post-thumbnail","hentry","product_category-modularni-sustavi"],"acf":[],"_links":{"self":[{"href":"https:\/\/lipro.pro\/hr\/wp-json\/wp\/v2\/product\/6989","targetHints":{"allow":["GET"]}}],"collection":[{"href":"https:\/\/lipro.pro\/hr\/wp-json\/wp\/v2\/product"}],"about":[{"href":"https:\/\/lipro.pro\/hr\/wp-json\/wp\/v2\/types\/product"}],"wp:featuredmedia":[{"embeddable":true,"href":"https:\/\/lipro.pro\/hr\/wp-json\/wp\/v2\/media\/4987"}],"wp:attachment":[{"href":"https:\/\/lipro.pro\/hr\/wp-json\/wp\/v2\/media?parent=6989"}],"wp:term":[{"taxonomy":"product_category","embeddable":true,"href":"https:\/\/lipro.pro\/hr\/wp-json\/wp\/v2\/product_category?post=6989"}],"curies":[{"name":"wp","href":"https:\/\/api.w.org\/{rel}","templated":true}]}}