{"id":6874,"date":"2022-05-18T09:35:14","date_gmt":"2022-05-18T09:35:14","guid":{"rendered":"http:\/\/lipro.razvija.se\/product\/psr-50-60\/"},"modified":"2026-01-20T07:53:31","modified_gmt":"2026-01-20T07:53:31","slug":"psr-50-60","status":"publish","type":"product","link":"https:\/\/lipro.pro\/hr\/product\/psr-50-60\/","title":{"rendered":"PSR-50\/60"},"content":{"rendered":"<p>Valja\u010dke pruge razli\u010ditih izvedbi koriste se u industriji za transport rasutog i paletiziranog materijala te ambala\u017eiranja razli\u010ditih materijala i dimenzija.<\/p>\n<p>Za valja\u010dke pruge mogu se koristiti valjci promjera 50 ili 60 mm. Dopu\u0161teno optere\u0107enje valja\u010dkih pruga je do 500 kg\/m.<\/p>\n<p><em>*Za posebne izvedbe valja\u010dkih pruga, kao \u0161to je ukrivljenost i sl., obratite se na\u0161oj stru\u010dnoj slu\u017ebi.<\/em><\/p>\n","protected":false},"excerpt":{"rendered":"<p>Valja\u010dke pruge razli\u010ditih izvedbi koriste se u industriji za transport rasutog i paletiziranog materijala te ambala\u017eiranja razli\u010ditih materijala i dimenzija.<\/p>\n<p>Za valja\u010dke pruge mogu se koristiti valjci promjera 50 ili 60 mm. Dopu\u0161teno optere\u0107enje valja\u010dkih pruga je do 500 kg\/m.<\/p>\n<p>*Za posebne izvedbe valja\u010dkih pruga, kao \u0161to je ukrivljenost i sl., obratite se na\u0161oj stru\u010dnoj slu\u017ebi.<\/p>\n","protected":false},"featured_media":5786,"parent":0,"template":"","product_category":[95],"class_list":["post-6874","product","type-product","status-publish","has-post-thumbnail","hentry","product_category-transportni-sustavi"],"acf":[],"_links":{"self":[{"href":"https:\/\/lipro.pro\/hr\/wp-json\/wp\/v2\/product\/6874","targetHints":{"allow":["GET"]}}],"collection":[{"href":"https:\/\/lipro.pro\/hr\/wp-json\/wp\/v2\/product"}],"about":[{"href":"https:\/\/lipro.pro\/hr\/wp-json\/wp\/v2\/types\/product"}],"wp:featuredmedia":[{"embeddable":true,"href":"https:\/\/lipro.pro\/hr\/wp-json\/wp\/v2\/media\/5786"}],"wp:attachment":[{"href":"https:\/\/lipro.pro\/hr\/wp-json\/wp\/v2\/media?parent=6874"}],"wp:term":[{"taxonomy":"product_category","embeddable":true,"href":"https:\/\/lipro.pro\/hr\/wp-json\/wp\/v2\/product_category?post=6874"}],"curies":[{"name":"wp","href":"https:\/\/api.w.org\/{rel}","templated":true}]}}