{"id":10262,"date":"2022-10-05T07:06:07","date_gmt":"2022-10-05T07:06:07","guid":{"rendered":"https:\/\/lipro.pro\/product\/nosilna-ogrodja-in-distancniki\/"},"modified":"2024-11-19T10:37:54","modified_gmt":"2024-11-19T10:37:54","slug":"nosivi-okviri-i-odstojnici","status":"publish","type":"product","link":"https:\/\/lipro.pro\/hr\/product\/nosivi-okviri-i-odstojnici\/","title":{"rendered":"Nosivi okviri i odstojnici"},"content":{"rendered":"<p><span lang=\"HR\">Nosivi okviri dizajnirani su tako da nose transportne pruge na odre\u0111enoj visini.\u00a0Nosivi okviri postavljaju se ravnomjerno du\u017e cijele du\u017eine transportne pruge, obi\u010dno jedan par svakih 2000 mm.<\/span><\/p>\n<p><span lang=\"HR\">Odstojnici se koriste za povezivanje transportnih pruga i odre\u0111uju ukupnu \u0161irinu paletnog sustava.<\/span><\/p>\n<p><span lang=\"HR\">*Za posebne izvedbe, obratite se na\u0161oj tehni\u010dkoj slu\u017ebi.<\/span><\/p>\n","protected":false},"excerpt":{"rendered":"<p>Nosivi okviri dizajnirani su tako da nose transportne pruge na odre\u0111enoj visini.\u00a0Nosivi okviri postavljaju se ravnomjerno du\u017e cijele du\u017eine transportne pruge, obi\u010dno jedan par svakih 2000 mm.<\/p>\n<p>Odstojnici se koriste za povezivanje transportnih pruga i odre\u0111uju ukupnu \u0161irinu paletnog sustava.<\/p>\n<p>*Za posebne izvedbe, obratite se na\u0161oj tehni\u010dkoj slu\u017ebi.<\/p>\n","protected":false},"featured_media":9057,"parent":0,"template":"","product_category":[95],"class_list":["post-10262","product","type-product","status-publish","has-post-thumbnail","hentry","product_category-transportni-sustavi"],"acf":[],"_links":{"self":[{"href":"https:\/\/lipro.pro\/hr\/wp-json\/wp\/v2\/product\/10262","targetHints":{"allow":["GET"]}}],"collection":[{"href":"https:\/\/lipro.pro\/hr\/wp-json\/wp\/v2\/product"}],"about":[{"href":"https:\/\/lipro.pro\/hr\/wp-json\/wp\/v2\/types\/product"}],"wp:featuredmedia":[{"embeddable":true,"href":"https:\/\/lipro.pro\/hr\/wp-json\/wp\/v2\/media\/9057"}],"wp:attachment":[{"href":"https:\/\/lipro.pro\/hr\/wp-json\/wp\/v2\/media?parent=10262"}],"wp:term":[{"taxonomy":"product_category","embeddable":true,"href":"https:\/\/lipro.pro\/hr\/wp-json\/wp\/v2\/product_category?post=10262"}],"curies":[{"name":"wp","href":"https:\/\/api.w.org\/{rel}","templated":true}]}}