{"id":10259,"date":"2022-10-05T06:57:43","date_gmt":"2022-10-05T06:57:43","guid":{"rendered":"https:\/\/lipro.pro\/product\/paleta\/"},"modified":"2024-11-28T07:57:01","modified_gmt":"2024-11-28T07:57:01","slug":"paleta","status":"publish","type":"product","link":"https:\/\/lipro.pro\/hr\/product\/paleta\/","title":{"rendered":"Paleta"},"content":{"rendered":"<p><span lang=\"HR\">Paleta je namijenjena transportu obratka po paletnom sustavu, bilo remenom, lancem ili po valja\u010dkom stanu.<\/span><\/p>\n<p><span lang=\"HR\">Paleta ima ugra\u0111ene \u010dahure koje omogu\u0107uju precizno centriranje na centrirnim postajama do +\/\u2013 0,1 mm.<\/span><\/p>\n<p><span lang=\"HR\">*Za posebne izvedbe, obratite se na\u0161oj tehni\u010dkoj slu\u017ebi.<\/span><\/p>\n","protected":false},"excerpt":{"rendered":"<p>Paleta je namijenjena transportu obratka po paletnom sustavu, bilo remenom, lancem ili po valja\u010dkom stanu.<br \/>\nPaleta ima ugra\u0111ene \u010dahure koje omogu\u0107uju precizno centriranje na centrirnim postajama do +\/\u2013 0,1 mm.<br \/>\n*Za posebne izvedbe, obratite se na\u0161oj tehni\u010dkoj slu\u017ebi.<\/p>\n","protected":false},"featured_media":9049,"parent":0,"template":"","product_category":[95],"class_list":["post-10259","product","type-product","status-publish","has-post-thumbnail","hentry","product_category-transportni-sustavi"],"acf":[],"_links":{"self":[{"href":"https:\/\/lipro.pro\/hr\/wp-json\/wp\/v2\/product\/10259","targetHints":{"allow":["GET"]}}],"collection":[{"href":"https:\/\/lipro.pro\/hr\/wp-json\/wp\/v2\/product"}],"about":[{"href":"https:\/\/lipro.pro\/hr\/wp-json\/wp\/v2\/types\/product"}],"wp:featuredmedia":[{"embeddable":true,"href":"https:\/\/lipro.pro\/hr\/wp-json\/wp\/v2\/media\/9049"}],"wp:attachment":[{"href":"https:\/\/lipro.pro\/hr\/wp-json\/wp\/v2\/media?parent=10259"}],"wp:term":[{"taxonomy":"product_category","embeddable":true,"href":"https:\/\/lipro.pro\/hr\/wp-json\/wp\/v2\/product_category?post=10259"}],"curies":[{"name":"wp","href":"https:\/\/api.w.org\/{rel}","templated":true}]}}