{"id":10253,"date":"2022-10-05T06:28:45","date_gmt":"2022-10-05T06:28:45","guid":{"rendered":"https:\/\/lipro.pro\/product\/centrirni-in-obracalni-moduli\/"},"modified":"2023-03-15T12:43:16","modified_gmt":"2023-03-15T12:43:16","slug":"moduli-za-centriranje-i-okretanje","status":"publish","type":"product","link":"https:\/\/lipro.pro\/hr\/product\/moduli-za-centriranje-i-okretanje\/","title":{"rendered":"Moduli za centriranje i okretanje"},"content":{"rendered":"<p><span lang=\"HR\">Kada postoji potreba za preciznim centriranjem ili promjenom orijentacije palete tijekom radne operacije, koristimo modul za centriranje ili okretanje.<\/span><\/p>\n<p><span lang=\"HR\">*Za vi\u0161e informacija i posebne izvedbe obratite se na\u0161oj tehni\u010dkoj slu\u017ebi.<\/span><\/p>\n","protected":false},"excerpt":{"rendered":"<p>Kada postoji potreba za preciznim centriranjem ili promjenom orijentacije palete tijekom radne operacije, koristimo modul za centriranje ili okretanje.<\/p>\n<p>*Za vi\u0161e informacija i posebne izvedbe obratite se na\u0161oj tehni\u010dkoj slu\u017ebi.<\/p>\n","protected":false},"featured_media":8855,"parent":0,"template":"","product_category":[95],"class_list":["post-10253","product","type-product","status-publish","has-post-thumbnail","hentry","product_category-transportni-sustavi"],"acf":[],"_links":{"self":[{"href":"https:\/\/lipro.pro\/hr\/wp-json\/wp\/v2\/product\/10253","targetHints":{"allow":["GET"]}}],"collection":[{"href":"https:\/\/lipro.pro\/hr\/wp-json\/wp\/v2\/product"}],"about":[{"href":"https:\/\/lipro.pro\/hr\/wp-json\/wp\/v2\/types\/product"}],"wp:featuredmedia":[{"embeddable":true,"href":"https:\/\/lipro.pro\/hr\/wp-json\/wp\/v2\/media\/8855"}],"wp:attachment":[{"href":"https:\/\/lipro.pro\/hr\/wp-json\/wp\/v2\/media?parent=10253"}],"wp:term":[{"taxonomy":"product_category","embeddable":true,"href":"https:\/\/lipro.pro\/hr\/wp-json\/wp\/v2\/product_category?post=10253"}],"curies":[{"name":"wp","href":"https:\/\/api.w.org\/{rel}","templated":true}]}}