{"id":10250,"date":"2022-10-05T06:22:54","date_gmt":"2022-10-05T06:22:54","guid":{"rendered":"https:\/\/lipro.pro\/product\/krivine-z-valji-90-180\/"},"modified":"2023-03-15T12:43:12","modified_gmt":"2023-03-15T12:43:12","slug":"krivulje-s-valjcima-90-180","status":"publish","type":"product","link":"https:\/\/lipro.pro\/hr\/product\/krivulje-s-valjcima-90-180\/","title":{"rendered":"Krivulje s valjcima 90\u00b0 \/ 180\u00b0"},"content":{"rendered":"<p><span lang=\"HR\">Krivulju s valjcima koristimo za promjenu putanje palete ili tereta, pri \u010demu paleta ne mijenja orijentaciju (sprijeda je uvijek sprijeda).<\/span><\/p>\n<p><span lang=\"HR\">\u0160topericom prije krivulje izbjegavamo akunulaciju na krivulji.<\/span><\/p>\n<p><span lang=\"HR\">*Za vi\u0161e informacija obratite se na\u0161oj tehni\u010dkoj slu\u017ebi.<\/span><\/p>\n","protected":false},"excerpt":{"rendered":"<p>Krivulju s valjcima koristimo za promjenu putanje palete ili tereta, pri \u010demu paleta ne mijenja orijentaciju (sprijeda je uvijek sprijeda).<\/p>\n<p>\u0160topericom prije krivulje izbjegavamo akunulaciju na krivulji.<\/p>\n<p>*Za vi\u0161e informacija obratite se na\u0161oj tehni\u010dkoj slu\u017ebi.<\/p>\n","protected":false},"featured_media":8807,"parent":0,"template":"","product_category":[95],"class_list":["post-10250","product","type-product","status-publish","has-post-thumbnail","hentry","product_category-transportni-sustavi"],"acf":[],"_links":{"self":[{"href":"https:\/\/lipro.pro\/hr\/wp-json\/wp\/v2\/product\/10250","targetHints":{"allow":["GET"]}}],"collection":[{"href":"https:\/\/lipro.pro\/hr\/wp-json\/wp\/v2\/product"}],"about":[{"href":"https:\/\/lipro.pro\/hr\/wp-json\/wp\/v2\/types\/product"}],"wp:featuredmedia":[{"embeddable":true,"href":"https:\/\/lipro.pro\/hr\/wp-json\/wp\/v2\/media\/8807"}],"wp:attachment":[{"href":"https:\/\/lipro.pro\/hr\/wp-json\/wp\/v2\/media?parent=10250"}],"wp:term":[{"taxonomy":"product_category","embeddable":true,"href":"https:\/\/lipro.pro\/hr\/wp-json\/wp\/v2\/product_category?post=10250"}],"curies":[{"name":"wp","href":"https:\/\/api.w.org\/{rel}","templated":true}]}}