{"id":10247,"date":"2022-10-05T06:13:03","date_gmt":"2022-10-05T06:13:03","guid":{"rendered":"https:\/\/lipro.pro\/product\/dvigala\/"},"modified":"2024-11-26T11:35:26","modified_gmt":"2024-11-26T11:35:26","slug":"dizalice","status":"publish","type":"product","link":"https:\/\/lipro.pro\/hr\/product\/dizalice\/","title":{"rendered":"Dizalice"},"content":{"rendered":"<p><span lang=\"HR\">Dizalice se koriste kada \u017eelimo pomicati paletu po vertikali s jedne transportne pruge na drugu.<br \/>\nImamo tri vrste dizalice: pneumatska dizalica 17DP, elektri\u010dna dizalica 17DE, dizalica s vretenom 17DV.<\/span><\/p>\n<p><span lang=\"HR\">Bilo koja dizalica se mo\u017ee koristiti za PSC-90, PSB-60, PSB-90 i tako\u0111er PSR-50\/60.<\/span><\/p>\n<p><span lang=\"HR\">*Za posebne izvedbe, obratite se na\u0161oj tehni\u010dkoj slu\u017ebi.<\/span><\/p>\n","protected":false},"excerpt":{"rendered":"<p>Dizalice se koriste kada \u017eelimo pomicati paletu po vertikali s jedne transportne pruge na drugu.<br \/>\nImamo tri vrste dizalice: pneumatska dizalica 17DP, elektri\u010dna dizalica 17DE, dizalica s vretenom 17DV.<\/p>\n<p>Bilo koja dizalica se mo\u017ee koristiti za PSC90, PSB90 i tako\u0111er PSR50\/60.<\/p>\n<p>*Za posebne izvedbe, obratite se na\u0161oj tehni\u010dkoj slu\u017ebi.<\/p>\n","protected":false},"featured_media":9113,"parent":0,"template":"","product_category":[95],"class_list":["post-10247","product","type-product","status-publish","has-post-thumbnail","hentry","product_category-transportni-sustavi"],"acf":[],"_links":{"self":[{"href":"https:\/\/lipro.pro\/hr\/wp-json\/wp\/v2\/product\/10247","targetHints":{"allow":["GET"]}}],"collection":[{"href":"https:\/\/lipro.pro\/hr\/wp-json\/wp\/v2\/product"}],"about":[{"href":"https:\/\/lipro.pro\/hr\/wp-json\/wp\/v2\/types\/product"}],"wp:featuredmedia":[{"embeddable":true,"href":"https:\/\/lipro.pro\/hr\/wp-json\/wp\/v2\/media\/9113"}],"wp:attachment":[{"href":"https:\/\/lipro.pro\/hr\/wp-json\/wp\/v2\/media?parent=10247"}],"wp:term":[{"taxonomy":"product_category","embeddable":true,"href":"https:\/\/lipro.pro\/hr\/wp-json\/wp\/v2\/product_category?post=10247"}],"curies":[{"name":"wp","href":"https:\/\/api.w.org\/{rel}","templated":true}]}}