{"id":10244,"date":"2022-10-04T13:31:42","date_gmt":"2022-10-04T13:31:42","guid":{"rendered":"https:\/\/lipro.pro\/product\/precni-moduli\/"},"modified":"2023-06-07T10:51:54","modified_gmt":"2023-06-07T10:51:54","slug":"poprecni-moduli","status":"publish","type":"product","link":"https:\/\/lipro.pro\/hr\/product\/poprecni-moduli\/","title":{"rendered":"Popre\u010dni moduli"},"content":{"rendered":"<p><span lang=\"HR\">Popre\u010dni moduli se koriste kada \u017eelimo pomaknuti paletu za 90\u00b0 po horizontali s jedne pruge na drugu. Svi popre\u010dni moduli sadr\u017ee pneumatski cilindar za vertikalno podizanje i elektromotor koji pokre\u0107e lanac ili remen.<\/span><\/p>\n<p><span lang=\"HR\">Bilo koji popre\u010dni modul mo\u017ee se koristiti i na PSC90 i na PSB90.<\/span><\/p>\n<p><span lang=\"HR\">*Za izvedbu PSR-50\/60 i posebne izvedbe posavjetujte se s na\u0161om tehni\u010dkom slu\u017ebom.<\/span><\/p>\n","protected":false},"excerpt":{"rendered":"<p>Pre\u010dne module uporabimo, ko \u017eelimo paleto premikati za 90\u00b0 po horizontali iz ene proge na drugo. Vsi pre\u010dni moduli vsebujejo pnevmatski cilinder za vertikalni dvig in elektro motor, ki poganja verigo ali jermen.<\/p>\n<p>Kateri koli pre\u010dni modul lahko uporabite tako na PSC90 kot tudi na PSB90 .<\/p>\n<p>*Za izvedbo PSR-50\/60 in posebne izvedbe se posvetujte z na\u0161o tehni\u010dno slu\u017ebo.<\/p>\n","protected":false},"featured_media":8871,"parent":0,"template":"","product_category":[95],"class_list":["post-10244","product","type-product","status-publish","has-post-thumbnail","hentry","product_category-transportni-sustavi"],"acf":[],"_links":{"self":[{"href":"https:\/\/lipro.pro\/hr\/wp-json\/wp\/v2\/product\/10244","targetHints":{"allow":["GET"]}}],"collection":[{"href":"https:\/\/lipro.pro\/hr\/wp-json\/wp\/v2\/product"}],"about":[{"href":"https:\/\/lipro.pro\/hr\/wp-json\/wp\/v2\/types\/product"}],"wp:featuredmedia":[{"embeddable":true,"href":"https:\/\/lipro.pro\/hr\/wp-json\/wp\/v2\/media\/8871"}],"wp:attachment":[{"href":"https:\/\/lipro.pro\/hr\/wp-json\/wp\/v2\/media?parent=10244"}],"wp:term":[{"taxonomy":"product_category","embeddable":true,"href":"https:\/\/lipro.pro\/hr\/wp-json\/wp\/v2\/product_category?post=10244"}],"curies":[{"name":"wp","href":"https:\/\/api.w.org\/{rel}","templated":true}]}}