{"id":10240,"date":"2022-05-18T07:23:31","date_gmt":"2022-05-18T07:23:31","guid":{"rendered":"https:\/\/lipro.pro\/product\/psb-90\/"},"modified":"2024-11-07T11:22:47","modified_gmt":"2024-11-07T11:22:47","slug":"psb-90","status":"publish","type":"product","link":"https:\/\/lipro.pro\/hr\/product\/psb-90\/","title":{"rendered":"PSB-90"},"content":{"rendered":"<p>Paletni sustav PSB-90 \u010desto se koristi u suhim i \u010distim okru\u017eenjima gdje se zahtijevaju vi\u0161i standardi ISO \u201cclean room\u201d.<\/p>\n<p>PSB-90 je prikladan za manje i lak\u0161e terete te prenosi ukupno do 350 kg ili 1 kg\/cm s jednim pogonskim modulom.<\/p>\n","protected":false},"excerpt":{"rendered":"<p>Paletni sustav PSB-90 \u010desto se koristi u suhim i \u010distim okru\u017eenjima gdje se zahtijevaju vi\u0161i standardi ISO \u201cclean room\u201d.<\/p>\n<p>PSB-90 je prikladan za manje i lak\u0161e terete te prenosi ukupno do 350 kg ili 1 kg\/cm s jednim pogonskim modulom.<\/p>\n","protected":false},"featured_media":9389,"parent":0,"template":"","product_category":[95],"class_list":["post-10240","product","type-product","status-publish","has-post-thumbnail","hentry","product_category-transportni-sustavi"],"acf":[],"_links":{"self":[{"href":"https:\/\/lipro.pro\/hr\/wp-json\/wp\/v2\/product\/10240","targetHints":{"allow":["GET"]}}],"collection":[{"href":"https:\/\/lipro.pro\/hr\/wp-json\/wp\/v2\/product"}],"about":[{"href":"https:\/\/lipro.pro\/hr\/wp-json\/wp\/v2\/types\/product"}],"wp:featuredmedia":[{"embeddable":true,"href":"https:\/\/lipro.pro\/hr\/wp-json\/wp\/v2\/media\/9389"}],"wp:attachment":[{"href":"https:\/\/lipro.pro\/hr\/wp-json\/wp\/v2\/media?parent=10240"}],"wp:term":[{"taxonomy":"product_category","embeddable":true,"href":"https:\/\/lipro.pro\/hr\/wp-json\/wp\/v2\/product_category?post=10240"}],"curies":[{"name":"wp","href":"https:\/\/api.w.org\/{rel}","templated":true}]}}