{"id":10237,"date":"2022-05-18T07:01:55","date_gmt":"2022-05-18T07:01:55","guid":{"rendered":"https:\/\/lipro.pro\/product\/psc-90\/"},"modified":"2025-03-25T12:47:08","modified_gmt":"2025-03-25T12:47:08","slug":"psc-90","status":"publish","type":"product","link":"https:\/\/lipro.pro\/hr\/product\/psc-90\/","title":{"rendered":"PSC\u201390"},"content":{"rendered":"<p>Paletni sustav PSC-90 pogodan je za prijevoz te\u017eih i ve\u0107ih tereta.<\/p>\n<p>Zahvaljuju\u0107i akumulacijskom lancu sa slobodno rotiraju\u0107im valjcima, jednim pogonskim modulom mogu\u0107e je posti\u0107i akumulaciju i prenositi te\u017eine do 1500 kg ili 2 kg\/cm.<\/p>\n<p><em>*Za posebne izvedbe, obratite se na\u0161oj tehni\u010dkoj slu\u017ebi.<\/em><\/p>\n","protected":false},"excerpt":{"rendered":"<p>Paletni sustav PSC-90 pogodan je za prijevoz te\u017eih i ve\u0107ih tereta.<\/p>\n<p>Zahvaljuju\u0107i akumulacijskom lancu sa slobodno rotiraju\u0107im valjcima, jednim pogonskim modulom mogu\u0107e je posti\u0107i akumulaciju i prenositi te\u017eine do 1500 kg ili 2 kg\/cm.<\/p>\n<p>*Za posebne izvedbe, obratite se na\u0161oj tehni\u010dkoj slu\u017ebi.<\/p>\n","protected":false},"featured_media":9024,"parent":0,"template":"","product_category":[95],"class_list":["post-10237","product","type-product","status-publish","has-post-thumbnail","hentry","product_category-transportni-sustavi"],"acf":[],"_links":{"self":[{"href":"https:\/\/lipro.pro\/hr\/wp-json\/wp\/v2\/product\/10237","targetHints":{"allow":["GET"]}}],"collection":[{"href":"https:\/\/lipro.pro\/hr\/wp-json\/wp\/v2\/product"}],"about":[{"href":"https:\/\/lipro.pro\/hr\/wp-json\/wp\/v2\/types\/product"}],"wp:featuredmedia":[{"embeddable":true,"href":"https:\/\/lipro.pro\/hr\/wp-json\/wp\/v2\/media\/9024"}],"wp:attachment":[{"href":"https:\/\/lipro.pro\/hr\/wp-json\/wp\/v2\/media?parent=10237"}],"wp:term":[{"taxonomy":"product_category","embeddable":true,"href":"https:\/\/lipro.pro\/hr\/wp-json\/wp\/v2\/product_category?post=10237"}],"curies":[{"name":"wp","href":"https:\/\/api.w.org\/{rel}","templated":true}]}}