{"id":7989,"date":"2022-01-25T10:14:14","date_gmt":"2022-01-25T10:14:14","guid":{"rendered":"http:\/\/lipro.razvija.se\/podpora-strankam\/"},"modified":"2024-01-19T10:28:11","modified_gmt":"2024-01-19T10:28:11","slug":"podrska-klijentima","status":"publish","type":"page","link":"https:\/\/lipro.pro\/hr\/podrska-klijentima\/","title":{"rendered":"Podr\u0161ka klijentima"},"content":{"rendered":"<p><section class=\"kc-elm kc-css-780198 kc_row\"><div class=\" container\"><div class=\"row\"><\/div><\/div><\/section><section class=\"kc-elm kc-css-606498 kc_row\"><div class=\" container  contact-grid-custom\"><div class=\"row\"><div class=\"kc-elm kc-css-433768 col-lg-3 column col-12\"><div class=\"kc-col-container\">\n<div class=\"kc-elm kc-css-465865 kc-title-wrap \">\n\n\t<h4 class=\"kc_title\">Uprava tvrtke<\/h4>\n<\/div>\n<div class=\"kc-elm kc-css-557730 kc_text_block\"><\/p>\n<p>e: <a class=\"font-weight-normal\" href=\"mailto:info@lipro.si\"><b>info@lipro.si<\/b><\/a><\/p>\n<p>\n<\/div><\/div><\/div><div class=\"kc-elm kc-css-894567 col-lg-5 column col-12\"><div class=\"kc-col-container\"><div class=\"div-wrapper kc-elm kc-css-584752 \"><div class=\"kc-elm kc-css-176599 row\"><div class=\"kc-elm kc-css-487677 col-12 col-lg-6 column_inner\"><div class=\"kc_wrapper kc-col-inner-container\"><div class=\"kc-elm kc-css-215144 kc_shortcode kc_single_image\">\n\n        <img decoding=\"async\" src=\"https:\/\/lipro.pro\/wp-content\/uploads\/2022\/05\/Gregor-2.jpg\" class=\"\" alt=\"\" title=\"\">    <\/div>\n<\/div><\/div><div class=\"kc-elm kc-css-11828 col-12 col-lg-6 column_inner\"><div class=\"kc_wrapper kc-col-inner-container\"><div class=\"kc-elm kc-css-135850 kc_text_block\"><\/p>\n<p><strong>Gregor Pribac<\/strong><br \/>Direktor<\/p>\n<p>m: <a class=\"font-weight-normal\" href=\"tel:0038641294041\">00386 41 294 041<\/a><\/p>\n<p>\n<\/div><\/div><\/div><\/div><\/div><div class=\"div-wrapper kc-elm kc-css-401803 \"><div class=\"kc-elm kc-css-48730 row\"><div class=\"kc-elm kc-css-556427 col-12 col-lg-6 column_inner\"><div class=\"kc_wrapper kc-col-inner-container\"><div class=\"kc-elm kc-css-703487 kc_shortcode kc_single_image\">\n\n        <img decoding=\"async\" src=\"https:\/\/lipro.pro\/wp-content\/uploads\/2022\/05\/Albert-SI_-e1652788074169.jpg\" class=\"\" alt=\"\" title=\"\">    <\/div>\n<\/div><\/div><div class=\"kc-elm kc-css-231078 col-12 col-lg-6 column_inner\"><div class=\"kc_wrapper kc-col-inner-container\"><div class=\"kc-elm kc-css-570301 kc_text_block\"><\/p>\n<p><strong>Albert Pribac<\/strong><br \/>Savjetnik<\/p>\n<p>\n<\/div><\/div><\/div><\/div><\/div><\/div><\/div><div class=\"kc-elm kc-css-204083 col-lg-5 column col-12\"><div class=\"kc-col-container\"><div class=\"div-wrapper kc-elm kc-css-135417 \"><div class=\"kc-elm kc-css-672403 row\"><div class=\"kc-elm kc-css-912690 col-12 col-lg-6 column_inner\"><div class=\"kc_wrapper kc-col-inner-container\"><div class=\"kc-elm kc-css-130059 kc_shortcode kc_single_image\">\n\n        <img decoding=\"async\" src=\"https:\/\/lipro.pro\/wp-content\/uploads\/2022\/05\/Gasper-1.jpg\" class=\"\" alt=\"\" title=\"\">    <\/div>\n<\/div><\/div><div class=\"kc-elm kc-css-446054 col-12 col-lg-6 column_inner\"><div class=\"kc_wrapper kc-col-inner-container\"><div class=\"kc-elm kc-css-295804 kc_text_block\"><\/p>\n<p><strong>Ga\u0161per Pribac<\/strong><br \/>Tehni\u010dki upravitelj<\/p>\n<p>m: <a class=\"font-weight-normal\" href=\"tel:0038641 209 102\">00386 41 209 102<\/a><\/p>\n<p>\n<\/div><\/div><\/div><\/div><\/div><div class=\"div-wrapper kc-elm kc-css-396644 \"><div class=\"kc-elm kc-css-13615 row\"><div class=\"kc-elm kc-css-350991 col-12 col-lg-6 column_inner\"><div class=\"kc_wrapper kc-col-inner-container\"><div class=\"kc-elm kc-css-619121 kc_shortcode kc_single_image\">\n\n        <img decoding=\"async\" src=\"https:\/\/lipro.pro\/wp-content\/uploads\/2022\/05\/Barbara-SI_-e1652788806266.jpg\" class=\"\" alt=\"\" title=\"\">    <\/div>\n<\/div><\/div><div class=\"kc-elm kc-css-667352 col-12 col-lg-6 column_inner\"><div class=\"kc_wrapper kc-col-inner-container\"><div class=\"kc-elm kc-css-142885 kc_text_block\"><\/p>\n<p><b>Barbara Pribac<br \/><\/b>Prokurist &#8211; voditelj operative<\/p>\n<p>\n<\/div><\/div><\/div><\/div><\/div><\/div><\/div><\/div><\/div><\/section><section class=\"kc-elm kc-css-818619 kc_row\"><div class=\" container  contact-grid-custom\"><div class=\"row\"><div class=\"kc-elm kc-css-708394 col-lg-3 column col-12\"><div class=\"kc-col-container\">\n<div class=\"kc-elm kc-css-217679 kc-title-wrap \">\n\n\t<h4 class=\"kc_title\">Prodaja<\/h4>\n<\/div>\n<div class=\"kc-elm kc-css-992434 kc_text_block\"><\/p>\n<p>e: <a href=\"mailto:sales@lipro.si\"><b>sales@lipro.si<\/b><\/a><\/p>\n<p>\n<\/div><\/div><\/div><div class=\"kc-elm kc-css-54608 col-lg-5 column col-12\"><div class=\"kc-col-container\"><div class=\"div-wrapper kc-elm kc-css-680676 \"><div class=\"kc-elm kc-css-136532 row\"><div class=\"kc-elm kc-css-93480 col-12 col-lg-6 column_inner\"><div class=\"kc_wrapper kc-col-inner-container\"><div class=\"kc-elm kc-css-420992 kc_shortcode kc_single_image\">\n\n        <img decoding=\"async\" src=\"https:\/\/lipro.pro\/wp-content\/uploads\/2022\/05\/Bojan-1.jpg\" class=\"\" alt=\"\" title=\"\">    <\/div>\n<\/div><\/div><div class=\"kc-elm kc-css-909527 col-12 col-lg-6 column_inner\"><div class=\"kc_wrapper kc-col-inner-container\"><div class=\"kc-elm kc-css-762767 kc_text_block\"><\/p>\n<p><b><br \/>Bojan Puklavec<br \/><\/b>Prodaja<\/p>\n<p>m: <a href=\"tel:00386 41 310 944\">00386 41 310 944<\/a><\/p>\n<p>\n<\/div><\/div><\/div><\/div><\/div><div class=\"div-wrapper kc-elm kc-css-499759 \"><div class=\"kc-elm kc-css-489324 row\"><div class=\"kc-elm kc-css-963565 col-12 col-lg-6 column_inner\"><div class=\"kc_wrapper kc-col-inner-container\"><div class=\"kc-elm kc-css-515179 kc_shortcode kc_single_image\">\n\n        <img decoding=\"async\" src=\"https:\/\/lipro.pro\/wp-content\/uploads\/2022\/05\/Armin-2.jpg\" class=\"\" alt=\"\" title=\"\">    <\/div>\n<\/div><\/div><div class=\"kc-elm kc-css-55293 col-12 col-lg-6 column_inner\"><div class=\"kc_wrapper kc-col-inner-container\"><div class=\"kc-elm kc-css-567580 kc_text_block\"><\/p>\n<p><b><br \/>Armin Ma\u0161i\u0107<br \/><\/b>Prodaja<\/p>\n<p>m: 00386 31 782 085<\/p>\n<p>\n<\/div><\/div><\/div><\/div><\/div><div class=\"div-wrapper kc-elm kc-css-240436 \"><div class=\"kc-elm kc-css-909257 row\"><div class=\"kc-elm kc-css-934424 col-12 col-lg-6 column_inner\"><div class=\"kc_wrapper kc-col-inner-container\"><div class=\"kc-elm kc-css-43283 kc_shortcode kc_single_image\">\n\n        <img decoding=\"async\" src=\"https:\/\/lipro.pro\/wp-content\/uploads\/2022\/05\/Rok-1.jpg\" class=\"\" alt=\"\" title=\"\">    <\/div>\n<\/div><\/div><div class=\"kc-elm kc-css-203824 col-12 col-lg-6 column_inner\"><div class=\"kc_wrapper kc-col-inner-container\"><div class=\"kc-elm kc-css-369313 kc_text_block\"><\/p>\n<p><b><br \/>Rok Jelov\u010dan<br \/><\/b>Prodaja<\/p>\n<p>m: 00386 51 335 401<\/p>\n<p>\n<\/div><\/div><\/div><\/div><\/div><\/div><\/div><div class=\"kc-elm kc-css-366685 col-lg-5 column col-12\"><div class=\"kc-col-container\"><div class=\"div-wrapper kc-elm kc-css-799144 \"><div class=\"kc-elm kc-css-190447 row\"><div class=\"kc-elm kc-css-719807 col-12 col-lg-6 column_inner\"><div class=\"kc_wrapper kc-col-inner-container\"><div class=\"kc-elm kc-css-136597 kc_shortcode kc_single_image\">\n\n        <img decoding=\"async\" src=\"https:\/\/lipro.pro\/wp-content\/uploads\/2022\/05\/Zoran-1.jpg\" class=\"\" alt=\"\" title=\"\">    <\/div>\n<\/div><\/div><div class=\"kc-elm kc-css-320686 col-12 col-lg-6 column_inner\"><div class=\"kc_wrapper kc-col-inner-container\"><div class=\"kc-elm kc-css-606170 kc_text_block\"><\/p>\n<p><b><br \/>Zoran Belac<br \/><\/b>Prodaja<\/p>\n<p>m: 00386 31 771 980<\/p>\n<p>\n<\/div><\/div><\/div><\/div><\/div><div class=\"div-wrapper kc-elm kc-css-287958 \"><div class=\"kc-elm kc-css-708889 row\"><div class=\"kc-elm kc-css-270623 col-12 col-lg-6 column_inner\"><div class=\"kc_wrapper kc-col-inner-container\"><div class=\"kc-elm kc-css-369215 kc_shortcode kc_single_image\">\n\n        <img decoding=\"async\" src=\"https:\/\/lipro.pro\/wp-content\/uploads\/2022\/05\/Jan-1.jpg\" class=\"\" alt=\"\" title=\"\">    <\/div>\n<\/div><\/div><div class=\"kc-elm kc-css-300815 col-12 col-lg-6 column_inner\"><div class=\"kc_wrapper kc-col-inner-container\"><div class=\"kc-elm kc-css-499665 kc_text_block\"><\/p>\n<p><b><br \/>Jan Strle<br \/><\/b>Prodaja<\/p>\n<p>m: 00386 51 634 807<\/p>\n<p>\n<\/div><\/div><\/div><\/div><\/div><\/div><\/div><\/div><\/div><\/section><section class=\"kc-elm kc-css-589205 kc_row\"><div class=\" container  contact-grid-custom\"><div class=\"row\"><div class=\"kc-elm kc-css-683615 col-lg-3 column col-12\"><div class=\"kc-col-container\">\n<div class=\"kc-elm kc-css-442496 kc-title-wrap \">\n\n\t<h4 class=\"kc_title\">Nabava<\/h4>\n<\/div>\n<div class=\"kc-elm kc-css-205982 kc_text_block\"><\/p>\n<p>e: <a href=\"mailto:purchase@lipro.si\"><b>purchase@lipro.si<\/b><\/a><\/p>\n<p>\n<\/div><\/div><\/div><div class=\"kc-elm kc-css-981225 col-lg-5 column col-12\"><div class=\"kc-col-container\"><div class=\"div-wrapper kc-elm kc-css-752580 \"><div class=\"kc-elm kc-css-732149 row\"><div class=\"kc-elm kc-css-719694 col-12 col-lg-6 column_inner\"><div class=\"kc_wrapper kc-col-inner-container\"><div class=\"kc-elm kc-css-450143 kc_shortcode kc_single_image\">\n\n        <img decoding=\"async\" src=\"https:\/\/lipro.pro\/wp-content\/uploads\/2022\/05\/Dejan-1.jpg\" class=\"\" alt=\"\" title=\"\">    <\/div>\n<\/div><\/div><div class=\"kc-elm kc-css-925107 col-12 col-lg-6 column_inner\"><div class=\"kc_wrapper kc-col-inner-container\"><div class=\"kc-elm kc-css-86178 kc_text_block\"><\/p>\n<p><b><br \/>Dejan Krmac<br \/><\/b>Nabava<\/p>\n<p>m: 00386 41 599 418<\/p>\n<p>\n<\/div><\/div><\/div><\/div><\/div><\/div><\/div><div class=\"kc-elm kc-css-140710 col-lg-5 column col-12\"><div class=\"kc-col-container\"><\/div><\/div><\/div><\/div><\/section><section class=\"kc-elm kc-css-600177 kc_row\"><div class=\" container  contact-grid-custom\"><div class=\"row\"><div class=\"kc-elm kc-css-956326 col-lg-3 column col-12\"><div class=\"kc-col-container\">\n<div class=\"kc-elm kc-css-504182 kc-title-wrap \">\n\n\t<h4 class=\"kc_title\">Razvoj<\/h4>\n<\/div>\n<div class=\"kc-elm kc-css-431500 kc_text_block\"><\/p>\n<p>e: <a href=\"mailto:development@lipro.si\"><strong>development@lipro.si<\/strong><\/a><\/p>\n<p>\n<\/div><\/div><\/div><div class=\"kc-elm kc-css-98197 col-lg-5 column col-12\"><div class=\"kc-col-container\"><div class=\"div-wrapper kc-elm kc-css-877167 \"><div class=\"kc-elm kc-css-5161 row\"><div class=\"kc-elm kc-css-196269 col-12 col-lg-6 column_inner\"><div class=\"kc_wrapper kc-col-inner-container\"><div class=\"kc-elm kc-css-854839 kc_shortcode kc_single_image\">\n\n        <img decoding=\"async\" src=\"https:\/\/lipro.pro\/wp-content\/uploads\/2022\/05\/Filip-1.jpg\" class=\"\" alt=\"\" title=\"\">    <\/div>\n<\/div><\/div><div class=\"kc-elm kc-css-30363 col-12 col-lg-6 column_inner\"><div class=\"kc_wrapper kc-col-inner-container\"><div class=\"kc-elm kc-css-279230 kc_text_block\"><\/p>\n<p><b><br \/>Filip Kova\u010di\u010d<br \/><\/b>Voditelj\u00a0razvoja<\/p>\n<p>m: 00386 31 771 898<\/p>\n<p>\n<\/div><\/div><\/div><\/div><\/div><\/div><\/div><div class=\"kc-elm kc-css-112651 col-lg-5 column col-12\"><div class=\"kc-col-container\"><\/div><\/div><\/div><\/div><\/section><section class=\"kc-elm kc-css-300191 kc_row\"><div class=\" container  contact-grid-custom\"><div class=\"row\"><div class=\"kc-elm kc-css-977190 col-lg-3 column col-12\"><div class=\"kc-col-container\">\n<div class=\"kc-elm kc-css-208651 kc-title-wrap \">\n\n\t<h4 class=\"kc_title\">Skladi\u0161te<\/h4>\n<\/div>\n<div class=\"kc-elm kc-css-449668 kc_text_block\"><\/p>\n<p>e: <a href=\"mailto:info@lipro.si\"><strong>info@lipro.si<\/strong><\/a><\/p>\n<p>\n<\/div><\/div><\/div><div class=\"kc-elm kc-css-164707 col-lg-5 column col-12\"><div class=\"kc-col-container\"><div class=\"div-wrapper kc-elm kc-css-82162 \"><div class=\"kc-elm kc-css-946098 row\"><div class=\"kc-elm kc-css-696005 col-12 col-lg-6 column_inner\"><div class=\"kc_wrapper kc-col-inner-container\"><div class=\"kc-elm kc-css-579633 kc_shortcode kc_single_image\">\n\n        <img decoding=\"async\" src=\"https:\/\/lipro.pro\/wp-content\/uploads\/2022\/05\/Patrik-1.jpg\" class=\"\" alt=\"\" title=\"\">    <\/div>\n<\/div><\/div><div class=\"kc-elm kc-css-21197 col-12 col-lg-6 column_inner\"><div class=\"kc_wrapper kc-col-inner-container\"><div class=\"kc-elm kc-css-64435 kc_text_block\"><\/p>\n<p><b><br \/>Patrik Suki\u010d<br \/><\/b>Voditelj\u00a0skladi\u0161ta<\/p>\n<p>\n<\/div><\/div><\/div><\/div><\/div><\/div><\/div><div class=\"kc-elm kc-css-790015 col-lg-5 column col-12\"><div class=\"kc-col-container\"><\/div><\/div><\/div><\/div><\/section><section class=\"kc-elm kc-css-946132 kc_row\"><div class=\" container  contact-grid-custom\"><div class=\"row\"><div class=\"kc-elm kc-css-838395 col-lg-3 column col-12\"><div class=\"kc-col-container\">\n<div class=\"kc-elm kc-css-587044 kc-title-wrap \">\n\n\t<h4 class=\"kc_title\">Proizvodnja<\/h4>\n<\/div>\n<div class=\"kc-elm kc-css-333898 kc_text_block\"><\/p>\n<p>e: <a href=\"mailto:info@lipro.si\"><strong>info@lipro.si<\/strong><\/a><\/p>\n<p>\n<\/div><\/div><\/div><div class=\"kc-elm kc-css-67689 col-lg-5 column col-12\"><div class=\"kc-col-container\"><div class=\"div-wrapper kc-elm kc-css-818249 \"><div class=\"kc-elm kc-css-388280 row\"><div class=\"kc-elm kc-css-245824 col-12 col-lg-6 column_inner\"><div class=\"kc_wrapper kc-col-inner-container\"><div class=\"kc-elm kc-css-557507 kc_shortcode kc_single_image\">\n\n        <img decoding=\"async\" src=\"https:\/\/lipro.pro\/wp-content\/uploads\/2022\/05\/Marko-1.jpg\" class=\"\" alt=\"\" title=\"\">    <\/div>\n<\/div><\/div><div class=\"kc-elm kc-css-634938 col-12 col-lg-6 column_inner\"><div class=\"kc_wrapper kc-col-inner-container\"><div class=\"kc-elm kc-css-866026 kc_text_block\"><\/p>\n<p><b>Marko \u0160kropeta<br \/><\/b>Voditelj\u00a0proizvodnje<\/p>\n<p>\n<\/div><\/div><\/div><\/div><\/div><\/div><\/div><div class=\"kc-elm kc-css-100173 col-lg-5 column col-12\"><div class=\"kc-col-container\"><\/div><\/div><\/div><\/div><\/section><\/p>\n","protected":false},"excerpt":{"rendered":"<p>Tim predanih zaposlenika koji kupcima pru\u017ea rje\u0161enja po mjeri u automatizaciji proizvodnje, na slovenskom i europskom tr\u017ei\u0161tu.<\/p>\n","protected":false},"author":9,"featured_media":4055,"parent":0,"menu_order":0,"comment_status":"closed","ping_status":"closed","template":"page-templates\/fullwidthpage-main.php","meta":{"_acf_changed":false,"footnotes":""},"class_list":["post-7989","page","type-page","status-publish","has-post-thumbnail","hentry"],"acf":[],"_links":{"self":[{"href":"https:\/\/lipro.pro\/hr\/wp-json\/wp\/v2\/pages\/7989","targetHints":{"allow":["GET"]}}],"collection":[{"href":"https:\/\/lipro.pro\/hr\/wp-json\/wp\/v2\/pages"}],"about":[{"href":"https:\/\/lipro.pro\/hr\/wp-json\/wp\/v2\/types\/page"}],"author":[{"embeddable":true,"href":"https:\/\/lipro.pro\/hr\/wp-json\/wp\/v2\/users\/9"}],"replies":[{"embeddable":true,"href":"https:\/\/lipro.pro\/hr\/wp-json\/wp\/v2\/comments?post=7989"}],"version-history":[{"count":0,"href":"https:\/\/lipro.pro\/hr\/wp-json\/wp\/v2\/pages\/7989\/revisions"}],"wp:featuredmedia":[{"embeddable":true,"href":"https:\/\/lipro.pro\/hr\/wp-json\/wp\/v2\/media\/4055"}],"wp:attachment":[{"href":"https:\/\/lipro.pro\/hr\/wp-json\/wp\/v2\/media?parent=7989"}],"curies":[{"name":"wp","href":"https:\/\/api.w.org\/{rel}","templated":true}]}}