{"id":7526,"date":"2022-01-11T11:41:42","date_gmt":"2022-01-11T11:41:42","guid":{"rendered":"http:\/\/lipro.razvija.se\/o-podjetju\/"},"modified":"2024-01-19T10:29:54","modified_gmt":"2024-01-19T10:29:54","slug":"o-tvrtki","status":"publish","type":"page","link":"https:\/\/lipro.pro\/hr\/o-tvrtki\/","title":{"rendered":"O tvrtki"},"content":{"rendered":"<p><section id=\"fluid-100\" class=\"kc-elm kc-css-295033 kc_row\"><div class=\" container-fluid\"><div class=\"row\"><div class=\"kc-elm kc-css-275454 column col-md-5\"><div class=\"kc-col-container\"><div class=\"kc-elm kc-css-6380 kc_text_block pb-2\"><\/p>\n<p>Promijenjena situacija na tr\u017ei\u0161tu, globalni trendovi i \u017eelja da vo\u0111enje i upravljanje tvrtkom prenesemo na mla\u0111u generaciju potaknuli su nas da krenemo u pripremu nove strategije Lipra d.o.o. do 2024. godine. Strategija \u0107e dati odgovaraju\u0107e smjernice za na\u0161 daljnji razvoj kao odgovor na aktualne izazove vremena i promjene koje se doga\u0111aju u na\u0161em poslovnom okru\u017eenju.<\/p>\n<p>\n<\/div><div class=\"kc-elm kc-css-74286 kc_text_block\"><\/p>\n<p>Unato\u010d promjenama u okru\u017eenju, ostajemo predani svojoj misiji pobolj\u0161anja i pojednostavljenja transportnih sustava te s predanim suradnicima pru\u017eamo profesionalna rje\u0161enja po mjeri naru\u010ditelja.\u00a0 Tako\u0111er \u0107emo nastaviti te\u017eiti trajnom stvaranju vrijednosti za zaposlenike, poslovne partnere i lokalno okru\u017eenje. Poticat \u0107emo timski rad i otvorenu internu komunikaciju. Klju\u010dno je da primjerom \u0161irimo kulturu suradnje, po\u0161tovanja i preuzimanja odgovornosti me\u0111u svim kolegama i kolegicama u Lipro d.o.o.<\/p>\n<p>Interno okru\u017eenje i trenutne razvojne mogu\u0107nosti ukazuju na to da \u0107e Lipro d.o.o. mo\u0107i rasti u narednom razdoblju, \u010dime \u0107e u\u010dvrstiti i zadr\u017eati svoju poziciju na tr\u017ei\u0161tu. Stabilan financijski polo\u017eaj, predani zaposlenici, suvremena oprema, razvojna usmjerenost i inovativnost te savladanje poslovnih procesa, prema mi\u0161ljenju rukovodstva, izvori su konkurentske prednosti na kojima Lipro d.o.o. on gradi svoju budu\u0107nost. Strate\u0161ki plan na stru\u010dno utemeljen i realan na\u010din prikazuje budu\u0107i razvojni put Lipra d.o.o. do najboljeg izbora za tvrtke koje \u017eele inovativna, kvalitetna i ekolo\u0161ki prihvatljiva rje\u0161enja u automatizaciji proizvodnje kako u EU tako i \u0161ire.<\/p>\n<p>\n<\/div><\/div><\/div><\/div><\/div><\/section><section id=\"fluid-100\" class=\"kc-elm kc-css-672080 kc_row\"><div class=\" container-fluid\"><div class=\"row\"><div class=\"kc-elm kc-css-323946 column col-md-5\"><div class=\"kc-col-container\">\n<div class=\"kc-elm kc-css-777749 kc-title-wrap \">\n\n\t<h3 class=\"kc_title pb-2\">Pogled v prihodnost \u2013 zaveza vodstva<\/h3>\n<\/div>\n<div class=\"kc-elm kc-css-655018 kc_text_block pb-2\"><\/p>\n<p>Spremenjena razmere na trgu, globalni trendi in \u017eelja po prenosu vodenja in upravljanja podjetja na mlaj\u0161o generacijo, so nas spodbudili, da smo za\u010deli pripravljati novo strategijo Lipra d.o.o. do leta 2024. Strategija bo podala ustrezne usmeritve za na\u0161 nadaljnji razvoj kot odgovor na aktualne izzive \u010dasa in spremembe, ki se dogajajo v na\u0161em poslovnem okolju.<\/p>\n<p>Kljub spremembam v okolju <strong>ostajamo zavezani na\u0161emu poslanstvu, <\/strong>da izbolj\u0161ujemo in poenostavljamo\u00a0 transportne sisteme ter z zavzetimi sodelavci zagotavljamo profesionalne re\u0161itve po meri naro\u010dnika.\u00a0 Prav tako si bomo \u0161e naprej prizadevali za trajno <strong>ustvarjanje vrednosti za zaposlene, poslovne partnerje in lokalno okolje<\/strong>. Spodbujali bomo timsko delo in odprto interno komunikacijo. Klju\u010dnega pomena je, da z zgledom \u0161irimo kulturo sodelovanja, spo\u0161tovanja in prevzemanja odgovornosti med vsemi sodelavkami in sodelavci v Lipro d.o.o.\u00a0<\/p>\n<p>Notranje okolje in trenutne razvojne zmo\u017enosti ka\u017eejo na to, da je Lipro d.o.o. v prihodnjem obdobju sposoben rasti, ter s tem utrditi in ohraniti svoj polo\u017eaj na trgu. Stabilen finan\u010dni polo\u017eaj, zavzeti sodelavci, sodobna oprema, razvojna usmerjenost in inovativnost ter obvladovanje poslovnih procesov, so po mnenju vodstva viri konkuren\u010dne prednosti, na katerih lahko Lipro d.o.o. gradi svojo prihodnost. Strate\u0161ki na\u010drt strokovno utemeljeno in realno prikazuje prihodnjo razvojno pot Lipra d.o.o. do najbolj\u0161e izbire izbira za podjetja, ki \u017eelijo inovativne, kakovostne in okolju prijazne re\u0161itve v avtomatizaciji proizvodnje tako v EU kot tudi \u0161ir\u0161e.<\/p>\n<p>\n<\/div><\/div><\/div><\/div><\/div><\/section><section data-kc-equalheight=\"true\" data-kc-equalheight-align=\"middle\" data-kc-fullwidth=\"content\" class=\"kc-elm kc-css-866050 kc_row company-right\"><div class=\" container-fluid\"><div class=\"row\"><div class=\"kc-elm kc-css-221590 col-lg-6 column d-flex justify-content-end order-2 order-md-1\"><div class=\"left-box mt-3 mt-md-0 kc-col-container\">\n<div class=\"kc-elm kc-css-218057 kc-title-wrap \">\n\n\t<h2 class=\"kc_title\">Vizija i misija<\/h2>\n<\/div>\n<div class=\"kc-elm kc-css-425266 kc_text_block\"><\/p>\n<p>Vizija<\/p>\n<p>Postat \u0107emo najbolji izbor za tvrtke koje \u017eele inovativna, kvalitetna i ekolo\u0161ki prihvatljiva rje\u0161enja u automatizaciji proizvodnje. To \u0107emo posti\u0107i digitalizacijom poslovnih procesa, odr\u017eivom orijentacijom na\u0161eg djelovanja i partnerskom integracijom.<\/p>\n<p>\n<\/div><div class=\"kc-elm kc-css-898827 kc_text_block\"><\/p>\n<p>Misija<\/p>\n<p>Pobolj\u0161avamo i pojednostavljujemo transportne sustave i fleksibilne konstrukcije u automatizaciji. Na\u0161i predani zaposlenici pru\u017eaju profesionalna rje\u0161enja po mjeri naru\u010ditelja.<\/p>\n<p>\n<\/div><\/div><\/div><div class=\"kc-elm kc-css-526889 col-lg-6 column order-1 order-md-2 p-0\"><div class=\"kc-col-container\"><div class=\"kc-elm kc-css-10646 kc_shortcode kc_single_image\">\n\n        <img decoding=\"async\" src=\"https:\/\/lipro.pro\/wp-content\/uploads\/2022\/01\/cpn.png\" class=\"\" alt=\"\" title=\"\">    <\/div>\n<\/div><\/div><\/div><\/div><\/section><section data-kc-equalheight=\"true\" data-kc-equalheight-align=\"middle\" data-kc-fullwidth=\"content\" class=\"kc-elm kc-css-775637 kc_row company-right\"><div class=\" container-fluid\"><div class=\"row\"><div class=\"kc-elm kc-css-429561 col-lg-6 column d-flex justify-content-end order-2 order-md-1 mobile-blue\"><div class=\"left-box mt-3 mt-md-0 kc-col-container\">\n<div class=\"kc-elm kc-css-978362 kc-title-wrap \">\n\n\t<h2 class=\"kc_title\">Local going Global<\/h2>\n<\/div>\n<div class=\"kc-elm kc-css-586804 kc_text_block\"><\/p>\n<p>Napisati katerim nakupom in kupcem je namenjana eTrgovina in da kupci, ki \u017eelijo kupiti npr. 5 matic, to opravijo v eTrgovini in ne na korpo sajtu<\/p>\n<p>\n<\/div><div class=\"kc-elm kc-css-441041 kc_text_block\"><\/p>\n<p>Lipro d.o.o.<br \/>Dekani 20 A, 6271 Dekani, Slovenija<\/p>\n<p>t: <a class=\"font-weight-normal\" href=\"tel:00386 05 625 13 43\">00386 05 625 13 43<\/a><br \/>e: <a class=\"font-weight-normal\" href=\"mailto:info@lipro.si\">info@lipro.si<\/a><\/p>\n<p>ID DDV: SI4714948<br \/>M\u0160: 1318047<\/p>\n<p>\n<\/div><\/div><\/div><div class=\"kc-elm kc-css-65504 col-lg-6 column order-1 order-md-2 p-0\"><div class=\"kc-col-container\"><div class=\"kc-elm kc-css-629977 kc_shortcode kc_single_image blue-left\">\n\n        <img decoding=\"async\" src=\"https:\/\/lipro.pro\/wp-content\/uploads\/2022\/01\/Mask-Group-14.png\" class=\"\" alt=\"\" title=\"\">    <\/div>\n<\/div><\/div><\/div><\/div><\/section><section data-kc-equalheight=\"true\" data-kc-equalheight-align=\"middle\" data-kc-fullwidth=\"content\" class=\"kc-elm kc-css-985055 kc_row company-right\"><div class=\" container-fluid\"><div class=\"row\"><div class=\"kc-elm kc-css-298602 col-lg-6 column d-flex justify-content-end order-2 order-md-1 mobile-blue\"><div class=\"left-box mt-3 mt-md-0 kc-col-container\"><div class=\"kc-elm kc-css-592751 kc_text_block\"><\/p>\n<p>Lipro d.o.o.<br \/>Dekani 20 A, 6271 Dekani, Slovenija<\/p>\n<p>t: 00386 05 625 13 43<br \/>e: <a class=\"font-weight-normal\" href=\"mailto:info@lipro.si\"><b>info@lipro.si<\/b><\/a><\/p>\n<p>PDV ID: SI4714948<br \/>MB: 1318047<\/p>\n<p>\n<\/div><\/div><\/div><div class=\"kc-elm kc-css-136936 col-lg-6 column order-1 order-md-2 p-0\"><div class=\"kc-col-container\"><div class=\"kc-elm kc-css-197083 kc_shortcode kc_single_image blue-left\">\n\n        <img decoding=\"async\" src=\"https:\/\/lipro.pro\/wp-content\/uploads\/2022\/01\/Mask-Group-14.png\" class=\"\" alt=\"\" title=\"\">    <\/div>\n<\/div><\/div><\/div><\/div><\/section><section class=\"kc-elm kc-css-974201 kc_row\"><div class=\" container\"><div class=\"row\"><\/div><\/div><\/section><section id=\"bg-right\" class=\"kc-elm kc-css-576615 kc_row\"><div class=\" container  buttons-section\"><div class=\"row\"><div class=\"kc-elm kc-css-691559 column col-12 col-md-8\"><div class=\"kc-col-container\">\n<div class=\"kc-elm kc-css-684599 kc-title-wrap \">\n\n\t<h2 class=\"kc_title\">Jeste li uvidjeli da smo mi pravi partner za vas?<\/h2>\n<\/div>\n<div class=\"kc-elm kc-css-491634 kc_text_block\"><\/p>\n<p>Uspjeh na\u0161e tvrtke tako\u0111er ovisi o uspje\u0161nosti kvalitete na\u0161ih dobavlja\u010da.<\/p>\n<p>Zato je na\u0161 cilj neprestano osiguravati kvalitetu proizvoda od sirovine do krajnjeg kupca.<\/p>\n<p>\n<\/div><div class=\"div-wrapper kc-elm kc-css-608145 button-wrapper\">\n<div class=\"kc-elm kc-css-158113\">\n\t<a class=\"kc_button yellow-underline text-light\" href=\"https:\/\/lipro.pro\/hr\/upit\/?type=suraduj-s-nama-kao-dobavljac#contact\" target=\"_self\" title=\"\" onclick=\"\">\n\t\tPostani na\u0161 dobavlja\u010d\t<\/a>\n<\/div>\n<\/div><\/div><\/div><\/div><\/div><\/section><section id=\"history\" class=\"kc-elm kc-css-793302 kc_row\"><div class=\" container\"><div class=\"row\"><div class=\"kc-elm kc-css-999560 column col-md-7\"><div class=\"kc-col-container\">\n<div class=\"kc-elm kc-css-697353 kc-title-wrap \">\n\n\t<h2 class=\"kc_title\">Va\u017ene prekretnice u povijesti<\/h2>\n<\/div>\n<div class=\"kc-elm kc-css-152030 kc_text_block\"><\/p>\n<p>Po\u010deci Lipra se\u017eu u 1998. godinu, kada su Albert i Barbara Pribac pokrenuli poslovanje u obiteljskoj radionici u Kopru.<\/p>\n<p>Zbog \u0161irenja poslovanja svoju djelatnost uskoro sele u ne\u0161to ve\u0107e iznajmljene prostore u Kopru.<\/p>\n<p>\n<\/div>\n<div class=\"kc-elm kc-css-505400\">\n\t<a class=\"kc_button yellow-underline\" href=\"https:\/\/lipro.pro\/hr\/o-tvrtki\/vazne-prekretnice-u-povijesti\/\" target=\"_self\" title=\"Pomembni mejniki v zgodovini\" onclick=\"\">\n\t\tPro\u010ditaj vi\u0161e\t<\/a>\n<\/div>\n<div class=\"kc-elm kc-css-56169 kc_text_block year\"><\/p>\n<p>1998<\/p>\n<p>\n<\/div><\/div><\/div><\/div><\/div><\/section><section id=\"bg-right\" class=\"kc-elm kc-css-985930 kc_row\"><div class=\" container\"><div class=\"row\"><div class=\"kc-elm kc-css-605450 column col-12 col-md-8\"><div class=\"kc-col-container\">\n<div class=\"kc-elm kc-css-78643 kc-title-wrap \">\n\n\t<h2 class=\"kc_title\">Upis u bazu tra\u017eitelja posla<\/h2>\n<\/div>\n<div class=\"kc-elm kc-css-593729 kc_text_block\"><\/p>\n<p>Ukoliko trenutno nema slobodnih radnih mjesta ili smatrate da raspisana radna mjesta ne odgovaraju va\u0161em profilu, jo\u0161 uvijek nam se mo\u017eete predstaviti u otvorenoj prijavi.<\/p>\n<p>Upisat \u0107emo vas u na\u0161u bazu podataka i kontaktirati kada budemo trebali nove zaposlenike.<\/p>\n<p>\n<\/div>\n<div class=\"kc-elm kc-css-38478\">\n\t<a class=\"kc_button yellow-underline text-light font-weight-bold\" href=\"https:\/\/lipro.pro\/hr\/upit\/?type=upis-u-bazu-trazitelja-posla\/#contact\" target=\"_self\" title=\"Vpis v bazo iskalcev zaposlitve\" onclick=\"\">\n\t\tPo\u0161aljite prijavu i \u017eivotopis\t<\/a>\n<\/div>\n<\/div><\/div><\/div><\/div><\/section><\/p>\n","protected":false},"excerpt":{"rendered":"<p>Pogled u budu\u0107nost &#8211; predanost uprave<\/p>\n","protected":false},"author":9,"featured_media":4055,"parent":0,"menu_order":0,"comment_status":"closed","ping_status":"closed","template":"page-templates\/fullwidthpage-main.php","meta":{"_acf_changed":false,"footnotes":""},"class_list":["post-7526","page","type-page","status-publish","has-post-thumbnail","hentry"],"acf":[],"_links":{"self":[{"href":"https:\/\/lipro.pro\/hr\/wp-json\/wp\/v2\/pages\/7526","targetHints":{"allow":["GET"]}}],"collection":[{"href":"https:\/\/lipro.pro\/hr\/wp-json\/wp\/v2\/pages"}],"about":[{"href":"https:\/\/lipro.pro\/hr\/wp-json\/wp\/v2\/types\/page"}],"author":[{"embeddable":true,"href":"https:\/\/lipro.pro\/hr\/wp-json\/wp\/v2\/users\/9"}],"replies":[{"embeddable":true,"href":"https:\/\/lipro.pro\/hr\/wp-json\/wp\/v2\/comments?post=7526"}],"version-history":[{"count":0,"href":"https:\/\/lipro.pro\/hr\/wp-json\/wp\/v2\/pages\/7526\/revisions"}],"wp:featuredmedia":[{"embeddable":true,"href":"https:\/\/lipro.pro\/hr\/wp-json\/wp\/v2\/media\/4055"}],"wp:attachment":[{"href":"https:\/\/lipro.pro\/hr\/wp-json\/wp\/v2\/media?parent=7526"}],"curies":[{"name":"wp","href":"https:\/\/api.w.org\/{rel}","templated":true}]}}