{"id":6792,"date":"2022-01-06T10:44:20","date_gmt":"2022-01-06T10:44:20","guid":{"rendered":"http:\/\/lipro.razvija.se\/?page_id=6792"},"modified":"2024-01-16T13:23:25","modified_gmt":"2024-01-16T13:23:25","slug":"avtomatizacija-proizvodnih-procesov-in-transportnih-sistemov","status":"publish","type":"page","link":"https:\/\/lipro.pro\/hr\/","title":{"rendered":"Transportne linije i fleksibilne konstrukcije u automatizaciji"},"content":{"rendered":"<p><section class=\"kc-elm kc-css-69877 kc_row\"><div class=\" container\"><div class=\"row\"><div class=\"kc-elm kc-css-192995 col-lg-12 column col-12\"><div class=\"kc-col-container\"><div class=\"kc-elm kc-css-349925 kc-raw-code\">\r\n<div class=\"parent\">\r\n    <div class=\"content-block\">\r\n        <h2>Tim predanih zaposlenika s izvrsnim stru\u010dnim znanjem<\/h2>\r\n        <h4 class=\"font-weight-normal mt-2 d-inline-block\">Nudimo rje\u0161enja po mjeri kupaca u automatizaciji proizvodnje, na slovenskom i europskom tr\u017ei\u0161tu.<\/h4>\r\n\r\n        <div class=\"btn-group mt-3\">\r\n\r\n                        <a href=\"https:\/\/lipro.pro\/hr\/proizvodi-i-usluge\/\"\r\n                class=\"btn btn-primary font-weight-bold\">Proizvodi i usluge<\/a>\r\n            \r\n                        <a href=\"https:\/\/lipro.pro\/hr\/o-tvrtki\/\"\r\n                class=\"yellow-underline text-warning font-weight-bold ml-md-3 mt-2 mt-md-0\">Vi\u0161e o tvrtki<\/a>\r\n            \r\n        <\/div>\r\n    <\/div>\r\n    <div class=\"icon-block-1 d-flex flex-row align-items-end mt-7 mt-md-0 mb-4 mb-md-0\">\r\n        <div class=\"img-wrapper mr-3\">\r\n            <img decoding=\"async\" src=\"https:\/\/lipro.pro\/wp-content\/uploads\/2022\/01\/Group-612.svg\" alt=\"\" title=\"\">\r\n        <\/div>\r\n        <h3 class=\"font-weight-bold d-inline-block \">Fleksibilnost u suradnji<\/h3>\r\n    <\/div>\r\n    <div class=\"icon-block-2 d-flex flex-row-reverse align-items-baseline ml-auto\">\r\n        <div class=\"img-wrapper ml-3\">\r\n            <img decoding=\"async\" src=\"https:\/\/lipro.pro\/wp-content\/uploads\/2022\/01\/Group-613.svg\" alt=\"\" title=\"\">\r\n        <\/div>\r\n        <h3 class=\"font-weight-bold d-inline-block text-right\">Vrhunska podr\u0161ka klijentima<\/h3>\r\n    <\/div>\r\n<\/div>\r\n\r\n\r\n<\/div><\/div><\/div><\/div><\/div><\/section><section id=\"gray-intro\" class=\"kc-elm kc-css-271691 kc_row\"><div class=\" container\"><div class=\"row\"><div class=\"kc-elm kc-css-360607 column col-12 col-md-6\"><div class=\"kc-col-container\">\n<div class=\"kc-elm kc-css-639789 kc-title-wrap \">\n\n\t<h2 class=\"kc_title\">Na\u0161i proizvodi i usluge<\/h2>\n<\/div>\n<div class=\"kc-elm kc-css-30749 kc_text_block\"><\/p>\n<p>Razvijamo transportne linije i fleksibilne konstrukcije u automatizaciji proizvodnje.<\/p>\n<p>\n<\/div><\/div><\/div><\/div><\/div><\/section><section id=\"gm1\" class=\"kc-elm kc-css-81763 kc_row\"><div class=\" container  gray-main\"><div class=\"row\"><div class=\"kc-elm kc-css-68914 column col-lg-8 order-2 order-md-1\"><div class=\"kc-col-container\">\n<div class=\"kc-elm kc-css-87543 kc-title-wrap \">\n\n\t<h3 class=\"kc_title gray-block-separator\">Transporteri<\/h3>\n<\/div>\n<div class=\"kc-elm kc-css-815026 kc_text_block\"><\/p>\n<p>Remenski transporter nezaobilazno je rje\u0161enje u automatizaciji. Nudimo razne izvedbe; ravne, pod nagibom ili kombinirane. S ugra\u0111enim razli\u010ditim remenima nudimo \u0161irok raspon primjena.<\/p>\n<p>\n<\/div>\n<div class=\"kc-elm kc-css-971767\">\n\t<a class=\"kc_button yellow-underline\" href=\"https:\/\/lipro.pro\/hr\/proizvodi-i-usluge\/transporteri\/\" target=\"_self\" title=\"Transporteri\" onclick=\"\">\n\t\tPogledaj sve transportere\t<\/a>\n<\/div>\n<\/div><\/div><div class=\"kc-elm kc-css-322057 column col-lg-3 order-1 order-md-2\"><div class=\"kc-col-container\"><div class=\"kc-elm kc-css-471093 kc_shortcode kc_single_image\">\n\n        <img decoding=\"async\" src=\"https:\/\/lipro.pro\/wp-content\/uploads\/2022\/01\/1.png\" class=\"\" alt=\"\" title=\"\">    <\/div>\n<\/div><\/div><\/div><\/div><\/section><section id=\"gm2\" class=\"kc-elm kc-css-48512 kc_row\"><div class=\" container  gray-main\"><div class=\"row\"><div class=\"kc-elm kc-css-364656 column col-lg-8 order-2 order-md-1\"><div class=\"kc-col-container\">\n<div class=\"kc-elm kc-css-188937 kc-title-wrap \">\n\n\t<h3 class=\"kc_title gray-block-separator\">Transportni sustavi<\/h3>\n<\/div>\n<div class=\"kc-elm kc-css-991687 kc_text_block\"><\/p>\n<p>Predstavljaju cjelovito rje\u0161enje za opslu\u017eivanje u automatizaciji proizvodnje. Proizvodimo remenske, lan\u010dane i valj\u010dane transportne linije za transport, s preciznim pozicioniranjem. Unato\u010d standardnim elementima, svako rje\u0161enje je unikatno prema tehni\u010dkim zahtjevima naru\u010ditelja.<\/p>\n<p>\n<\/div>\n<div class=\"kc-elm kc-css-738215\">\n\t<a class=\"kc_button yellow-underline\" href=\"https:\/\/lipro.pro\/hr\/proizvodi-i-usluge\/transportni-sustavi\/\" target=\"_self\" title=\"Transportni sistemi\" onclick=\"\">\n\t\tPogledaj sve transportne sustave\t<\/a>\n<\/div>\n<\/div><\/div><div class=\"kc-elm kc-css-683448 column col-lg-3 order-1 order-md-2\"><div class=\"kc-col-container\"><div class=\"kc-elm kc-css-100387 kc_shortcode kc_single_image\">\n\n        <img decoding=\"async\" src=\"https:\/\/lipro.pro\/wp-content\/uploads\/2022\/01\/2-e1643980169172.png\" class=\"\" alt=\"\" title=\"\">    <\/div>\n<\/div><\/div><\/div><\/div><\/section><section id=\"gm3\" class=\"kc-elm kc-css-41200 kc_row\"><div class=\" container  gray-main\"><div class=\"row\"><div class=\"kc-elm kc-css-121126 column col-lg-8 order-2 order-md-1\"><div class=\"kc-col-container\">\n<div class=\"kc-elm kc-css-741941 kc-title-wrap \">\n\n\t<h3 class=\"kc_title gray-block-separator\">Modularni sustavi<\/h3>\n<\/div>\n<div class=\"kc-elm kc-css-966970 kc_text_block\"><\/p>\n<p>U proizvodnji modularnih sustava aluminijski profili danas predstavljaju jedan od najekonomi\u010dnijih i najfleksibilnijih programa.<\/p>\n<p>\n<\/div>\n<div class=\"kc-elm kc-css-882364\">\n\t<a class=\"kc_button yellow-underline\" href=\"https:\/\/lipro.pro\/hr\/proizvodi-i-usluge\/modularni-sustavi\/\" target=\"_self\" title=\"Modularni sustavi\" onclick=\"\">\n\t\tPogledaj sve modularne sustave\t<\/a>\n<\/div>\n<\/div><\/div><div class=\"kc-elm kc-css-485178 column col-lg-3 order-1 order-md-2\"><div class=\"kc-col-container\"><div class=\"kc-elm kc-css-925581 kc_shortcode kc_single_image\">\n\n        <img decoding=\"async\" src=\"https:\/\/lipro.pro\/wp-content\/uploads\/2022\/01\/3.png\" class=\"\" alt=\"\" title=\"\">    <\/div>\n<\/div><\/div><\/div><\/div><\/section><section class=\"kc-elm kc-css-833048 kc_row\"><div class=\" container\"><div class=\"row\"><div class=\"kc-elm kc-css-983437 col-lg-12 column col-12\"><div class=\"kc-col-container\"><div class=\"clear\"><\/div>\n<div class=\"mod-id-879231 kc-elm kc-css-879231 kc-raw-code emigma-section-intro-outer\">\n    <div class=\"row\">\n        <div class=\"col-12 d-flex align-items-md-center align-items-baseline justify-content-start justify-content-md-between flex-column flex-md-row mb-3 mb-md-0\">\n            <div class=\"d-flex align-items-center mb-3 mb-md-0\">\n                                <h3 class=\"mb-0 light\">Posljednje vijesti<\/h3>                            <\/div>\n                                        <div class=\"d-flex align-items-center flex-row ml-md-3 my-lg-3 ml-md-auto\">\n                    <a class=\"yellow-underline text-secondary\" href=\"https:\/\/lipro.pro\/hr\/blog\/\">Sve vijesti<\/a>\n                <\/div>\n                    <\/div>\n    <\/div>\n<\/div>\n<div class=\"clear\"><\/div>\n<div class=\"kc-elm kc-css-897546 post-grid list-post layout-grid-2 category \">\t\t\t\t<article class=\"post-item post-14167 post type-post status-publish format-standard hentry category-strucni-clanci\" id=\"post-14167\">\n    <div class=\"card c-post\" href=\"https:\/\/lipro.pro\/hr\/strucni-clanci\/comparison-of-modular-systems-and-welded-structures-in-industrial-automation\/\" rel=\"article\">\n            <content class=\"card-body d-flex flex-column justify-content-end\" style=\"background-color:#123E92;\">\n        <div class=\"content-top\">   \n        <div class=\"entry-meta d-flex justify-content-between align-items-baseline\">\n            <span>06. 03. 2026<\/span>\n            <span class=\"text-right btn btn-primary font-weight-bold\"> <ul class=\"post-categories\">\n\t<li><a href=\"https:\/\/lipro.pro\/hr\/category\/strucni-clanci\/\" rel=\"category tag\">Stru\u010dni \u010dlanci<\/a><\/li><\/ul>  <\/span>\n        <\/div>\n    <\/div>\n        <div class=\"content-main mb-2 mt-auto pr-md-6\">\n            <h3 class=\"entry-title\">COMPARISON OF MODULAR SYSTEMS AND WELDED STRUCTURES IN INDUSTRIAL AUTOMATION<\/h3>\n            <div>\n                                    <a href=\"https:\/\/lipro.pro\/hr\/strucni-clanci\/comparison-of-modular-systems-and-welded-structures-in-industrial-automation\/\" class=\"btn btn-outline-info text-info\"> \u010citaj vi\u0161e<\/a>  \n                            <\/div>\n        <\/div>\n        \n    <\/content>\n    <\/div>\n<\/article>\t\t\t\t\t\t\t\t<article class=\"post-item post-14103 post type-post status-publish format-standard has-post-thumbnail hentry category-vijesti\" id=\"post-14103\">\n    <div class=\"card c-post\" href=\"https:\/\/lipro.pro\/hr\/vijesti\/sretna-2026\/\" rel=\"article\">\n            <content class=\"card-body d-flex flex-column justify-content-end\" style=\"background-image: linear-gradient(90deg, rgba(0,0,0,0.3) 0%, rgba(0,0,0,0.3) 100%), url(https:\/\/lipro.pro\/wp-content\/uploads\/2025\/12\/Prikazna-slika-1.jpg);\">\n        <div class=\"content-top\">   \n        <div class=\"entry-meta d-flex justify-content-between align-items-baseline\">\n            <span>18. 12. 2025<\/span>\n            <span class=\"text-right btn btn-primary font-weight-bold\"> <ul class=\"post-categories\">\n\t<li><a href=\"https:\/\/lipro.pro\/hr\/category\/vijesti\/\" rel=\"category tag\">Vijesti<\/a><\/li><\/ul>  <\/span>\n        <\/div>\n    <\/div>\n        <div class=\"content-main mb-2 mt-auto pr-md-6\">\n            <h3 class=\"entry-title\">Sretna 2026!<\/h3>\n            <div>\n                                    <a href=\"https:\/\/lipro.pro\/hr\/vijesti\/sretna-2026\/\" class=\"btn btn-outline-info text-info\"> \u010citaj vi\u0161e<\/a>  \n                            <\/div>\n        <\/div>\n        \n    <\/content>\n    <\/div>\n<\/article>\t\t\t\t\t\t\t\t<article class=\"post-item post-14018 post type-post status-publish format-standard has-post-thumbnail hentry category-novi-proizvodi\" id=\"post-14018\">\n    <div class=\"card c-post\" href=\"https:\/\/lipro.pro\/hr\/novi-proizvodi\/new-type-of-roller-curve\/\" rel=\"article\">\n            <content class=\"card-body d-flex flex-column justify-content-end\" style=\"background-image: linear-gradient(90deg, rgba(0,0,0,0.3) 0%, rgba(0,0,0,0.3) 100%), url(https:\/\/lipro.pro\/wp-content\/uploads\/2025\/11\/Nov-tip-krivine-prezentacija-square-ANG.jpg);\">\n        <div class=\"content-top\">   \n        <div class=\"entry-meta d-flex justify-content-between align-items-baseline\">\n            <span>10. 11. 2025<\/span>\n            <span class=\"text-right btn btn-primary font-weight-bold\"> <ul class=\"post-categories\">\n\t<li><a href=\"https:\/\/lipro.pro\/hr\/category\/novi-proizvodi\/\" rel=\"category tag\">Novi proizvodi<\/a><\/li><\/ul>  <\/span>\n        <\/div>\n    <\/div>\n        <div class=\"content-main mb-2 mt-auto pr-md-6\">\n            <h3 class=\"entry-title\">New type of roller curve<\/h3>\n            <div>\n                                    <a href=\"https:\/\/lipro.pro\/hr\/novi-proizvodi\/new-type-of-roller-curve\/\" class=\"btn btn-outline-info text-info\"> \u010citaj vi\u0161e<\/a>  \n                            <\/div>\n        <\/div>\n        \n    <\/content>\n    <\/div>\n<\/article>\t\t\t\t\t\t\t\t<article class=\"post-item post-13730 post type-post status-publish format-standard hentry category-vijesti\" id=\"post-13730\">\n    <div class=\"card c-post\" href=\"https:\/\/lipro.pro\/hr\/vijesti\/obvestilo\/\" rel=\"article\">\n            <content class=\"card-body d-flex flex-column justify-content-end\" style=\"background-color:#123E92;\">\n        <div class=\"content-top\">   \n        <div class=\"entry-meta d-flex justify-content-between align-items-baseline\">\n            <span>09. 12. 2024<\/span>\n            <span class=\"text-right btn btn-primary font-weight-bold\"> <ul class=\"post-categories\">\n\t<li><a href=\"https:\/\/lipro.pro\/hr\/category\/vijesti\/\" rel=\"category tag\">Vijesti<\/a><\/li><\/ul>  <\/span>\n        <\/div>\n    <\/div>\n        <div class=\"content-main mb-2 mt-auto pr-md-6\">\n            <h3 class=\"entry-title\">Obvestilo<\/h3>\n            <div>\n                                    <a href=\"https:\/\/lipro.pro\/hr\/vijesti\/obvestilo\/\" class=\"btn btn-outline-info text-info\"> \u010citaj vi\u0161e<\/a>  \n                            <\/div>\n        <\/div>\n        \n    <\/content>\n    <\/div>\n<\/article>\t\t\t\t<\/div><\/div><\/div><\/div><\/div><\/section><section id=\"bg-right\" class=\"kc-elm kc-css-707411 kc_row\"><div class=\" container\"><div class=\"row\"><div class=\"kc-elm kc-css-172301 column col-md-8\"><div class=\"kc-col-container\">\n<div class=\"kc-elm kc-css-470568 kc-title-wrap \">\n\n\t<h2 class=\"kc_title\">Spletna trgovina polna prilo\u017enosti<\/h2>\n<\/div>\n<div class=\"kc-elm kc-css-199929 kc_text_block\"><\/p>\n<p>\nPotrebuje\u0161 samo profil ali nekaj vija\u010dnega materiala? Klikni na spodnjo povezavo do eTrgovine in postrezi si sam.<\/p>\n<p>\n<\/div>\n<div class=\"kc-elm kc-css-104836\">\n\t<a class=\"kc_button yellow-underline text-light\" href=\"https:\/\/lipro.shop\/\" target=\"_blank\" title=\"\" onclick=\"\" rel=\"noopener\">\n\t\tObi\u0161\u010di spletno trgovino\t<\/a>\n<\/div>\n<\/div><\/div><\/div><\/div><\/section><section id=\"bg-left\" class=\"kc-elm kc-css-367293 kc_row\"><div class=\" container  right-fp-img\"><div class=\"row\"><div class=\"kc-elm kc-css-167892 column col-12 col-md-8\"><div class=\"kc-col-container\">\n<div class=\"kc-elm kc-css-587310 kc-title-wrap \">\n\n\t<h2 class=\"kc_title\">Podr\u0161ka klijentima po mjeri<\/h2>\n<\/div>\n<div class=\"kc-elm kc-css-737507 kc_text_block\"><\/p>\n<p>Imate li pitanja ili posebnih \u017eelja? Kontaktirajte na\u0161e zaposlenike koji \u0107e vam rado pomo\u0107i.<\/p>\n<p>\n<\/div>\n<div class=\"kc-elm kc-css-93070\">\n\t<a class=\"kc_button yellow-underline text-light\" href=\"https:\/\/lipro.pro\/hr\/podrska-klijentima\/\" target=\"_self\" title=\"Podr\u0161ka klijentima\" onclick=\"\">\n\t\tPro\u010ditaj vi\u0161e\t<\/a>\n<\/div>\n<\/div><\/div><\/div><\/div><\/section><\/p>\n","protected":false},"excerpt":{"rendered":"","protected":false},"author":9,"featured_media":0,"parent":0,"menu_order":0,"comment_status":"closed","ping_status":"closed","template":"","meta":{"_acf_changed":false,"footnotes":""},"class_list":["post-6792","page","type-page","status-publish","hentry"],"acf":[],"_links":{"self":[{"href":"https:\/\/lipro.pro\/hr\/wp-json\/wp\/v2\/pages\/6792","targetHints":{"allow":["GET"]}}],"collection":[{"href":"https:\/\/lipro.pro\/hr\/wp-json\/wp\/v2\/pages"}],"about":[{"href":"https:\/\/lipro.pro\/hr\/wp-json\/wp\/v2\/types\/page"}],"author":[{"embeddable":true,"href":"https:\/\/lipro.pro\/hr\/wp-json\/wp\/v2\/users\/9"}],"replies":[{"embeddable":true,"href":"https:\/\/lipro.pro\/hr\/wp-json\/wp\/v2\/comments?post=6792"}],"version-history":[{"count":0,"href":"https:\/\/lipro.pro\/hr\/wp-json\/wp\/v2\/pages\/6792\/revisions"}],"wp:attachment":[{"href":"https:\/\/lipro.pro\/hr\/wp-json\/wp\/v2\/media?parent=6792"}],"curies":[{"name":"wp","href":"https:\/\/api.w.org\/{rel}","templated":true}]}}