{"id":6529,"date":"2022-08-04T11:58:22","date_gmt":"2022-08-04T11:58:22","guid":{"rendered":"http:\/\/lipro.razvija.se\/?page_id=6529"},"modified":"2022-09-01T06:39:04","modified_gmt":"2022-09-01T06:39:04","slug":"politika-privatnosti-i-zastita-osobnih-podataka","status":"publish","type":"page","link":"https:\/\/lipro.pro\/hr\/politika-privatnosti-i-zastita-osobnih-podataka\/","title":{"rendered":"Politika privatnosti i za\u0161tita osobnih podataka"},"content":{"rendered":"<section class=\"kc-elm kc-css-985274 kc_row\"><div class=\" container\"><div class=\"row\"><div class=\"kc-elm kc-css-470997 column col-lg-8\"><div class=\"kc-col-container\"><div class=\"kc-elm kc-css-41194 kc_text_block\"><\/p>\n<p>Internetska stranica, u smislu ove pravne obavijesti, pojam je koji uklju\u010duje sve internetske stranice na internetskoj adresi\u00a0<a href=\"https:\/\/www.lipro.pro\/\">www.lipro.pro<\/a>\u00a0(u daljnjem tekstu: internetska stranica). Lipro d.o.o. nositelj je autorskih prava na svim autorskim djelima koja su na bilo koji na\u010din uklju\u010dena u internetsku stranicu. (u daljnjem tekstu Lipro). Korisnik mo\u017ee koristiti sadr\u017eaje na internetskoj stranici isklju\u010divo za svoju osobnu, odnosno nekomercijalnu uporabu. Zabranjen je svaki drugi oblik kori\u0161tenja sadr\u017eaja internetske stranice (kao \u0161to je kopiranje, reprodukcija, distribucija i sli\u010dno) u komercijalne svrhe.<\/p>\n<p><strong>Ograni\u010denje kori\u0161tenja informacija i materijala<\/strong><\/p>\n<p>Informacije i materijale prikazane na ovoj internetskoj stranici korisnik mo\u017ee preuzeti s poslu\u017eitelja za svoju osobnu, ku\u0107nu upotrebu pritom bez promjene navoda o autorskim pravima, drugih obavijesti o pravima intelektualnog vlasni\u0161tva ili obavijesti o drugim pravima. Dopu\u0161teno je preuzimanje i ispis informacija i materijala u svrhu pregledavanja i \u010ditanja u nekomercijalne svrhe. Zabranjeno je svako drugo kopiranje, distribucija, ponovno objavljivanje, izmjena informacija i materijala na\u00a0<a href=\"https:\/\/www.lipro.pro\/\">www.lipro.pro<\/a>\u00a0ili njihovo slanje po\u0161tom te distribucija na bilo koji drugi na\u010din bez prethodnog pisanog dopu\u0161tenja. Tako\u0111er je zabranjeno kori\u0161tenje bilo kojeg elementa\u00a0<a href=\"https:\/\/www.lipro.pro\/\">www.lipro.pro<\/a>\u00a0u bilo koju drugu svrhu osim isklju\u010divo za osobnu, nekomercijalnu, doma\u0107u uporabu. Lipro nije odgovoran za dizajn i sadr\u017eaj internetskih stranica na bilo koji na\u010din povezanih s internetskom stranicom\u00a0<a href=\"https:\/\/www.lipro.pro\/\">www.lipro.pro<\/a>. Prilikom posje\u0107ivanja i kori\u0161tenja povezanih internetskih stranica, odgovornost Liproa isklju\u010dena je u svim slu\u010dajevima.<\/p>\n<p><strong>Ograni\u010denje odgovornosti<\/strong><\/p>\n<p>Lipro \u0107e nastojati da podaci na internetskih stranicama budu to\u010dni i a\u017eurni, no Lipro niti druga pravna ili fizi\u010dka osoba, koja je sudjelovala u izradi internetskih stranica ili jo\u0161 uvijek sudjeluje u nadogradnjama internetskih stranica, ne mo\u017ee biti odgovorna za obi\u010dnu \u0161tetu ili izgubljenu dobit ili nematerijalnu \u0161tetu koja bi korisniku mogla nastati kao posljedica kori\u0161tenja internetske stranice ili nemogu\u0107nosti kori\u0161tenja iste. Lipro \u0107e nastojati osigurati nesmetan rad internetske stranice, ali ne mo\u017ee se smatrati odgovornim za obi\u010dnu \u0161tetu ili izgubljenu dobit ili nematerijalnu \u0161tetu koja bi korisniku mogla nastati zbog smetnji u radu internetske stranice. Lipro mo\u017ee promijeniti internetsku stranicu u bilo kojem trenutku bez prethodne obavijesti.<\/p>\n<p><strong>Za\u0161tita osobnih podataka<\/strong><\/p>\n<p>Svjesni smo va\u017enosti za\u0161tite osobnih podataka, prvenstveno zato \u0161to ih koristimo za pru\u017eanje \u0161to prikladnijih usluga i informacija na\u0161im posjetiteljima. Usvojena od strane Europske unije, GDPR uredba diktira visoke standarde koji odre\u0111uju na\u010din na koji se va\u0161i podaci prikupljaju, pohranjuju, omogu\u0107uje vam uvid u njih i zahtjev za brisanje i jo\u0161 mnogo toga. Sukladno zakonodavstvu i na\u0161oj svijesti o va\u017enosti ovog podru\u010dja, pripremili smo obja\u0161njenja o sigurnosti va\u0161ih podataka i pravima koja imate kao vlasnik podataka. Stoga prije davanja privole za prikupljanje ili obradu va\u0161ih osobnih podataka, pa\u017eljivo pro\u010ditajte ovo obja\u0161njenje.<\/p>\n<p><strong>\u0160to su osobni podaci<\/strong><\/p>\n<p>Osobni podatak je svaki podatak koji se odnosi na odre\u0111enu fizi\u010dku osobu, odnosno pojedinca, ovisno o obliku u kojem je izra\u017een. To su podaci koji se mogu koristiti za va\u0161u identifikaciju: ime, prezime, elektroni\u010dka adresa, itd. Voditelj obrade osobnih podataka na internetskoj stranici\u00a0<a href=\"https:\/\/www.lipro.pro\/\">www.lipro.pro<\/a>\u00a0je Lipro.<\/p>\n<p><strong>Gdje pohranjujemo va\u0161e podatke i koliko dugo<\/strong><\/p>\n<p>Osobni podaci, koje nam digitalno \u0161aljete, pohranjuju se na poslu\u017eiteljima koji su u tu svrhu iznajmljeni kod pru\u017eatelja usluga hostinga, ali i kod tvrtki \u010dije alate koristimo. Na primjer, pru\u017eatelj alata za komunikaciju e-po\u0161tom pohranjuje podatke o primateljima. Prikupljene osobne podatke \u010duvamo do trenutka kada nas obavijestite da vi\u0161e niste suglasni s pohranom i obradom osobnih podataka odnosno najvi\u0161e onoliko dugo koliko je potrebno za postizanje svrhe za koju se obra\u0111uju ili za ispunjavanje zakonskih zahtjeva.<\/p>\n<p><strong>Prikupljanje, obrada i kori\u0161tenje osobnih podataka<\/strong><\/p>\n<p>Va\u0161e osobne podatke prikupljamo, njima upravljamo i obra\u0111ujemo ih samo u zakonski definirane svrhe ili na temelju va\u0161eg izri\u010ditog pristanka. Podaci, prikupljeni uz privolu, prvenstveno su namijenjeni komunikaciji s vama i pobolj\u0161anju usluga. Obvezujemo se da ne\u0107emo posu\u0111ivati \u200b\u200bili prodavati va\u0161e osobne podatke tre\u0107oj strani bez prethodne obavijesti i dobivanja va\u0161eg izri\u010ditog pisanog pristanka.<\/p>\n<p><strong>Opoziv privole za obradu osobnih podataka<\/strong><\/p>\n<p>Imate pravo u svakom trenutku povu\u0107i svoju privolu za obradu osobnih podataka. Pravo mo\u017eete opozvati za pojedina\u010dnu svrhu ili za sve svrhe obrade osobnih podataka na koje ste pristali. Pisanu izjavu za opoziv privole za obradu osobnih podataka po\u0161aljite na adresu: Lipro, ili na mail adresu <a href=\"mailto:info@lipro.si\">info@lipro.si<\/a>. U slu\u010daju opoziva privole za prikupljanje ili obradu osobnih podataka, svi prikupljeni osobni podaci, na koje \u0107e se odnositi zahtjev za brisanjem, bit \u0107e izbrisani ili izuzeti iz automatske obrade. Opoziv privole za obradu osobnih podataka ne utje\u010de na zakonitost obrade osobnih podataka koji se ti\u010du \u200b\u200bvas do va\u0161eg opoziva i kori\u0161tenja tih osobnih podataka u zakonom definirane svrhe.<\/p>\n<p><strong>Va\u0161a prava u podru\u010dju za\u0161tite osobnih podataka<\/strong><\/p>\n<p><strong>Pravo na brisanje\/zaborav<\/strong><br \/>U svakom trenutku imate pravo od voditelja obrade zatra\u017eiti ispravak ili dopunu neto\u010dnih ili nepotpunih osobnih podataka koji se na vas odnose. U svakom trenutku mo\u017eete zatra\u017eiti uvid u podatke koje je voditelj obrade prikupio o vama ili trenutno brisanje va\u0161ih osobnih podataka. U slu\u010daju ispravke, dopune ili brisanja osobnih podataka, moramo vas neodlo\u017eno obavijestiti o ispravci, dopuni ili brisanju.<\/p>\n<p><strong>Pravo na ograni\u010denje obrade osobnih podataka<\/strong><br \/>U svakom trenutku imate pravo zatra\u017eiti da ograni\u010dimo obradu va\u0161ih osobnih podataka u slu\u010daju njihove neto\u010dnosti, nezakonitosti, prestanka svrhe obrade ili podno\u0161enja prigovora.<\/p>\n<p><strong>Pravo na prenosivost va\u0161ih podataka<\/strong>: u svakom trenutku imate pravo zatra\u017eiti da Vam dostavimo osobne podatke koje obra\u0111ujemo u vezi s vama. U svakom trenutku imate pravo zatra\u017eiti da osobne podatke, koje obra\u0111ujemo u vezi s vama, prenesemo drugom voditelju obrade.<\/p>\n<p><strong>Pravo na prigovor<\/strong><br \/>Svaka uporaba va\u0161ih osobnih podataka u svrhu informativnog ili promotivnog obavje\u0161\u0107ivanja zahtijeva va\u0161 izri\u010diti pristanak. U slu\u010daju primanja informativnog ili komercijalno promid\u017ebenog sadr\u017eaja na temelju va\u0161e privole, u bilo kojem trenutku mo\u017eete pisanim putem zatra\u017eiti prestanak kori\u0161tenja va\u0161ih podataka u tu svrhu.<\/p>\n<p><strong>Pravo na pristup osobnim podacima u vezi s vama<\/strong><br \/>U svakom trenutku imate pravo dobiti potvrdu obra\u0111uju li se osobni podaci u vezi s vama i pristup osobnim podacima u vezi s vama te sljede\u0107e informacije: svrhu obrade podataka, vrstu osobnih podataka koji se odnose na vas, korisnike va\u0161ih osobnih podataka, predvi\u0111eno razdoblje \u010duvanja osobnih podataka, izvor osobnih podataka.<\/p>\n<p><strong>\u00a0<\/strong><\/p>\n<p><strong>Rizik za\u0161tite osobnih podataka<\/strong><\/p>\n<p>U slu\u010daju rizika za\u0161tite osobnih podataka obavijestit \u0107emo nadle\u017eno tijelo bez nepotrebnog odga\u0111anja, a najkasnije u roku od 72 sata od saznanja da su va\u0161i osobni podaci ugro\u017eeni.<\/p>\n<p><strong>Va\u017ene informacije u vezi obrade va\u0161ih osobnih podataka<\/strong><\/p>\n<p>Sve prikupljene podatke obvezujemo se obra\u0111ivati \u200b\u200bsamo u okviru navedenih svrha upravljanja odnosno obrade osobnih podataka te u skladu sa Zakonom o za\u0161titi osobnih podataka i drugim relevantnim podru\u010dnim zakonodavstvom kao i u skladu s Uredbom (EU) 2016\/679 o za\u0161titi pojedinaca pri obradi osobnih podataka (GDPR).<\/p>\n<\/p>\n<p><strong>Koje kola\u010di\u0107e koristi ova internetska stranica?<\/strong><\/p>\n<ol>\n<li><strong> Nu\u017eno potrebni kola\u010di\u0107i<\/strong><\/li>\n<\/ol>\n<p>Nu\u017eno potrebni kola\u010di\u0107i moraju biti omogu\u0107eni u svakom trenutku kako bismo mogli spremiti va\u0161e postavke kola\u010di\u0107a.<\/p>\n<table width=\"523\">\n<tbody>\n<tr>\n<td width=\"208\">\n<p>Naziv<\/p>\n<\/td>\n<td width=\"129\">\n<p>Ponuditelj<\/p>\n<\/td>\n<td width=\"113\">\n<p>Uporaba<\/p>\n<\/td>\n<td width=\"73\">\n<p>Trajanje<\/p>\n<\/td>\n<\/tr>\n<tr>\n<td width=\"208\">\n<p>hideCovidNotice<\/p>\n<\/td>\n<td width=\"129\">\n<p><a href=\"https:\/\/www.lipro.pro\/\">www.lipro.pro<\/a><\/p>\n<\/td>\n<td width=\"113\">\n<p>Spremanje postavke prikaza covid bannera.<\/p>\n<\/td>\n<td width=\"73\">\n<p>Tijek sesije<\/p>\n<\/td>\n<\/tr>\n<tr>\n<td width=\"208\">\n<p>wp-wpml_current_language<\/p>\n<\/td>\n<td width=\"129\">\n<p><a href=\"https:\/\/www.lipro.pro\/\">www.lipro.pro<\/a><\/p>\n<\/td>\n<td width=\"113\">\n<p>Spremanje odabira jezika<\/p>\n<\/td>\n<td width=\"73\">\n<p>24 sata<\/p>\n<\/td>\n<\/tr>\n<tr>\n<td width=\"208\">\n<p>moove_gdpr_popup<\/p>\n<\/td>\n<td width=\"129\">\n<p><a href=\"https:\/\/www.lipro.pro\/\">www.lipro.pro<\/a><\/p>\n<\/td>\n<td width=\"113\">\n<\/td>\n<td width=\"73\">\n<p>1. godina<\/p>\n<\/td>\n<\/tr>\n<\/tbody>\n<\/table>\n<p><strong>\u00a0<\/strong><\/p>\n<p><strong>\u00a0<\/strong><\/p>\n<ol start=\"2\">\n<li><strong> Google<\/strong><\/li>\n<\/ol>\n<p>Google koristi kola\u010di\u0107e za spremanje omiljenih korisni\u010dkih postavki, odabir jezi\u010dne verzije, br. prikazanih pogodaka i vrijednosti, prikaz informacija na Google kartama te mnogih drugih funkcionalnosti i usluga ovog internetskog giganta.<\/p>\n<p><a href=\"https:\/\/policies.google.com\/technologies\/cookies?hl=sl\" target=\"_blank\" rel=\"noopener\">Pro\u010ditaj vi\u0161e<\/a><\/p>\n<p><strong>\u00a0<\/strong><\/p>\n<ol start=\"3\">\n<li><strong> Google Analytics<\/strong><\/li>\n<\/ol>\n<p>Google Analytics je usluga internetske analize. Pru\u017ea nam informacije o pona\u0161anju korisnika na na\u0161oj internetskoj stranici i tako nam poma\u017ee u stvaranju boljeg korisni\u010dkog iskustva, prikaz relevantnog sadr\u017eaja itd. Prilikom interpretacije ovih podataka ne mo\u017eemo vas osobno identificirati. \u017divotni vijek ovih kola\u010di\u0107a je do 2 godine.<\/p>\n<p><strong>Primjer kori\u0161tenih kola\u010di\u0107a:<\/strong><\/p>\n<table width=\"627\">\n<tbody>\n<tr>\n<td>\n<p>Naziv<\/p>\n<\/td>\n<td>\n<p>Ponuditelj<\/p>\n<\/td>\n<td>\n<p>Uporaba<\/p>\n<\/td>\n<td>\n<p>Trajanje<\/p>\n<\/td>\n<\/tr>\n<tr>\n<td>\n<p>_gat_UA-2764728-49<\/p>\n<\/td>\n<td>\n<p>Google Analytics<\/p>\n<\/td>\n<td>\n<p>Kola\u010di\u0107 se koristi za ograni\u010davanje broja zahtjeva. Ako se Google Analytics doda putem Google Tag Managera, ovaj se kola\u010di\u0107 zove &#8220;_dc_gtm_\".<\/p>\n<\/td>\n<td>\n<p>1 minuta<\/p>\n<\/td>\n<\/tr>\n<tr>\n<td>\n<p>_ga<\/p>\n<\/td>\n<td>\n<p>Google Analytics<\/p>\n<\/td>\n<td>\n<p>Identifikacija korisnika.<\/p>\n<\/td>\n<td>\n<p>2 godine<\/p>\n<\/td>\n<\/tr>\n<tr>\n<td>\n<p>_gid<\/p>\n<\/td>\n<td>\n<p>Google Analytics<\/p>\n<\/td>\n<td>\n<p>Identifikacija korisnika.<\/p>\n<\/td>\n<td>\n<p>24 sata<\/p>\n<\/td>\n<\/tr>\n<tr>\n<td>\n<p>_gac_<\/p>\n<\/td>\n<td>\n<p>Google Analytics<\/p>\n<\/td>\n<td>\n<p>Sadr\u017ei podatke o kampanji s obzirom na korisnika.<\/p>\n<\/td>\n<td>\n<p>90 dana<\/p>\n<\/td>\n<\/tr>\n<\/tbody>\n<\/table>\n<p><a href=\"https:\/\/developers.google.com\/analytics\/devguides\/collection\/gajs\/cookie-usage?hl=en\" target=\"_blank\" rel=\"noopener\">Pro\u010ditaj vi\u0161e<\/a><\/p>\n<p><strong>\u00a0<\/strong><\/p>\n<ol start=\"4\">\n<li><strong> YouTube<\/strong><\/li>\n<\/ol>\n<p>Uslugu YouTube koristimo za reprodukciju video zapisa, a kola\u010di\u0107i se koriste za bilje\u017eenje podataka o gledanosti, pohranjivanje omiljenih korisni\u010dkih postavki, prikaz relevantnih video zapisa itd. \u017divotni vijek ovih kola\u010di\u0107a je do 10 godina.<\/p>\n<table width=\"614\">\n<tbody>\n<tr>\n<td>\n<p>Naziv<\/p>\n<\/td>\n<td>\n<p>Ponuditelj<\/p>\n<\/td>\n<td>\n<p>Uporaba<\/p>\n<\/td>\n<td>\n<p>Trajanje<\/p>\n<\/td>\n<\/tr>\n<tr>\n<td>\n<p>PREF<\/p>\n<\/td>\n<td>\n<p>Youtube<\/p>\n<\/td>\n<td>\n<p>Kola\u010di\u0107 za spremanje postavki.<\/p>\n<\/td>\n<td>\n<p>10 godina<\/p>\n<\/td>\n<\/tr>\n<tr>\n<td>\n<p>VISITOR_INFO1_LIVE<\/p>\n<\/td>\n<td>\n<p>Youtube<\/p>\n<\/td>\n<td>\n<p>Kola\u010di\u0107 pomo\u0107u kojeg YouTube mjeri va\u0161u internetsku vezu.<\/p>\n<\/td>\n<td>\n<p>8 mjeseci<\/p>\n<\/td>\n<\/tr>\n<tr>\n<td>\n<p>YSC<\/p>\n<\/td>\n<td>\n<p>Youtube<\/p>\n<\/td>\n<td>\n<p>Kola\u010di\u0107 instalira Youtube u na\u010dinu rada \u201cembedded video\u201d.<\/p>\n<\/td>\n<td>\n<p>Tijek sesije<\/p>\n<\/td>\n<\/tr>\n<\/tbody>\n<\/table>\n<p><strong>\u00a0<\/strong><\/p>\n<p><strong>\u00a0<\/strong><\/p>\n<p><strong>Kako mo\u017eete upravljati ili brisati kola\u010di\u0107e?<\/strong><\/p>\n<p>Kola\u010di\u0107e ne\u0107emo ni na koji na\u010din koristiti za prikupljanje va\u0161ih osobnih identifikacijskih podataka, ali ako \u017eelite, tako\u0111er mo\u017eete promijeniti postavke o kori\u0161tenju kola\u010di\u0107a u pregledniku va\u0161eg ra\u010dunala ili mobilnog ure\u0111aja. Ve\u0107ina modernih preglednika omogu\u0107uje vam da prihvatite ili odbijete sve kola\u010di\u0107e, prihvatite ili odbijete samo odre\u0111ene vrste kola\u010di\u0107a ili postavite upozorenje da stranica \u017eeli spremiti kola\u010di\u0107 na va\u0161 ure\u0111aj. Tako\u0111er mo\u017eete izbrisati kola\u010di\u0107e koje je preglednik ve\u0107 pohranio na va\u0161 ure\u0111aj. Upozoravamo vas da ako su kola\u010di\u0107i isklju\u010deni, sve funkcionalnosti internetske stranice mo\u017eda ne\u0107e raditi jednako u\u010dinkovito, upozorenje o kori\u0161tenju kola\u010di\u0107a prikazat \u0107e se pri svakom posjetu, a to \u0107e dugoro\u010dno negativno utjecati na va\u0161e korisni\u010dko iskustvo. Postupak promjene postavki kola\u010di\u0107a razlikuje se u svakom pregledniku. Informacije o tome mo\u017eete prona\u0107i pomo\u0107u funkcije &#8220;Pomo\u0107\", posjetite<a href=\"http:\/\/www.aboutcookies.org\/\" target=\"_blank\" rel=\"noopener\">www.aboutcookies.org<\/a>, gdje je zorno obja\u0161njen postupak u svim modernim preglednicima ili nas kontaktirajte putem\u00a0<a href=\"mailto:info@lipro.si\">e-po\u0161te<\/a>. Google Analytics kola\u010di\u0107e tako\u0111er mo\u017eete onemogu\u0107iti prema uputama dostupnim na\u00a0<a href=\"https:\/\/tools.google.com\/dlpage\/gaoptout?hl=en\" target=\"_blank\" rel=\"noopener\">Google Analytics<\/a>\u00a0Vi\u0161e informacija o kola\u010di\u0107ima dostupno je i u\u00a0<a href=\"https:\/\/www.ip-rs.si\/\" target=\"_blank\" rel=\"noopener\">uputama povjerenika za informiranje.<\/a><\/p>\n<p><strong>\u00a0<\/strong><\/p>\n<p><strong>Op\u0107enito<\/strong><\/p>\n<p>Slovensko zakonodavstvo primjenjuje se na sve sporove koji proizlaze iz kori\u0161tenja internetske stranice. Za rje\u0161avanje eventualnih sporova nadle\u017ean je sud u Kopru. Kori\u0161tenjem internetske stranice korisnik potvr\u0111uje da je prihvatio ovdje opisane uvjete te da se s njima sla\u017ee.<\/p>\n<p>\n<\/div><\/div><\/div><\/div><\/div><\/section>\n","protected":false},"excerpt":{"rendered":"","protected":false},"author":3,"featured_media":0,"parent":0,"menu_order":0,"comment_status":"closed","ping_status":"closed","template":"","meta":{"_acf_changed":false,"footnotes":""},"class_list":["post-6529","page","type-page","status-publish","hentry"],"acf":[],"_links":{"self":[{"href":"https:\/\/lipro.pro\/hr\/wp-json\/wp\/v2\/pages\/6529","targetHints":{"allow":["GET"]}}],"collection":[{"href":"https:\/\/lipro.pro\/hr\/wp-json\/wp\/v2\/pages"}],"about":[{"href":"https:\/\/lipro.pro\/hr\/wp-json\/wp\/v2\/types\/page"}],"author":[{"embeddable":true,"href":"https:\/\/lipro.pro\/hr\/wp-json\/wp\/v2\/users\/3"}],"replies":[{"embeddable":true,"href":"https:\/\/lipro.pro\/hr\/wp-json\/wp\/v2\/comments?post=6529"}],"version-history":[{"count":0,"href":"https:\/\/lipro.pro\/hr\/wp-json\/wp\/v2\/pages\/6529\/revisions"}],"wp:attachment":[{"href":"https:\/\/lipro.pro\/hr\/wp-json\/wp\/v2\/media?parent=6529"}],"curies":[{"name":"wp","href":"https:\/\/api.w.org\/{rel}","templated":true}]}}