{"id":6477,"date":"2022-08-04T07:33:47","date_gmt":"2022-08-04T07:33:47","guid":{"rendered":"http:\/\/lipro.razvija.se\/?page_id=6477"},"modified":"2023-01-06T09:16:39","modified_gmt":"2023-01-06T09:16:39","slug":"vazne-prekretnice-u-povijesti","status":"publish","type":"page","link":"https:\/\/lipro.pro\/hr\/o-tvrtki\/vazne-prekretnice-u-povijesti\/","title":{"rendered":"Va\u017ene prekretnice u povijesti"},"content":{"rendered":"<p><section class=\"kc-elm kc-css-753922 kc_row\"><div class=\" container\"><div class=\"row\"><div class=\"kc-elm kc-css-923846 col-lg-12 column col-12\"><div class=\"kc-col-container\">\n<div class=\"kc-elm kc-css-384828 kc-title-wrap \">\n\n\t<h2 class=\"kc_title\">Va\u017ene prekretnice u povijesti<\/h2>\n<\/div>\n<\/div><\/div><\/div><\/div><\/section><section id=\"history\" class=\"kc-elm kc-css-402017 kc_row\"><div class=\" container\"><div class=\"row\"><div class=\"kc-elm kc-css-35474 column col-md-7\"><div class=\"kc-col-container\"><div class=\"kc-elm kc-css-245113 kc_text_block\"><\/p>\n<p>Po\u010deci Lipra se\u017eu u 1998. godinu, kada su Albert i Barbara Pribac pokrenuli poslovanje u obiteljskoj radionici u Kopru.&nbsp;<span style=\"font-style: inherit;\">Zbog \u0161irenja poslovanja svoju djelatnost uskoro sele u ne\u0161to ve\u0107e iznajmljene prostore u Kopru.<\/span><\/p>\n<p>\n<\/div><div class=\"kc-elm kc-css-541867 kc_text_block year\"><\/p>\n<p>1998-2003<\/p>\n<p>\n<\/div><\/div><\/div><\/div><\/div><\/section><section id=\"history\" class=\"kc-elm kc-css-517250 kc_row\"><div class=\" container\"><div class=\"row\"><div class=\"kc-elm kc-css-281074 column col-md-7\"><div class=\"kc-col-container\"><div class=\"kc-elm kc-css-168898 kc_text_block\"><\/p>\n<p>Dobri rezultati rada omogu\u0107uju izgradnju nove hale ve\u0107eg proizvodnog kapaciteta u neposrednoj blizini.\u00a0<span style=\"font-style: inherit;\">Tvrtka proizvodi i razvija prvi sustav lan\u010danih transportera PSC-90.\u00a0<\/span><span style=\"font-style: inherit;\">Slijedi izlazak prvog kataloga &#8220;Modularni sustav\".\u00a0<\/span><span style=\"font-style: inherit;\">Na 12. sajmu Terotech-Odr\u017eavanje u Celju 2006. godine tvrtka je za taj program dobila bron\u010dano priznanje<\/span><\/p>\n<p>\n<\/div><div class=\"kc-elm kc-css-468375 kc_text_block year\"><\/p>\n<p>2004-2007<\/p>\n<p>\n<\/div><\/div><\/div><\/div><\/div><\/section><section id=\"history\" class=\"kc-elm kc-css-48913 kc_row\"><div class=\" container\"><div class=\"row\"><div class=\"kc-elm kc-css-204846 column col-md-7\"><div class=\"kc-col-container\"><div class=\"kc-elm kc-css-224468 kc_text_block\"><\/p>\n<p>Tvrtka bilje\u017ei 10 godina uspje\u0161nog rada. Godine 2009. izdaje katalog TBC transportera. Razvija transportni sustav PS-Solar, pogonsku valja\u010dku prugu PSR 50\/60 i cijevni modularni sustav, za koji na 16. sajmu Terotech odr\u017eavanje u Celju dobiva srebrno priznanje. Slijedi izdavanje kataloga transportnih sustava.<\/p>\n<p>\n<\/div><div class=\"kc-elm kc-css-743813 kc_text_block year\"><\/p>\n<p>2008-2013<\/p>\n<p>\n<\/div><\/div><\/div><\/div><\/div><\/section><section id=\"history\" class=\"kc-elm kc-css-62788 kc_row\"><div class=\" container\"><div class=\"row\"><div class=\"kc-elm kc-css-827360 column col-md-7\"><div class=\"kc-col-container\"><div class=\"kc-elm kc-css-256827 kc_text_block\"><\/p>\n<p>U sije\u010dnju 2014. godine tvrtka se seli na novu lokaciju u Dekane, gdje zaposlenicima omogu\u0107uje bolje uvjete rada. U 2018. godini tvrtka ula\u017ee u ve\u0107e skladi\u0161ne \u200b\u200bkapacitete s ciljem pru\u017eanja br\u017ee i kvalitetnije usluge postoje\u0107im i novim kupcima.<\/p>\n<p>\n<\/div><div class=\"kc-elm kc-css-978956 kc_text_block year\"><\/p>\n<p>2014-2018<\/p>\n<p>\n<\/div><\/div><\/div><\/div><\/div><\/section><section id=\"history\" class=\"kc-elm kc-css-50354 kc_row\"><div class=\" container\"><div class=\"row\"><div class=\"kc-elm kc-css-587004 column col-md-7\"><div class=\"kc-col-container\"><div class=\"kc-elm kc-css-624252 kc_text_block\"><\/p>\n<p>U 2019. godini tvrtka zapo\u010dinje s programom Prijenos naslje\u0111a, s kojim jo\u0161 jasnije zacrtava planove za budu\u0107nost. U 2020. godini tvrtka dobiva va\u017ene certifikate ISO 9001 i ISO 14001. U 2021. godini dodatno \u0107e ulagati u nova podru\u010dja za razvoj i \u0161irenje.<\/p>\n<p>\n<\/div><div class=\"kc-elm kc-css-924240 kc_text_block year\"><\/p>\n<p>2019-2022<\/p>\n<p>\n<\/div><\/div><\/div><\/div><\/div><\/section><\/p>\n","protected":false},"excerpt":{"rendered":"<p>Po\u010deci Lipra se\u017eu u 1998. godinu, kada su Albert i Barbara Pribac pokrenuli poslovanje u obiteljskoj radionici u Kopru &#8230;<\/p>\n","protected":false},"author":3,"featured_media":6251,"parent":7526,"menu_order":0,"comment_status":"closed","ping_status":"closed","template":"page-templates\/fullwidthpage-main.php","meta":{"_acf_changed":false,"footnotes":""},"class_list":["post-6477","page","type-page","status-publish","has-post-thumbnail","hentry"],"acf":[],"_links":{"self":[{"href":"https:\/\/lipro.pro\/hr\/wp-json\/wp\/v2\/pages\/6477","targetHints":{"allow":["GET"]}}],"collection":[{"href":"https:\/\/lipro.pro\/hr\/wp-json\/wp\/v2\/pages"}],"about":[{"href":"https:\/\/lipro.pro\/hr\/wp-json\/wp\/v2\/types\/page"}],"author":[{"embeddable":true,"href":"https:\/\/lipro.pro\/hr\/wp-json\/wp\/v2\/users\/3"}],"replies":[{"embeddable":true,"href":"https:\/\/lipro.pro\/hr\/wp-json\/wp\/v2\/comments?post=6477"}],"version-history":[{"count":0,"href":"https:\/\/lipro.pro\/hr\/wp-json\/wp\/v2\/pages\/6477\/revisions"}],"up":[{"embeddable":true,"href":"https:\/\/lipro.pro\/hr\/wp-json\/wp\/v2\/pages\/7526"}],"wp:featuredmedia":[{"embeddable":true,"href":"https:\/\/lipro.pro\/hr\/wp-json\/wp\/v2\/media\/6251"}],"wp:attachment":[{"href":"https:\/\/lipro.pro\/hr\/wp-json\/wp\/v2\/media?parent=6477"}],"curies":[{"name":"wp","href":"https:\/\/api.w.org\/{rel}","templated":true}]}}