{"id":6342,"date":"2022-08-04T06:54:41","date_gmt":"2022-08-04T06:54:41","guid":{"rendered":"http:\/\/lipro.razvija.se\/?page_id=6342"},"modified":"2023-01-06T14:09:24","modified_gmt":"2023-01-06T14:09:24","slug":"karijera","status":"publish","type":"page","link":"https:\/\/lipro.pro\/hr\/karijera\/","title":{"rendered":"Karijera"},"content":{"rendered":"<p><section id=\"fluid-100\" class=\"kc-elm kc-css-43161 kc_row\"><div class=\" container-fluid\"><div class=\"row\"><div class=\"kc-elm kc-css-138756 column col-md-5\"><div class=\"kc-col-container\"><div class=\"kc-elm kc-css-812786 kc_text_block pb-2\"><\/p>\n<p>Promijenjeni uvjeti na tr\u017ei\u0161tu, globalni trendovi i \u017eelja da vo\u0111enje i upravljanje tvrtkom prenesemo na mla\u0111u generaciju potaknuli su nas da krenemo u pripremu nove strategije tvrtke do 2024. godine, koja uklju\u010duje i kadrovsku strategiju.<\/p>\n<p>\n<\/div><\/div><\/div><\/div><\/div><\/section><section class=\"kc-elm kc-css-972991 kc_row\"><div class=\" container\"><div class=\"row\"><div class=\"kc-elm kc-css-609577 column col-md-8\"><div class=\"kc-col-container\">\n<div class=\"kc-elm kc-css-666819 kc-title-wrap \">\n\n\t<h3 class=\"kc_title pb-2\">Na\u0161a kadrovska strategija pokriva razli\u010dita podru\u010dja:<\/h3>\n<\/div>\n<\/div><\/div><\/div><\/div><\/section><section class=\"kc-elm kc-css-917485 kc_row\"><div class=\" container\"><div class=\"row\"><div class=\"kc-elm kc-css-625958 column col-md-8\"><div class=\"kc-col-container\"><div class=\"kc-elm kc-css-15105 kc_shortcode kc_single_image\">\n\n        <img decoding=\"async\" src=\"https:\/\/lipro.pro\/wp-content\/uploads\/2022\/05\/1.svg\" class=\"\" alt=\"\" title=\"\">    <\/div>\n<div class=\"kc-elm kc-css-780349 kc_text_block\"><\/p>\n<h5>1. Model kompetencija i vrijednosti<\/h5>\n<p>Aktivno razvijamo klju\u010dne odabrane kompetencije, a to su: komunikacijske vje\u0161tine, timski rad, marljivost, prilagodljivost, ustrajnost te u\u010denje i razvoj.<\/p>\n<p>Njegujemo organizacijsku kulturu temeljenu na odabranim vrijednostima koje su vodilja za na\u0161e djelovanje i na\u0161e postupanje.<\/p>\n<p>Sukladno tome, unutar tvrtke se kao klju\u010dna iskazuju \u017eeljena postupanja zaposlenika koja zna\u010dajno utje\u010du na organizacijsku kulturu i poslovne rezultate.<\/p>\n<p>\n<\/div><\/div><\/div><div class=\"kc-elm kc-css-11294 column col-md-8\"><div class=\"kc-col-container\"><div class=\"kc-elm kc-css-346816 kc_shortcode kc_single_image\">\n\n        <img decoding=\"async\" src=\"https:\/\/lipro.pro\/wp-content\/uploads\/2022\/05\/2.svg\" class=\"\" alt=\"\" title=\"\">    <\/div>\n<div class=\"kc-elm kc-css-196144 kc_text_block\"><\/p>\n<h5>2. Zapo\u0161ljavanje novih kadrova<\/h5>\n<p>Na temelju analize potreba za novim kadrovima, provodimo razgovore tijekom kojih kroz otvorenu komunikaciju utvr\u0111ujemo ima li kandidat odgovaraju\u0107e vrijednosti i kompetencije za rad u na\u0161oj tvrtki.<\/p>\n<p>\n<\/div><\/div><\/div><div class=\"kc-elm kc-css-246978 column col-md-8\"><div class=\"kc-col-container\"><div class=\"kc-elm kc-css-187026 kc_shortcode kc_single_image\">\n\n        <img decoding=\"async\" src=\"https:\/\/lipro.pro\/wp-content\/uploads\/2022\/05\/4.svg\" class=\"\" alt=\"\" title=\"\">    <\/div>\n<div class=\"kc-elm kc-css-895651 kc_text_block\"><\/p>\n<h5>3. Razvoj kadrova<\/h5>\n<p>Novog zaposlenika intenzivno pratimo mjese\u010dnim usmjerenim razgovorima koji pozitivno utje\u010du na njegovo uspje\u0161no uklju\u010divanje u tim, na kreativnost, motiviranost i inovativnost.<\/p>\n<p>\n<\/div><\/div><\/div><div class=\"kc-elm kc-css-41811 column col-md-8\"><div class=\"kc-col-container\"><div class=\"kc-elm kc-css-869977 kc_shortcode kc_single_image\">\n\n        <img decoding=\"async\" src=\"https:\/\/lipro.pro\/wp-content\/uploads\/2022\/05\/5.svg\" class=\"\" alt=\"\" title=\"\">    <\/div>\n<div class=\"kc-elm kc-css-541949 kc_text_block\"><\/p>\n<h5>4. Mentorstvo i prakti\u010dno osposobljavanje u\u010denika i studenata<\/h5>\n<p>Uvo\u0111enjem mentorstva poti\u010demo i njegujemo agilnost te prilagodljivost zaposlenika te ih podr\u017eavamo u stjecanju novih znanja, vje\u0161tina i kompetencija te s njima otvoreno razgovaramo o budu\u0107nosti.<\/p>\n<p>Mentorstvo se provodi s novim kolegama, me\u0111ugeneracijski, u okviru prakti\u010dnog osposobljavanja u\u010denika i studenata te u prijenosu znanja izme\u0111u kolega.<\/p>\n<p>\n<\/div><\/div><\/div><div class=\"kc-elm kc-css-977848 column col-md-8\"><div class=\"kc-col-container\"><div class=\"kc-elm kc-css-244248 kc_shortcode kc_single_image\">\n\n        <img decoding=\"async\" src=\"https:\/\/lipro.pro\/wp-content\/uploads\/2022\/05\/3.svg\" class=\"\" alt=\"\" title=\"\">    <\/div>\n<div class=\"kc-elm kc-css-627586 kc_text_block\"><\/p>\n<h5>5. Obrazovanje<\/h5>\n<p>Na\u0161e kolege poti\u010demo na edukaciju iz razli\u010ditih strukovnih podru\u010dja, organiziramo radionice iz podru\u010dja emocionalne inteligencije, upravljanja vremenom i upravljanja stresom, tako\u0111er uz pomo\u0107 redovite tjelesne aktivnosti tijekom radnog vremena.<\/p>\n<p>Radimo s ciljem da je samo fizi\u010dki i psihi\u010dki zdrav zaposlenik sposoban konstruktivno komunicirati i sura\u0111ivati \u200b\u200bte se brzo i u\u010dinkovito prilago\u0111avati svim bitnim promjenama.<\/p>\n<p>\n<\/div><\/div><\/div><\/div><\/div><\/section><section id=\"bg-right\" class=\"kc-elm kc-css-937277 kc_row\"><div class=\" container  buttons-section\"><div class=\"row\"><div class=\"kc-elm kc-css-588782 column col-12 col-md-8\"><div class=\"kc-col-container\">\n<div class=\"kc-elm kc-css-482693 kc-title-wrap \">\n\n\t<h2 class=\"kc_title\">Politika zaposlovanja in razvoj kariere<\/h2>\n<\/div>\n<div class=\"kc-elm kc-css-57588 kc_text_block\"><\/p>\n<p>Sint occaecat cupidatat non proident, sunt in culpa qui officia deserunt mollit anim id est laborum. Sed ut perspiciatis iste natus error sit amet lorem ipsum<\/p>\n<p>\n<\/div>\n<div class=\"kc-elm kc-css-915009\">\n\t<a class=\"kc_button yellow-underline text-light font-weight-bold\" href=\"https:\/\/lipro.pro\/kariera\/politika-zaposlovanja-in-razvoj-kadrov\/\" target=\"_self\" title=\"Politika zaposlovanja in razvoj kadrov\" onclick=\"\">\n\t\tPreberi ve\u010d\t<\/a>\n<\/div>\n<\/div><\/div><\/div><\/div><\/section><section id=\"bg-left\" class=\"kc-elm kc-css-946122 kc_row\"><div class=\" container  right-fp-img\"><div class=\"row\"><div class=\"kc-elm kc-css-522061 column col-12 col-md-8\"><div class=\"kc-col-container\">\n<div class=\"kc-elm kc-css-123566 kc-title-wrap \">\n\n\t<h2 class=\"kc_title\">Programa \u0161tipendiranja dijakov Srednje tehni\u0161ke \u0161ole Koper<\/h2>\n<\/div>\n<div class=\"kc-elm kc-css-310358 kc_text_block\"><\/p>\n<p>Napisati katerim nakupom in kupcem je namenjana eTrgovina in da kupci, ki \u017eelijo kupiti npr. 5 matic, to opravijo v eTrgovini in ne na korpo sajtu<\/p>\n<p>\n<\/div>\n<div class=\"kc-elm kc-css-717269\">\n\t<a class=\"kc_button yellow-underline text-light font-weight-bold\" href=\"#\" onclick=\"\">\n\t\tPreberi ve\u010d\t<\/a>\n<\/div>\n<\/div><\/div><\/div><\/div><\/section><section id=\"career-section\" class=\"kc-elm kc-css-911116 kc_row\"><div class=\" container\"><div class=\"row\"><div class=\"kc-elm kc-css-714756 col-lg-12 column col-12\"><div class=\"kc-col-container\"><div class=\"kc-elm kc-css-61042 kc-raw-code\">\r\n<section id=\"career-section\">\r\n    <div class=\"container\">\r\n\r\n    <h2 class=\"mb-4\">Slobodna radna mjesta<\/h2>\r\n\r\n\r\n        \r\n        <div class=\"row\">\r\n            <div class=\"col-12 col-lg-7\">\r\n\r\n                <div>\r\n                                            <span> <p>Trenutno nema ogla\u0161enih slobodnih radnih mjesta. Pozivamo vas da se <a href=\"https:\/\/lipro.pro\/hr\/upit\/?type=upis-u-bazu-trazitelja-posla\/#contact\" target=\"_blank\" rel=\"noopener\"><strong> prijavite na na\u0161u bazu podataka tra\u017eitelja posla<\/strong><\/a>.<\/p>\n <\/span>\r\n                                    <\/div>\r\n\r\n            <\/div>\r\n        <\/div>\r\n\r\n\r\n        \r\n\r\n\r\n\r\n\r\n    <\/div>\r\n<\/section>\r\n\r\n\r\n\r\n<\/div><\/div><\/div><\/div><\/div><\/section><section class=\"kc-elm kc-css-529802 kc_row career-row\"><div class=\" container\"><div class=\"row\"><div class=\"kc-elm kc-css-454426 col-lg-12 column col-12\"><div class=\"kc-col-container\"><div class=\"div-wrapper kc-elm kc-css-33798 career-inner\">\n<div class=\"kc-elm kc-css-866096 kc-title-wrap \">\n\n\t<h2 class=\"kc_title\">Upis u bazu tra\u017eitelja posla<\/h2>\n<\/div>\n<div class=\"kc-elm kc-css-422434 kc_text_block\"><\/p>\n<p>Ukoliko trenutno nema slobodnih radnih mjesta ili smatrate da raspisana radna mjesta ne odgovaraju va\u0161em profilu, jo\u0161 uvijek nam se mo\u017eete predstaviti u otvorenoj prijavi.<\/p>\n<p>Upisat \u0107emo vas u na\u0161u bazu podataka i kontaktirati kada budemo trebali nove zaposlenike.<\/p>\n<p>\n<\/div>\n<div class=\"kc-elm kc-css-331148\">\n\t<a class=\"kc_button yellow-underline text-light font-weight-bold\" href=\"https:\/\/lipro.pro\/hr\/upit\/?type=upis-u-bazu-trazitelja-posla\/#contact\" target=\"_self\" title=\"Vpis v bazo iskalcev zaposlitve\" onclick=\"\">\n\t\tPo\u0161aljite prijavu i \u017eivotopis\t<\/a>\n<\/div>\n<\/div><\/div><\/div><\/div><\/div><\/section><\/p>\n","protected":false},"excerpt":{"rendered":"<p>Tim predanih zaposlenika koji nudi rje\u0161enja po mjeri kupaca u automatizaciji proizvodnje, na slovenskom i europskom tr\u017ei\u0161tu<\/p>\n","protected":false},"author":3,"featured_media":9130,"parent":0,"menu_order":0,"comment_status":"closed","ping_status":"closed","template":"page-templates\/fullwidthpage-main.php","meta":{"_acf_changed":false,"footnotes":""},"class_list":["post-6342","page","type-page","status-publish","has-post-thumbnail","hentry"],"acf":[],"_links":{"self":[{"href":"https:\/\/lipro.pro\/hr\/wp-json\/wp\/v2\/pages\/6342","targetHints":{"allow":["GET"]}}],"collection":[{"href":"https:\/\/lipro.pro\/hr\/wp-json\/wp\/v2\/pages"}],"about":[{"href":"https:\/\/lipro.pro\/hr\/wp-json\/wp\/v2\/types\/page"}],"author":[{"embeddable":true,"href":"https:\/\/lipro.pro\/hr\/wp-json\/wp\/v2\/users\/3"}],"replies":[{"embeddable":true,"href":"https:\/\/lipro.pro\/hr\/wp-json\/wp\/v2\/comments?post=6342"}],"version-history":[{"count":0,"href":"https:\/\/lipro.pro\/hr\/wp-json\/wp\/v2\/pages\/6342\/revisions"}],"wp:featuredmedia":[{"embeddable":true,"href":"https:\/\/lipro.pro\/hr\/wp-json\/wp\/v2\/media\/9130"}],"wp:attachment":[{"href":"https:\/\/lipro.pro\/hr\/wp-json\/wp\/v2\/media?parent=6342"}],"curies":[{"name":"wp","href":"https:\/\/api.w.org\/{rel}","templated":true}]}}