{"id":6306,"date":"2022-01-06T11:39:41","date_gmt":"2022-01-06T11:39:41","guid":{"rendered":"http:\/\/lipro.razvija.se\/kakovost\/"},"modified":"2024-03-19T11:12:54","modified_gmt":"2024-03-19T11:12:54","slug":"kvaliteta","status":"publish","type":"page","link":"https:\/\/lipro.pro\/hr\/kvaliteta\/","title":{"rendered":"Kvaliteta"},"content":{"rendered":"<p><section class=\"kc-elm kc-css-269953 kc_row\"><div class=\" container\"><div class=\"row\"><div class=\"kc-elm kc-css-218594 col-lg-12 column col-12\"><div class=\"kc-col-container\">\n<div class=\"kc-elm kc-css-926622 kc-title-wrap \">\n\n\t<h2 class=\"kc_title\">Kvaliteta<\/h2>\n<\/div>\n<div class=\"kc-elm kc-css-781916 row\"><div class=\"kc-elm kc-css-362128 col-12 col-lg-8 column_inner\"><div class=\"kc_wrapper kc-col-inner-container\"><div class=\"kc-elm kc-css-114106 kc_text_block\"><\/p>\n<p>Zadovoljstvo klijenata na\u0161 je najve\u0107i cilj, stoga kvalitetu osiguravamo i pobolj\u0161avamo razli\u010ditim pristupima i primjenama.<\/p>\n<p>Povezanost svih podru\u010dja, od operativnih do tehni\u010dkih, klju\u010dna je za najbolju kvalitetu proizvoda. Na\u0161i bri\u017eni dobavlja\u010di i predani zaposlenici vode brigu o tome da na\u0161i proizvodi predstavljaju najvi\u0161i standard kvalitete.<\/p>\n<p>Predanost kvaliteti proizvoda i usluga va\u017ean je dio tvrtke Lipro, zbog \u010dega smo uveli i odr\u017eavamo ISO 9001 standard!<\/p>\n<p>\n<\/div><\/div><\/div><div class=\"kc-elm kc-css-621549 col-12 col-lg-4 column_inner\"><div class=\"kc_wrapper kc-col-inner-container\"><div class=\"kc-elm kc-css-977296 kc_shortcode kc_single_image\">\n\n        <a rel=\"prettyPhoto\" class=\"kc-pretty-photo\" href=\"https:\/\/lipro.pro\/wp-content\/uploads\/2023\/07\/ISO-9001-ANG-pdf.jpg\" title=\"\" target=\"\">\n        <img decoding=\"async\" src=\"https:\/\/lipro.pro\/wp-content\/uploads\/2023\/07\/ISO-9001-ANG-pdf.jpg\" class=\"\" alt=\"\" title=\"\">    <\/a>\n    <\/div>\n<\/div><\/div><\/div><\/div><\/div><\/div><\/div><\/section><section class=\"kc-elm kc-css-149892 kc_row\"><div class=\" container\"><div class=\"row\"><div class=\"kc-elm kc-css-912840 col-lg-12 column col-12\"><div class=\"kc-col-container\">\n<div class=\"kc-elm kc-css-82002 kc-title-wrap \">\n\n\t<h2 class=\"kc_title\">Okoli\u0161<\/h2>\n<\/div>\n<div class=\"kc-elm kc-css-721089 row\"><div class=\"kc-elm kc-css-402978 col-12 col-lg-8 column_inner\"><div class=\"kc_wrapper kc-col-inner-container\"><div class=\"kc-elm kc-css-445245 kc_text_block\"><\/p>\n<p>Tvrtka Lipro veliki naglasak stavlja na za\u0161titu okoli\u0161a, stoga novim procesima proizvodnje na\u0161ih proizvoda nastojimo smanjiti utjecaj na okoli\u0161.<\/p>\n<p>Svakodnevno te\u017eimo kontinuiranom pobolj\u0161anju u podru\u010dju za\u0161tite okoli\u0161a, jer Lipro predstavlja dio dru\u0161tva koji budu\u0107im generacijama \u017eeli omogu\u0107iti \u010dist i zdrav okoli\u0161.<\/p>\n<p>Zbog na\u0161ih na\u010dela za\u0161tite okoli\u0161a uveli smo standard ISO 14001!<\/p>\n<p>\n<\/div><\/div><\/div><div class=\"kc-elm kc-css-444259 col-12 col-lg-4 column_inner\"><div class=\"kc_wrapper kc-col-inner-container\"><div class=\"kc-elm kc-css-394377 kc_shortcode kc_single_image\">\n\n        <a rel=\"prettyPhoto\" class=\"kc-pretty-photo\" href=\"https:\/\/lipro.pro\/wp-content\/uploads\/2023\/07\/ISO-14001-ANG-pdf.jpg\" title=\"\" target=\"\">\n        <img decoding=\"async\" src=\"https:\/\/lipro.pro\/wp-content\/uploads\/2023\/07\/ISO-14001-ANG-pdf.jpg\" class=\"\" alt=\"\" title=\"\">    <\/a>\n    <\/div>\n<\/div><\/div><\/div><\/div><\/div><\/div><\/div><\/section><section class=\"kc-elm kc-css-189892 kc_row\"><div class=\" container\"><div class=\"row\"><div class=\"kc-elm kc-css-343842 col-lg-12 column col-12\"><div class=\"kc-col-container\">\n<div class=\"kc-elm kc-css-668491 kc-title-wrap \">\n\n\t<h2 class=\"kc_title\">Klju\u010dne vrijednosti u tvrtki Lipro<\/h2>\n<\/div>\n<div class=\"kc-elm kc-css-773605 kc_text_block\"><\/p>\n<p>\n<\/div><div class=\"kc-elm kc-css-605222 row\"><div class=\"kc-elm kc-css-285230 col-12 col-lg-12 column_inner\"><div class=\"kc_wrapper kc-col-inner-container\"><div class=\"kc-elm kc-css-238937 kc_shortcode kc_single_image\">\n\n        <img decoding=\"async\" src=\"https:\/\/lipro.pro\/wp-content\/uploads\/2024\/03\/Vrednote-HR-2.jpg\" class=\"\" alt=\"\" title=\"\">    <\/div>\n<\/div><\/div><\/div><\/div><\/div><\/div><\/div><\/section><section class=\"kc-elm kc-css-674600 kc_row\"><div class=\" container\"><div class=\"row\"><div class=\"kc-elm kc-css-481052 col-lg-8 column col-12\"><div class=\"kc-col-container\"><div class=\"kc-elm kc-css-208684 row\"><div class=\"kc-elm kc-css-191138 col-12 col-lg-12 column_inner\"><div class=\"kc_wrapper kc-col-inner-container\"><div class=\"kc-elm kc-css-273977 kc_text_block\"><\/p>\n<p>Zadovoljstvo strank je na\u0161 najve\u010dji cilj zato z razli\u010dnim prijemi ter aplikacijami zagotavljamo ter izbolj\u0161ujemo kakovost.<\/p>\n<p>Za najbolj\u0161o kakovost izdelka je klju\u010dnega pomena povezanost vseh podro\u010dji od operativnih do tehni\u010dnih. Na\u0161i skrbni dobavitelji ter predani zaposleni skrbijo ,da na\u0161i izdelki predstavljajo najvi\u0161ji standard kakovosti.<\/p>\n<p>Zavezanost kakovosti izdelkov ter storitev je v podjetju Lipro zelo pomembno zato smo tudi pridobil ter vzdr\u017eujemo standard ISO 9001!<\/p>\n<p>\n<\/div><\/div><\/div><\/div><\/div><\/div><div class=\"kc-elm kc-css-762915 col-lg-4 column col-12\"><div class=\"kc-col-container\"><div class=\"kc-elm kc-css-159792 row\"><div class=\"kc-elm kc-css-933572 col-12 col-lg-12 column_inner\"><div class=\"kc_wrapper kc-col-inner-container\"><div class=\"kc-elm kc-css-503715 kc_shortcode kc_single_image\">\n\n        <img decoding=\"async\" src=\"https:\/\/lipro.pro\/wp-content\/uploads\/2022\/02\/ISO-SLO-pdf.jpg\" class=\"\" alt=\"\" title=\"\">    <\/div>\n<\/div><\/div><\/div><\/div><\/div><\/div><\/div><\/section><\/p>\n","protected":false},"excerpt":{"rendered":"<p>Tvrtka Lipro jo\u0161 od 1998. godine te\u017ei najboljoj kvaliteti proizvoda i usluga.<\/p>\n","protected":false},"author":9,"featured_media":9148,"parent":0,"menu_order":0,"comment_status":"closed","ping_status":"closed","template":"page-templates\/fullwidthpage-main.php","meta":{"_acf_changed":false,"footnotes":""},"class_list":["post-6306","page","type-page","status-publish","has-post-thumbnail","hentry"],"acf":[],"_links":{"self":[{"href":"https:\/\/lipro.pro\/hr\/wp-json\/wp\/v2\/pages\/6306","targetHints":{"allow":["GET"]}}],"collection":[{"href":"https:\/\/lipro.pro\/hr\/wp-json\/wp\/v2\/pages"}],"about":[{"href":"https:\/\/lipro.pro\/hr\/wp-json\/wp\/v2\/types\/page"}],"author":[{"embeddable":true,"href":"https:\/\/lipro.pro\/hr\/wp-json\/wp\/v2\/users\/9"}],"replies":[{"embeddable":true,"href":"https:\/\/lipro.pro\/hr\/wp-json\/wp\/v2\/comments?post=6306"}],"version-history":[{"count":0,"href":"https:\/\/lipro.pro\/hr\/wp-json\/wp\/v2\/pages\/6306\/revisions"}],"wp:featuredmedia":[{"embeddable":true,"href":"https:\/\/lipro.pro\/hr\/wp-json\/wp\/v2\/media\/9148"}],"wp:attachment":[{"href":"https:\/\/lipro.pro\/hr\/wp-json\/wp\/v2\/media?parent=6306"}],"curies":[{"name":"wp","href":"https:\/\/api.w.org\/{rel}","templated":true}]}}